{"id":56128,"date":"2025-11-19T12:53:01","date_gmt":"2025-11-19T11:53:01","guid":{"rendered":"https:\/\/www.addplus.it\/?page_id=56128"},"modified":"2025-11-19T12:53:01","modified_gmt":"2025-11-19T11:53:01","slug":"por-que-escolher-add-plus-3","status":"publish","type":"page","link":"https:\/\/www.addplus.it\/pt-br\/por-que-escolher-add-plus-3\/","title":{"rendered":"Por que escolher Add plus"},"content":{"rendered":"<div class=\"wpb-content-wrapper\"><p>[vc_row][vc_column css=&#8221;.vc_custom_1627300469424{margin-bottom: 80px !important;}&#8221;][vc_column_text]Escolher usar Add <em>plus<\/em> Media Kit significa adotar uma estrat\u00e9gia de digitaliza\u00e7\u00e3o para aprimorar seu trabalho; da vida cotidiana, daquelas tantas coisas que sempre fizemos com esfor\u00e7o e paix\u00e3o e que n\u00e3o imaginamos podem valer muito al\u00e9m do que nos parece.<\/p>\n<p>V\u00eddeos, web articles, projetos a catalogar, documentos para reuni\u00f5es, prazos a verificar, posts nas nossas redes sociais, a promo\u00e7\u00e3o de servi\u00e7os e produtos, a sua venda online e a satisfa\u00e7\u00e3o de tudo isto pelos outros. Voc\u00ea j\u00e1 pensou que poderia gerenci\u00e1-los todos juntos e em um s\u00f3 lugar? Com Add <em>plus <\/em>voc\u00ea pode agora.<\/p>\n<p>\u00danico, poderoso, f\u00e1cil e pronto para usar.[\/vc_column_text][\/vc_column][vc_column width=&#8221;1\/2&#8243; el_id=&#8221;addplus-accordion&#8221;][vc_tta_accordion gap=&#8221;10&#8243; autoplay=&#8221;10&#8243; c_icon=&#8221;outlined_rounded&#8221; active_section=&#8221;1&#8243;][vc_tta_section title=&#8221;TR\u00caS ALMAS EM UMA.&#8221; tab_id=&#8221;1627293131816-879aa709-631c&#8221;][vc_column_text]Uma ferramenta que combina a alma do multi-link, a da nuvem e a do editor do site. Uma combina\u00e7\u00e3o \u00fanica que permite conectar conte\u00fado online, armazenar na nuvem e editar p\u00e1ginas da web em cole\u00e7\u00f5es multim\u00eddia automatizadas com apenas 1 software. N\u00f3s os chamamos de Media Kit.[\/vc_column_text][\/vc_tta_section][vc_tta_section title=&#8221;MUITAS SOLU\u00c7\u00d5ES PARA SUAS LENTES DIGITAIS.&#8221; tab_id=&#8221;1627293131833-27307ab9-8394&#8243;][vc_column_text]Voc\u00ea pode escolher o Media Kit mais adequado ao seu neg\u00f3cio digital. Uma ferramenta poderosa que oferece uma ampla gama de recursos para editar seus m\u00faltiplos conte\u00fados na forma de cat\u00e1logos, p\u00e1ginas web, apresenta\u00e7\u00f5es multim\u00eddia, arquivos digitais, etiquetas falantes, hor\u00e1rios, etc., sempre execut\u00e1veis \u200b\u200be edit\u00e1veis \u200b\u200bem equipe. Mais solu\u00e7\u00f5es, mais fun\u00e7\u00f5es e muitos modelos, tudo em um s\u00f3 lugar e com as ferramentas certas para atender \u00e0s diferentes necessidades digitais.[\/vc_column_text][\/vc_tta_section][vc_tta_section title=&#8221;UMA &#8220;SOCIAL SHARING&#8220; SIMPLES E UNIVERSAL.&#8221; tab_id=&#8221;1627295326110-b46b4972-79ed&#8221;][vc_column_text]Preencha o seu perfil, encurte o URL e compartilhe o seu Media Kit com qualquer pessoa via e-mail, chat e publica\u00e7\u00f5es nas redes sociais do seu PC, tablet ou smartphone. Verifique as estat\u00edsticas de cliques em seu conte\u00fado; crie sua rede de usu\u00e1rios \/ clientes e verifique o que eles gostam sobre o que voc\u00ea compartilha para refinar suas estrat\u00e9gias de marketing.[\/vc_column_text][\/vc_tta_section][vc_tta_section title=&#8221;PRONTO PARA USAR E SEM CUSTOS ADICIONAIS.&#8221; tab_id=&#8221;1627298495476-bb13b064-df71&#8243;][vc_column_text]N\u00e3o ter\u00e1 que adquirir nenhum dom\u00ednio, nem servidor, nem mesmo os servi\u00e7os de web master para realizar a sua transforma\u00e7\u00e3o digital e estar presente na web. Com Add <em>plus<\/em>, nenhuma habilidade particular \u00e9 necess\u00e1ria: \u00e9 f\u00e1cil e intuitivo. Pronto para usar com v\u00e1rios modelos para serem usados \u200b\u200bimediatamente e personaliz\u00e1veis \u200b\u200bcom sua pr\u00f3pria marca.[\/vc_column_text][\/vc_tta_section][\/vc_tta_accordion][\/vc_column][vc_column width=&#8221;1\/2&#8243;]<div class=\"centered-box gem-image-centered-box\" ><div class=\"gem-image gem-wrapbox gem-wrapbox-style-default gem-wrapbox-position-centered lazy-loading  thegem-custom-69e78126358ae4312\"  data-ll-item-delay=\"0.3\" style=\"width: 250px;\" ><div class=\"gem-wrapbox-inner  lazy-loading-item\"  data-ll-effect=\"move-up\"><img class=\"gem-wrapbox-element img-responsive\" src=\"https:\/\/www.addplus.it\/wp-content\/uploads\/2021\/08\/food-blogger-informativo.png\" alt=\"Exemplo de Media Kit\"\/><\/div><\/div><\/div>[\/vc_column][\/vc_row][vc_row full_width=&#8221;stretch_row&#8221; css=&#8221;.vc_custom_1627291980734{padding-top: 180px !important;padding-bottom: 50px !important;background-image: url(https:\/\/www.addplus.it\/wp-content\/uploads\/2021\/07\/Sfondo-call-pre-footer.png?id=37196) !important;background-position: center !important;background-repeat: no-repeat !important;background-size: cover !important;}&#8221;][vc_column][vc_column_text]<\/p>\n<h3 style=\"text-align: center;\"><span style=\"color: #ffffff;\">Seus Media Kit est\u00e3o esperando por voc\u00ea.<\/span><\/h3>\n<p>[\/vc_column_text][vc_row_inner][vc_column_inner width=&#8221;1\/4&#8243; offset=&#8221;vc_hidden-sm vc_hidden-xs&#8221;][\/vc_column_inner][vc_column_inner width=&#8221;1\/2&#8243; offset=&#8221;vc_col-lg-3 vc_col-md-3&#8243;]<style type=\"text\/css\">.thegem-button-69e7812635c3e8493.lazy-loading-before-start-animation .lazy-loading-item {opacity: 0;} body.thegem-effects-disabled .thegem-button-69e7812635c3e8493.lazy-loading-before-start-animation .lazy-loading-item {opacity: 1;}<\/style><style type=\"text\/css\">.thegem-button-69e7812635c3e8493 .gem-button svg {fill: #ffffff;}.thegem-button-69e7812635c3e8493 .gem-button:hover svg {fill: #8494c8;}<\/style><div class=\"gem-button-container gem-button-position-center thegem-button-69e7812635c3e8493     lazy-loading lazy-loading-before-start-animation\"  ><a class=\"gem-button gem-button-size-medium gem-button-style-outline gem-button-text-weight-normal gem-button-border-2 lazy-loading-item\" data-ll-effect=\"drop-right-without-wrap\" style=\"border-radius: 8px;border-color: #ffffff;color: #ffffff;\" onmouseleave=\"this.style.borderColor='#ffffff';this.style.backgroundColor='transparent';this.style.color='#ffffff';\" onmouseenter=\"this.style.backgroundColor='#ffffff';this.style.color='#8494c8';\" href=\"https:\/\/www.addplus.it\/pt-br\/planos-e-precos\/\" target=\"_blank\">Escolha o seu plano<\/a><\/div> [\/vc_column_inner][vc_column_inner width=&#8221;1\/2&#8243; offset=&#8221;vc_col-lg-3 vc_col-md-3&#8243;]<style type=\"text\/css\">.thegem-button-69e7812635cd01319.lazy-loading-before-start-animation .lazy-loading-item {opacity: 0;} body.thegem-effects-disabled .thegem-button-69e7812635cd01319.lazy-loading-before-start-animation .lazy-loading-item {opacity: 1;}<\/style><style type=\"text\/css\">.thegem-button-69e7812635cd01319 .gem-button svg {fill: #8494c8;}.thegem-button-69e7812635cd01319 .gem-button:hover svg {fill: #556599;}<\/style><div class=\"gem-button-container gem-button-position-center thegem-button-69e7812635cd01319     lazy-loading lazy-loading-before-start-animation\"  ><a class=\"gem-button gem-button-size-medium gem-button-style-flat gem-button-text-weight-normal lazy-loading-item\" data-ll-effect=\"drop-right-without-wrap\" style=\"border-radius: 8px;background-color: #ffffff;color: #8494c8;\" onmouseleave=\"this.style.backgroundColor='#ffffff';this.style.color='#8494c8';\" onmouseenter=\"this.style.backgroundColor='#ffffff';this.style.color='#556599';\" href=\"https:\/\/qrcode.addplus.it\/public\/registra\/gratuito?lang=pt\" target=\"_blank\">Registre-se gr\u00e1tis<\/a><\/div> [\/vc_column_inner][vc_column_inner width=&#8221;1\/4&#8243; offset=&#8221;vc_hidden-sm vc_hidden-xs&#8221;][\/vc_column_inner][\/vc_row_inner][\/vc_column][\/vc_row]<\/p>\n<\/div>","protected":false},"excerpt":{"rendered":"<p>[vc_row][vc_column css=&#8221;.vc_custom_1627300469424{margin-bottom: 80px !important;}&#8221;][vc_column_text]Escolher usar Add plus Media Kit significa adotar uma estrat\u00e9gia de digitaliza\u00e7\u00e3o para aprimorar seu trabalho; da&#8230;<\/p>\n","protected":false},"author":1,"featured_media":57648,"parent":0,"menu_order":0,"comment_status":"closed","ping_status":"closed","template":"","meta":{"footnotes":""},"class_list":["post-56128","page","type-page","status-publish","has-post-thumbnail"],"yoast_head":"<!-- This site is optimized with the Yoast SEO plugin v26.7 - https:\/\/yoast.com\/wordpress\/plugins\/seo\/ -->\n<title>Media Kit, por que escolh\u00ea-los para vincular seu conte\u00fado | Add plus<\/title>\n<meta name=\"description\" content=\"Media Kit para seu neg\u00f3cio digital. Uma ferramenta que combina a alma do multi-link, a da nuvem e a do editor do site.\" \/>\n<meta name=\"robots\" content=\"index, follow, max-snippet:-1, max-image-preview:large, max-video-preview:-1\" \/>\n<link rel=\"canonical\" href=\"https:\/\/www.addplus.it\/pt-br\/por-que-escolher-add-plus-3\/\" \/>\n<meta property=\"og:locale\" content=\"pt_BR\" \/>\n<meta property=\"og:type\" content=\"article\" \/>\n<meta property=\"og:title\" content=\"Media Kit, por que escolh\u00ea-los para vincular seu conte\u00fado | Add plus\" \/>\n<meta property=\"og:description\" content=\"Media Kit para seu neg\u00f3cio digital. Uma ferramenta que combina a alma do multi-link, a da nuvem e a do editor do site.\" \/>\n<meta property=\"og:url\" content=\"https:\/\/www.addplus.it\/pt-br\/por-que-escolher-add-plus-3\/\" \/>\n<meta property=\"og:site_name\" content=\"Add plus\" \/>\n<meta property=\"og:image\" content=\"https:\/\/www.addplus.it\/wp-content\/uploads\/2025\/04\/TOCC-Transizione-digitale.jpg\" \/>\n\t<meta property=\"og:image:width\" content=\"1024\" \/>\n\t<meta property=\"og:image:height\" content=\"682\" \/>\n\t<meta property=\"og:image:type\" content=\"image\/jpeg\" \/>\n<meta name=\"twitter:card\" content=\"summary_large_image\" \/>\n<meta name=\"twitter:label1\" content=\"Est. tempo de leitura\" \/>\n\t<meta name=\"twitter:data1\" content=\"3 minutos\" \/>\n<script type=\"application\/ld+json\" class=\"yoast-schema-graph\">{\"@context\":\"https:\/\/schema.org\",\"@graph\":[{\"@type\":\"WebPage\",\"@id\":\"https:\/\/www.addplus.it\/pt-br\/por-que-escolher-add-plus-3\/\",\"url\":\"https:\/\/www.addplus.it\/pt-br\/por-que-escolher-add-plus-3\/\",\"name\":\"Media Kit, por que escolh\u00ea-los para vincular seu conte\u00fado | Add plus\",\"isPartOf\":{\"@id\":\"https:\/\/www.addplus.it\/pt-br\/#website\"},\"primaryImageOfPage\":{\"@id\":\"https:\/\/www.addplus.it\/pt-br\/por-que-escolher-add-plus-3\/#primaryimage\"},\"image\":{\"@id\":\"https:\/\/www.addplus.it\/pt-br\/por-que-escolher-add-plus-3\/#primaryimage\"},\"thumbnailUrl\":\"https:\/\/www.addplus.it\/wp-content\/uploads\/2025\/04\/TOCC-Transizione-digitale.jpg\",\"datePublished\":\"2025-11-19T11:53:01+00:00\",\"description\":\"Media Kit para seu neg\u00f3cio digital. Uma ferramenta que combina a alma do multi-link, a da nuvem e a do editor do site.\",\"breadcrumb\":{\"@id\":\"https:\/\/www.addplus.it\/pt-br\/por-que-escolher-add-plus-3\/#breadcrumb\"},\"inLanguage\":\"pt-BR\",\"potentialAction\":[{\"@type\":\"ReadAction\",\"target\":[\"https:\/\/www.addplus.it\/pt-br\/por-que-escolher-add-plus-3\/\"]}]},{\"@type\":\"ImageObject\",\"inLanguage\":\"pt-BR\",\"@id\":\"https:\/\/www.addplus.it\/pt-br\/por-que-escolher-add-plus-3\/#primaryimage\",\"url\":\"https:\/\/www.addplus.it\/wp-content\/uploads\/2025\/04\/TOCC-Transizione-digitale.jpg\",\"contentUrl\":\"https:\/\/www.addplus.it\/wp-content\/uploads\/2025\/04\/TOCC-Transizione-digitale.jpg\",\"width\":1024,\"height\":682},{\"@type\":\"BreadcrumbList\",\"@id\":\"https:\/\/www.addplus.it\/pt-br\/por-que-escolher-add-plus-3\/#breadcrumb\",\"itemListElement\":[{\"@type\":\"ListItem\",\"position\":1,\"name\":\"Home\",\"item\":\"https:\/\/www.addplus.it\/pt-br\/\"},{\"@type\":\"ListItem\",\"position\":2,\"name\":\"Por que escolher Add plus\"}]},{\"@type\":\"WebSite\",\"@id\":\"https:\/\/www.addplus.it\/pt-br\/#website\",\"url\":\"https:\/\/www.addplus.it\/pt-br\/\",\"name\":\"Add plus\",\"description\":\"Il primo Gestore Multi-link per Professionisti e PMI\",\"publisher\":{\"@id\":\"https:\/\/www.addplus.it\/pt-br\/#organization\"},\"potentialAction\":[{\"@type\":\"SearchAction\",\"target\":{\"@type\":\"EntryPoint\",\"urlTemplate\":\"https:\/\/www.addplus.it\/pt-br\/?s={search_term_string}\"},\"query-input\":{\"@type\":\"PropertyValueSpecification\",\"valueRequired\":true,\"valueName\":\"search_term_string\"}}],\"inLanguage\":\"pt-BR\"},{\"@type\":\"Organization\",\"@id\":\"https:\/\/www.addplus.it\/pt-br\/#organization\",\"name\":\"Add plus\",\"url\":\"https:\/\/www.addplus.it\/pt-br\/\",\"logo\":{\"@type\":\"ImageObject\",\"inLanguage\":\"pt-BR\",\"@id\":\"https:\/\/www.addplus.it\/pt-br\/#\/schema\/logo\/image\/\",\"url\":\"https:\/\/www.addplus.it\/wp-content\/uploads\/2019\/09\/logo-add-plus.png\",\"contentUrl\":\"https:\/\/www.addplus.it\/wp-content\/uploads\/2019\/09\/logo-add-plus.png\",\"width\":400,\"height\":300,\"caption\":\"Add plus\"},\"image\":{\"@id\":\"https:\/\/www.addplus.it\/pt-br\/#\/schema\/logo\/image\/\"}}]}<\/script>\n<!-- \/ Yoast SEO plugin. -->","yoast_head_json":{"title":"Media Kit, por que escolh\u00ea-los para vincular seu conte\u00fado | Add plus","description":"Media Kit para seu neg\u00f3cio digital. Uma ferramenta que combina a alma do multi-link, a da nuvem e a do editor do site.","robots":{"index":"index","follow":"follow","max-snippet":"max-snippet:-1","max-image-preview":"max-image-preview:large","max-video-preview":"max-video-preview:-1"},"canonical":"https:\/\/www.addplus.it\/pt-br\/por-que-escolher-add-plus-3\/","og_locale":"pt_BR","og_type":"article","og_title":"Media Kit, por que escolh\u00ea-los para vincular seu conte\u00fado | Add plus","og_description":"Media Kit para seu neg\u00f3cio digital. Uma ferramenta que combina a alma do multi-link, a da nuvem e a do editor do site.","og_url":"https:\/\/www.addplus.it\/pt-br\/por-que-escolher-add-plus-3\/","og_site_name":"Add plus","og_image":[{"width":1024,"height":682,"url":"https:\/\/www.addplus.it\/wp-content\/uploads\/2025\/04\/TOCC-Transizione-digitale.jpg","type":"image\/jpeg"}],"twitter_card":"summary_large_image","twitter_misc":{"Est. tempo de leitura":"3 minutos"},"schema":{"@context":"https:\/\/schema.org","@graph":[{"@type":"WebPage","@id":"https:\/\/www.addplus.it\/pt-br\/por-que-escolher-add-plus-3\/","url":"https:\/\/www.addplus.it\/pt-br\/por-que-escolher-add-plus-3\/","name":"Media Kit, por que escolh\u00ea-los para vincular seu conte\u00fado | Add plus","isPartOf":{"@id":"https:\/\/www.addplus.it\/pt-br\/#website"},"primaryImageOfPage":{"@id":"https:\/\/www.addplus.it\/pt-br\/por-que-escolher-add-plus-3\/#primaryimage"},"image":{"@id":"https:\/\/www.addplus.it\/pt-br\/por-que-escolher-add-plus-3\/#primaryimage"},"thumbnailUrl":"https:\/\/www.addplus.it\/wp-content\/uploads\/2025\/04\/TOCC-Transizione-digitale.jpg","datePublished":"2025-11-19T11:53:01+00:00","description":"Media Kit para seu neg\u00f3cio digital. Uma ferramenta que combina a alma do multi-link, a da nuvem e a do editor do site.","breadcrumb":{"@id":"https:\/\/www.addplus.it\/pt-br\/por-que-escolher-add-plus-3\/#breadcrumb"},"inLanguage":"pt-BR","potentialAction":[{"@type":"ReadAction","target":["https:\/\/www.addplus.it\/pt-br\/por-que-escolher-add-plus-3\/"]}]},{"@type":"ImageObject","inLanguage":"pt-BR","@id":"https:\/\/www.addplus.it\/pt-br\/por-que-escolher-add-plus-3\/#primaryimage","url":"https:\/\/www.addplus.it\/wp-content\/uploads\/2025\/04\/TOCC-Transizione-digitale.jpg","contentUrl":"https:\/\/www.addplus.it\/wp-content\/uploads\/2025\/04\/TOCC-Transizione-digitale.jpg","width":1024,"height":682},{"@type":"BreadcrumbList","@id":"https:\/\/www.addplus.it\/pt-br\/por-que-escolher-add-plus-3\/#breadcrumb","itemListElement":[{"@type":"ListItem","position":1,"name":"Home","item":"https:\/\/www.addplus.it\/pt-br\/"},{"@type":"ListItem","position":2,"name":"Por que escolher Add plus"}]},{"@type":"WebSite","@id":"https:\/\/www.addplus.it\/pt-br\/#website","url":"https:\/\/www.addplus.it\/pt-br\/","name":"Add plus","description":"Il primo Gestore Multi-link per Professionisti e PMI","publisher":{"@id":"https:\/\/www.addplus.it\/pt-br\/#organization"},"potentialAction":[{"@type":"SearchAction","target":{"@type":"EntryPoint","urlTemplate":"https:\/\/www.addplus.it\/pt-br\/?s={search_term_string}"},"query-input":{"@type":"PropertyValueSpecification","valueRequired":true,"valueName":"search_term_string"}}],"inLanguage":"pt-BR"},{"@type":"Organization","@id":"https:\/\/www.addplus.it\/pt-br\/#organization","name":"Add plus","url":"https:\/\/www.addplus.it\/pt-br\/","logo":{"@type":"ImageObject","inLanguage":"pt-BR","@id":"https:\/\/www.addplus.it\/pt-br\/#\/schema\/logo\/image\/","url":"https:\/\/www.addplus.it\/wp-content\/uploads\/2019\/09\/logo-add-plus.png","contentUrl":"https:\/\/www.addplus.it\/wp-content\/uploads\/2019\/09\/logo-add-plus.png","width":400,"height":300,"caption":"Add plus"},"image":{"@id":"https:\/\/www.addplus.it\/pt-br\/#\/schema\/logo\/image\/"}}]}},"_links":{"self":[{"href":"https:\/\/www.addplus.it\/pt-br\/wp-json\/wp\/v2\/pages\/56128","targetHints":{"allow":["GET"]}}],"collection":[{"href":"https:\/\/www.addplus.it\/pt-br\/wp-json\/wp\/v2\/pages"}],"about":[{"href":"https:\/\/www.addplus.it\/pt-br\/wp-json\/wp\/v2\/types\/page"}],"author":[{"embeddable":true,"href":"https:\/\/www.addplus.it\/pt-br\/wp-json\/wp\/v2\/users\/1"}],"replies":[{"embeddable":true,"href":"https:\/\/www.addplus.it\/pt-br\/wp-json\/wp\/v2\/comments?post=56128"}],"version-history":[{"count":1,"href":"https:\/\/www.addplus.it\/pt-br\/wp-json\/wp\/v2\/pages\/56128\/revisions"}],"predecessor-version":[{"id":73337,"href":"https:\/\/www.addplus.it\/pt-br\/wp-json\/wp\/v2\/pages\/56128\/revisions\/73337"}],"wp:featuredmedia":[{"embeddable":true,"href":"https:\/\/www.addplus.it\/pt-br\/wp-json\/wp\/v2\/media\/57648"}],"wp:attachment":[{"href":"https:\/\/www.addplus.it\/pt-br\/wp-json\/wp\/v2\/media?parent=56128"}],"curies":[{"name":"wp","href":"https:\/\/api.w.org\/{rel}","templated":true}]}}