{"id":56116,"date":"2025-03-24T11:19:48","date_gmt":"2025-03-24T10:19:48","guid":{"rendered":"https:\/\/www.addplus.it\/?page_id=56116"},"modified":"2025-11-19T12:51:40","modified_gmt":"2025-11-19T11:51:40","slug":"projeto-de-catalogacao-automatica","status":"publish","type":"page","link":"https:\/\/www.addplus.it\/pt-br\/projeto-de-catalogacao-automatica\/","title":{"rendered":"Projeto de Cataloga\u00e7\u00e3o Autom\u00e1tica"},"content":{"rendered":"<div class=\"wpb-content-wrapper\"><p>[vc_row][vc_column css=&#8221;.vc_custom_1627300469424{margin-bottom: 80px !important;}&#8221;][vc_column_text css=&#8221;&#8221;]<\/p>\n<h2 class=\"title-h2\">Descri\u00e7\u00e3o da patente<\/h2>\n<p>A patente diz respeito ao m\u00e9todo para automatizar os processos de marca\u00e7\u00e3o e cataloga\u00e7\u00e3o de recursos digitais e\/ou em papel (a serem digitalizados) em uma estrutura de arquivamento online. O objetivo do m\u00e9todo \u00e9 realizar uma automa\u00e7\u00e3o no arquivamento dos recursos mencionados que permita associ\u00e1-los a um marcador, do tipo QR Code, e poder catalogar tamb\u00e9m pastas e subpastas atribuindo a estas outro marcador do tipo QR Code que permita sua rastreabilidade. O objetivo, portanto, \u00e9 catalogar tipos de documentos on-line e pastas de armazenamento massivo do PC, transformando as pastas em fich\u00e1rios digitais edit\u00e1veis \u200b\u200b(Media Kit), contendo os documentos a serem arquivados na nuvem e, associando-os aos rastreadores, rastrear a posi\u00e7\u00e3o na estrutura de armazenamento on-line, o que permitir\u00e1 expandir o conte\u00fado com tipos de m\u00eddia heterog\u00eaneos (v\u00eddeo, imagens, url, etc.).<\/p>\n<h2 class=\"title-h2\">Descri\u00e7\u00e3o do projeto financiado<\/h2>\n<p>O projeto de valoriza\u00e7\u00e3o a que se refere o Edital Brevetti+ foi implementado por meio de an\u00e1lises e verifica\u00e7\u00f5es preliminares de viabilidade t\u00e9cnica e posterior desenho da arquitetura de software para o futuro desenvolvimento do software a ser implementado na estrutura da plataforma Addplus\u00ae que foi concebida como \u201cestrutura de arquivamento\u201d para os servi\u00e7os de automa\u00e7\u00e3o do m\u00e9todo patenteado. Os servi\u00e7os especializados solicitados com o projeto em exposi\u00e7\u00e3o diziam respeito \u00e0 \u00e1rea de design. O conjunto de servi\u00e7os necess\u00e1rios \u00e0 valoriza\u00e7\u00e3o da patente dizia respeito essencialmente \u00e0 macro\u00e1rea A e minimamente \u00e0 macro\u00e1rea B, conforme previsto no art. 7\u00ba do edital.<br \/>\nMais especificamente, o plano previa a aquisi\u00e7\u00e3o do seguinte:<\/p>\n<ul>\n<li>estudo de viabilidade (A);<\/li>\n<li>an\u00e1lise e defini\u00e7\u00e3o da arquitetura de software do m\u00e9todo patenteado (A);<\/li>\n<li>plano estrat\u00e9gico de comunica\u00e7\u00e3o e promo\u00e7\u00e3o (B)<\/li>\n<\/ul>\n<p><strong><em>&#8211; Estudo de Viabilidade, funcionalidade na estrat\u00e9gia de valoriza\u00e7\u00e3o &#8211;<\/em><\/strong><\/p>\n<p>O objetivo espec\u00edfico do Estudo de Viabilidade foi identificar os processos de desenvolvimento de TI a serem projetados como arquitetura de software para integra\u00e7\u00e3o na plataforma Addplus\u00ae para as novas fun\u00e7\u00f5es do m\u00e9todo patenteado, que podem ser amplamente resumidos como:<\/p>\n<ul>\n<li>defini\u00e7\u00e3o e descri\u00e7\u00e3o do processo de cataloga\u00e7\u00e3o autom\u00e1tica dentro da estrutura de gest\u00e3o Addplus\u00ae dos recursos documentais adquiridos;<\/li>\n<li>defini\u00e7\u00e3o e descri\u00e7\u00e3o do processo de cataloga\u00e7\u00e3o autom\u00e1tica dentro da estrutura de gest\u00e3o Addplus\u00ae de um conjunto de recursos documentais organizados em pastas, subpastas e documentos para<\/li>\n<\/ul>\n<p><strong><em>&#8211; An\u00e1lise e defini\u00e7\u00e3o da arquitetura do Software, funcionalidade na estrat\u00e9gia de valoriza\u00e7\u00e3o &#8211;<\/em><\/strong><\/p>\n<p>Este \u00e9 o servi\u00e7o mais substancial no plano de servi\u00e7os projetado, dada a natureza do m\u00e9todo patenteado. O Projeto concentrou-se principalmente na an\u00e1lise da estrutura atual do software e posterior verifica\u00e7\u00e3o da poss\u00edvel implementa\u00e7\u00e3o dos processos ilustrados no estudo de viabilidade para definir e descrever os procedimentos funcionais a serem implementados na plataforma para cria\u00e7\u00e3o do m\u00e9todo patenteado; ao mesmo tempo, foi realizada uma verifica\u00e7\u00e3o de coer\u00eancia funcional com a plataforma existente, a fim de tornar o desenvolvimento futuro do c\u00f3digo perfeitamente integr\u00e1vel, tamb\u00e9m do ponto de vista gr\u00e1fico e em termos dos n\u00edveis de otimiza\u00e7\u00e3o da &#8220;experi\u00eancia do usu\u00e1rio&#8221;.<\/p>\n<p>A patente diz respeito ao m\u00e9todo para automatizar os processos de marca\u00e7\u00e3o e cataloga\u00e7\u00e3o de recursos digitais e\/ou em papel (a serem digitalizados) em uma estrutura de arquivamento online. O objetivo do m\u00e9todo \u00e9 realizar uma automa\u00e7\u00e3o no arquivamento dos recursos mencionados que permita associ\u00e1-los a um marcador, do tipo QR Code, e poder catalogar tamb\u00e9m pastas e subpastas atribuindo a estas outro marcador do tipo QR Code que permita sua rastreabilidade. O objetivo, portanto, \u00e9 catalogar tipos de documentos on-line e pastas de armazenamento massivo do PC, transformando as pastas em fich\u00e1rios digitais edit\u00e1veis \u200b\u200b(Media Kit), contendo os documentos a serem arquivados na nuvem e, associando-os aos rastreadores, rastrear a posi\u00e7\u00e3o na estrutura de armazenamento on-line, o que permitir\u00e1 expandir o conte\u00fado com tipos de m\u00eddia heterog\u00eaneos (v\u00eddeo, imagens, url, etc.).<\/p>\n<h2 class=\"title-h2\">Objetivo da patente<\/h2>\n<p>A estrat\u00e9gia para o m\u00e9todo patenteado \u00e9 baseada na automa\u00e7\u00e3o do processo de cataloga\u00e7\u00e3o e arquivamento em massa de recursos de documentos digitais e pastas e subpastas relacionadas que os cont\u00eam, para alcan\u00e7ar:<\/p>\n<ul>\n<li>a implementa\u00e7\u00e3o da rastreabilidade de recursos com a gera\u00e7\u00e3o\/associa\u00e7\u00e3o\/aplica\u00e7\u00e3o de marcadores de leitura \u00f3ptica;<\/li>\n<li>aumento do armazenamento de conte\u00fado convertendo pastas e subpastas em kits de m\u00eddia on-line;<\/li>\n<li>a partilha destes conte\u00fados \u201cempacotados\u201d com terceiros, tanto para implementar formas de co-working no ambiente digital como para publica\u00e7\u00e3o de atividades em chats, redes sociais ou e-mailing para comunica\u00e7\u00e3o corporativa.<\/li>\n<\/ul>\n<p><strong>Projeto financiado pela medida Brevetti+ com fundos da Uni\u00e3o Europeia &#8211; &#8220;NextGenerationEU&#8221;.<br \/>\nCLP: BRE0001493; CUP C59J23000260008 &#8211; Projeto de valoriza\u00e7\u00e3o da Patente n\u00b0 102017000101442 de 07\/04\/2020<\/strong>[\/vc_column_text][vc_single_image image=&#8221;56169&#8243; img_size=&#8221;&#8221; css=&#8221;&#8221;][\/vc_column][\/vc_row][vc_row full_width=&#8221;stretch_row&#8221; css=&#8221;.vc_custom_1627291980734{padding-top: 180px !important;padding-bottom: 50px !important;background-image: url(https:\/\/www.addplus.it\/wp-content\/uploads\/2021\/07\/Sfondo-call-pre-footer.png?id=37196) !important;background-position: center !important;background-repeat: no-repeat !important;background-size: cover !important;}&#8221;][vc_column][vc_column_text css=&#8221;&#8221;]<\/p>\n<h3 style=\"text-align: center;\"><span style=\"color: #ffffff;\">Seus kits de m\u00eddia est\u00e3o esperando por voc\u00ea.<\/span><\/h3>\n<p>[\/vc_column_text][vc_row_inner][vc_column_inner width=&#8221;1\/4&#8243; offset=&#8221;vc_hidden-sm vc_hidden-xs&#8221;][\/vc_column_inner][vc_column_inner width=&#8221;1\/2&#8243; offset=&#8221;vc_col-lg-3 vc_col-md-3&#8243;]<style type=\"text\/css\">.thegem-button-69e76bd79a2079442.lazy-loading-before-start-animation .lazy-loading-item {opacity: 0;} body.thegem-effects-disabled .thegem-button-69e76bd79a2079442.lazy-loading-before-start-animation .lazy-loading-item {opacity: 1;}<\/style><style type=\"text\/css\">.thegem-button-69e76bd79a2079442 .gem-button svg {fill: #ffffff;}.thegem-button-69e76bd79a2079442 .gem-button:hover svg {fill: #8494c8;}<\/style><div class=\"gem-button-container gem-button-position-center thegem-button-69e76bd79a2079442     lazy-loading lazy-loading-before-start-animation\"  ><a title=\"Planos\" class=\"gem-button gem-button-size-medium gem-button-style-outline gem-button-text-weight-normal gem-button-border-2 lazy-loading-item\" data-ll-effect=\"drop-right-without-wrap\" style=\"border-radius: 8px;border-color: #ffffff;color: #ffffff;\" onmouseleave=\"this.style.borderColor='#ffffff';this.style.backgroundColor='transparent';this.style.color='#ffffff';\" onmouseenter=\"this.style.backgroundColor='#ffffff';this.style.color='#8494c8';\" href=\"https:\/\/www.addplus.it\/pt-br\/planos-e-precos\/\" target=\"_blank\">Escolha seu plano<\/a><\/div> [\/vc_column_inner][vc_column_inner width=&#8221;1\/2&#8243; offset=&#8221;vc_col-lg-3 vc_col-md-3&#8243;]<style type=\"text\/css\">.thegem-button-69e76bd79a2874383.lazy-loading-before-start-animation .lazy-loading-item {opacity: 0;} body.thegem-effects-disabled .thegem-button-69e76bd79a2874383.lazy-loading-before-start-animation .lazy-loading-item {opacity: 1;}<\/style><style type=\"text\/css\">.thegem-button-69e76bd79a2874383 .gem-button svg {fill: #8494c8;}.thegem-button-69e76bd79a2874383 .gem-button:hover svg {fill: #556599;}<\/style><div class=\"gem-button-container gem-button-position-center thegem-button-69e76bd79a2874383     lazy-loading lazy-loading-before-start-animation\"  ><a class=\"gem-button gem-button-size-medium gem-button-style-flat gem-button-text-weight-normal lazy-loading-item\" data-ll-effect=\"drop-right-without-wrap\" style=\"border-radius: 8px;background-color: #ffffff;color: #8494c8;\" onmouseleave=\"this.style.backgroundColor='#ffffff';this.style.color='#8494c8';\" onmouseenter=\"this.style.backgroundColor='#ffffff';this.style.color='#556599';\" href=\"https:\/\/qrcode.addplus.it\/public\/registra\/gratuito?lang=pt\" target=\"_blank\">Inscreva-se gr\u00e1tis<\/a><\/div> [\/vc_column_inner][vc_column_inner width=&#8221;1\/4&#8243; offset=&#8221;vc_hidden-sm vc_hidden-xs&#8221;][\/vc_column_inner][\/vc_row_inner][\/vc_column][\/vc_row]<\/p>\n<\/div>","protected":false},"excerpt":{"rendered":"<p>[vc_row][vc_column css=&#8221;.vc_custom_1627300469424{margin-bottom: 80px !important;}&#8221;][vc_column_text css=&#8221;&#8221;] Descri\u00e7\u00e3o da patente A patente diz respeito ao m\u00e9todo para automatizar os processos de marca\u00e7\u00e3o&#8230;<\/p>\n","protected":false},"author":1,"featured_media":57650,"parent":0,"menu_order":0,"comment_status":"closed","ping_status":"closed","template":"","meta":{"footnotes":""},"class_list":["post-56116","page","type-page","status-publish","has-post-thumbnail"],"yoast_head":"<!-- This site is optimized with the Yoast SEO plugin v26.7 - https:\/\/yoast.com\/wordpress\/plugins\/seo\/ -->\n<title>Projeto de Cataloga\u00e7\u00e3o Autom\u00e1tica | Add plus<\/title>\n<meta name=\"description\" content=\"Descubra o projeto de Cataloga\u00e7\u00e3o Autom\u00e1tica financiado pela medida Brevetti+ com fundos da Uni\u00e3o Europeia \u2013 \u201cNextGenerationEU\u201d.\" \/>\n<meta name=\"robots\" content=\"index, follow, max-snippet:-1, max-image-preview:large, max-video-preview:-1\" \/>\n<link rel=\"canonical\" href=\"https:\/\/www.addplus.it\/pt-br\/projeto-de-catalogacao-automatica\/\" \/>\n<meta property=\"og:locale\" content=\"pt_BR\" \/>\n<meta property=\"og:type\" content=\"article\" \/>\n<meta property=\"og:title\" content=\"Projeto de Cataloga\u00e7\u00e3o Autom\u00e1tica | Add plus\" \/>\n<meta property=\"og:description\" content=\"Descubra o projeto de Cataloga\u00e7\u00e3o Autom\u00e1tica financiado pela medida Brevetti+ com fundos da Uni\u00e3o Europeia \u2013 \u201cNextGenerationEU\u201d.\" \/>\n<meta property=\"og:url\" content=\"https:\/\/www.addplus.it\/pt-br\/projeto-de-catalogacao-automatica\/\" \/>\n<meta property=\"og:site_name\" content=\"Add plus\" \/>\n<meta property=\"article:modified_time\" content=\"2025-11-19T11:51:40+00:00\" \/>\n<meta property=\"og:image\" content=\"https:\/\/www.addplus.it\/wp-content\/uploads\/2025\/03\/IT_Finanziato_dall_Unione_europea_RGB_POS.png\" \/>\n\t<meta property=\"og:image:width\" content=\"3844\" \/>\n\t<meta property=\"og:image:height\" content=\"921\" \/>\n\t<meta property=\"og:image:type\" content=\"image\/png\" \/>\n<meta name=\"twitter:card\" content=\"summary_large_image\" \/>\n<meta name=\"twitter:label1\" content=\"Est. tempo de leitura\" \/>\n\t<meta name=\"twitter:data1\" content=\"5 minutos\" \/>\n<script type=\"application\/ld+json\" class=\"yoast-schema-graph\">{\"@context\":\"https:\/\/schema.org\",\"@graph\":[{\"@type\":\"WebPage\",\"@id\":\"https:\/\/www.addplus.it\/pt-br\/projeto-de-catalogacao-automatica\/\",\"url\":\"https:\/\/www.addplus.it\/pt-br\/projeto-de-catalogacao-automatica\/\",\"name\":\"Projeto de Cataloga\u00e7\u00e3o Autom\u00e1tica | Add plus\",\"isPartOf\":{\"@id\":\"https:\/\/www.addplus.it\/pt-br\/#website\"},\"primaryImageOfPage\":{\"@id\":\"https:\/\/www.addplus.it\/pt-br\/projeto-de-catalogacao-automatica\/#primaryimage\"},\"image\":{\"@id\":\"https:\/\/www.addplus.it\/pt-br\/projeto-de-catalogacao-automatica\/#primaryimage\"},\"thumbnailUrl\":\"https:\/\/www.addplus.it\/wp-content\/uploads\/2025\/03\/IT_Finanziato_dall_Unione_europea_RGB_POS.png\",\"datePublished\":\"2025-03-24T10:19:48+00:00\",\"dateModified\":\"2025-11-19T11:51:40+00:00\",\"description\":\"Descubra o projeto de Cataloga\u00e7\u00e3o Autom\u00e1tica financiado pela medida Brevetti+ com fundos da Uni\u00e3o Europeia \u2013 \u201cNextGenerationEU\u201d.\",\"breadcrumb\":{\"@id\":\"https:\/\/www.addplus.it\/pt-br\/projeto-de-catalogacao-automatica\/#breadcrumb\"},\"inLanguage\":\"pt-BR\",\"potentialAction\":[{\"@type\":\"ReadAction\",\"target\":[\"https:\/\/www.addplus.it\/pt-br\/projeto-de-catalogacao-automatica\/\"]}]},{\"@type\":\"ImageObject\",\"inLanguage\":\"pt-BR\",\"@id\":\"https:\/\/www.addplus.it\/pt-br\/projeto-de-catalogacao-automatica\/#primaryimage\",\"url\":\"https:\/\/www.addplus.it\/wp-content\/uploads\/2025\/03\/IT_Finanziato_dall_Unione_europea_RGB_POS.png\",\"contentUrl\":\"https:\/\/www.addplus.it\/wp-content\/uploads\/2025\/03\/IT_Finanziato_dall_Unione_europea_RGB_POS.png\",\"width\":3844,\"height\":921},{\"@type\":\"BreadcrumbList\",\"@id\":\"https:\/\/www.addplus.it\/pt-br\/projeto-de-catalogacao-automatica\/#breadcrumb\",\"itemListElement\":[{\"@type\":\"ListItem\",\"position\":1,\"name\":\"Home\",\"item\":\"https:\/\/www.addplus.it\/pt-br\/\"},{\"@type\":\"ListItem\",\"position\":2,\"name\":\"Projeto de Cataloga\u00e7\u00e3o Autom\u00e1tica\"}]},{\"@type\":\"WebSite\",\"@id\":\"https:\/\/www.addplus.it\/pt-br\/#website\",\"url\":\"https:\/\/www.addplus.it\/pt-br\/\",\"name\":\"Add plus\",\"description\":\"Il primo Gestore Multi-link per Professionisti e PMI\",\"publisher\":{\"@id\":\"https:\/\/www.addplus.it\/pt-br\/#organization\"},\"potentialAction\":[{\"@type\":\"SearchAction\",\"target\":{\"@type\":\"EntryPoint\",\"urlTemplate\":\"https:\/\/www.addplus.it\/pt-br\/?s={search_term_string}\"},\"query-input\":{\"@type\":\"PropertyValueSpecification\",\"valueRequired\":true,\"valueName\":\"search_term_string\"}}],\"inLanguage\":\"pt-BR\"},{\"@type\":\"Organization\",\"@id\":\"https:\/\/www.addplus.it\/pt-br\/#organization\",\"name\":\"Add plus\",\"url\":\"https:\/\/www.addplus.it\/pt-br\/\",\"logo\":{\"@type\":\"ImageObject\",\"inLanguage\":\"pt-BR\",\"@id\":\"https:\/\/www.addplus.it\/pt-br\/#\/schema\/logo\/image\/\",\"url\":\"https:\/\/www.addplus.it\/wp-content\/uploads\/2019\/09\/logo-add-plus.png\",\"contentUrl\":\"https:\/\/www.addplus.it\/wp-content\/uploads\/2019\/09\/logo-add-plus.png\",\"width\":400,\"height\":300,\"caption\":\"Add plus\"},\"image\":{\"@id\":\"https:\/\/www.addplus.it\/pt-br\/#\/schema\/logo\/image\/\"}}]}<\/script>\n<!-- \/ Yoast SEO plugin. -->","yoast_head_json":{"title":"Projeto de Cataloga\u00e7\u00e3o Autom\u00e1tica | Add plus","description":"Descubra o projeto de Cataloga\u00e7\u00e3o Autom\u00e1tica financiado pela medida Brevetti+ com fundos da Uni\u00e3o Europeia \u2013 \u201cNextGenerationEU\u201d.","robots":{"index":"index","follow":"follow","max-snippet":"max-snippet:-1","max-image-preview":"max-image-preview:large","max-video-preview":"max-video-preview:-1"},"canonical":"https:\/\/www.addplus.it\/pt-br\/projeto-de-catalogacao-automatica\/","og_locale":"pt_BR","og_type":"article","og_title":"Projeto de Cataloga\u00e7\u00e3o Autom\u00e1tica | Add plus","og_description":"Descubra o projeto de Cataloga\u00e7\u00e3o Autom\u00e1tica financiado pela medida Brevetti+ com fundos da Uni\u00e3o Europeia \u2013 \u201cNextGenerationEU\u201d.","og_url":"https:\/\/www.addplus.it\/pt-br\/projeto-de-catalogacao-automatica\/","og_site_name":"Add plus","article_modified_time":"2025-11-19T11:51:40+00:00","og_image":[{"width":3844,"height":921,"url":"https:\/\/www.addplus.it\/wp-content\/uploads\/2025\/03\/IT_Finanziato_dall_Unione_europea_RGB_POS.png","type":"image\/png"}],"twitter_card":"summary_large_image","twitter_misc":{"Est. tempo de leitura":"5 minutos"},"schema":{"@context":"https:\/\/schema.org","@graph":[{"@type":"WebPage","@id":"https:\/\/www.addplus.it\/pt-br\/projeto-de-catalogacao-automatica\/","url":"https:\/\/www.addplus.it\/pt-br\/projeto-de-catalogacao-automatica\/","name":"Projeto de Cataloga\u00e7\u00e3o Autom\u00e1tica | Add plus","isPartOf":{"@id":"https:\/\/www.addplus.it\/pt-br\/#website"},"primaryImageOfPage":{"@id":"https:\/\/www.addplus.it\/pt-br\/projeto-de-catalogacao-automatica\/#primaryimage"},"image":{"@id":"https:\/\/www.addplus.it\/pt-br\/projeto-de-catalogacao-automatica\/#primaryimage"},"thumbnailUrl":"https:\/\/www.addplus.it\/wp-content\/uploads\/2025\/03\/IT_Finanziato_dall_Unione_europea_RGB_POS.png","datePublished":"2025-03-24T10:19:48+00:00","dateModified":"2025-11-19T11:51:40+00:00","description":"Descubra o projeto de Cataloga\u00e7\u00e3o Autom\u00e1tica financiado pela medida Brevetti+ com fundos da Uni\u00e3o Europeia \u2013 \u201cNextGenerationEU\u201d.","breadcrumb":{"@id":"https:\/\/www.addplus.it\/pt-br\/projeto-de-catalogacao-automatica\/#breadcrumb"},"inLanguage":"pt-BR","potentialAction":[{"@type":"ReadAction","target":["https:\/\/www.addplus.it\/pt-br\/projeto-de-catalogacao-automatica\/"]}]},{"@type":"ImageObject","inLanguage":"pt-BR","@id":"https:\/\/www.addplus.it\/pt-br\/projeto-de-catalogacao-automatica\/#primaryimage","url":"https:\/\/www.addplus.it\/wp-content\/uploads\/2025\/03\/IT_Finanziato_dall_Unione_europea_RGB_POS.png","contentUrl":"https:\/\/www.addplus.it\/wp-content\/uploads\/2025\/03\/IT_Finanziato_dall_Unione_europea_RGB_POS.png","width":3844,"height":921},{"@type":"BreadcrumbList","@id":"https:\/\/www.addplus.it\/pt-br\/projeto-de-catalogacao-automatica\/#breadcrumb","itemListElement":[{"@type":"ListItem","position":1,"name":"Home","item":"https:\/\/www.addplus.it\/pt-br\/"},{"@type":"ListItem","position":2,"name":"Projeto de Cataloga\u00e7\u00e3o Autom\u00e1tica"}]},{"@type":"WebSite","@id":"https:\/\/www.addplus.it\/pt-br\/#website","url":"https:\/\/www.addplus.it\/pt-br\/","name":"Add plus","description":"Il primo Gestore Multi-link per Professionisti e PMI","publisher":{"@id":"https:\/\/www.addplus.it\/pt-br\/#organization"},"potentialAction":[{"@type":"SearchAction","target":{"@type":"EntryPoint","urlTemplate":"https:\/\/www.addplus.it\/pt-br\/?s={search_term_string}"},"query-input":{"@type":"PropertyValueSpecification","valueRequired":true,"valueName":"search_term_string"}}],"inLanguage":"pt-BR"},{"@type":"Organization","@id":"https:\/\/www.addplus.it\/pt-br\/#organization","name":"Add plus","url":"https:\/\/www.addplus.it\/pt-br\/","logo":{"@type":"ImageObject","inLanguage":"pt-BR","@id":"https:\/\/www.addplus.it\/pt-br\/#\/schema\/logo\/image\/","url":"https:\/\/www.addplus.it\/wp-content\/uploads\/2019\/09\/logo-add-plus.png","contentUrl":"https:\/\/www.addplus.it\/wp-content\/uploads\/2019\/09\/logo-add-plus.png","width":400,"height":300,"caption":"Add plus"},"image":{"@id":"https:\/\/www.addplus.it\/pt-br\/#\/schema\/logo\/image\/"}}]}},"_links":{"self":[{"href":"https:\/\/www.addplus.it\/pt-br\/wp-json\/wp\/v2\/pages\/56116","targetHints":{"allow":["GET"]}}],"collection":[{"href":"https:\/\/www.addplus.it\/pt-br\/wp-json\/wp\/v2\/pages"}],"about":[{"href":"https:\/\/www.addplus.it\/pt-br\/wp-json\/wp\/v2\/types\/page"}],"author":[{"embeddable":true,"href":"https:\/\/www.addplus.it\/pt-br\/wp-json\/wp\/v2\/users\/1"}],"replies":[{"embeddable":true,"href":"https:\/\/www.addplus.it\/pt-br\/wp-json\/wp\/v2\/comments?post=56116"}],"version-history":[{"count":8,"href":"https:\/\/www.addplus.it\/pt-br\/wp-json\/wp\/v2\/pages\/56116\/revisions"}],"predecessor-version":[{"id":73334,"href":"https:\/\/www.addplus.it\/pt-br\/wp-json\/wp\/v2\/pages\/56116\/revisions\/73334"}],"wp:featuredmedia":[{"embeddable":true,"href":"https:\/\/www.addplus.it\/pt-br\/wp-json\/wp\/v2\/media\/57650"}],"wp:attachment":[{"href":"https:\/\/www.addplus.it\/pt-br\/wp-json\/wp\/v2\/media?parent=56116"}],"curies":[{"name":"wp","href":"https:\/\/api.w.org\/{rel}","templated":true}]}}