{"id":38943,"date":"2021-07-27T11:58:17","date_gmt":"2021-07-27T09:58:17","guid":{"rendered":"https:\/\/www.addplus.it\/solucoes\/settore-tecnico\/"},"modified":"2025-11-19T12:46:21","modified_gmt":"2025-11-19T11:46:21","slug":"setor-tecnico","status":"publish","type":"page","link":"https:\/\/www.addplus.it\/pt-br\/solucoes\/setor-tecnico\/","title":{"rendered":"Profiss\u00f5es T\u00e9cnicas"},"content":{"rendered":"<div class=\"wpb-content-wrapper\"><p>[vc_row full_width=&#8221;stretch_row&#8221; css=&#8221;.vc_custom_1632732366056{margin-bottom: 0px !important;background-position: center !important;background-repeat: no-repeat !important;background-size: cover !important;}&#8221; el_class=&#8221;sol-first-row&#8221;][vc_column width=&#8221;1\/2&#8243; css_animation=&#8221;top-to-bottom&#8221;][vc_column_text]<\/p>\n<h2>Digitalize, arquive e compartilhe em 1.<\/h2>\n<p>[\/vc_column_text][vc_column_text]Apresente seus projetos de forma inovadora. Em um Media Kit voc\u00ea cria p\u00e1ginas reais para o seu site, conecta todos os seus recursos espalhados na nuvem, as visualiza\u00e7\u00f5es dos v\u00eddeos, os URLs das suas pesquisas; compor cole\u00e7\u00f5es digitais anexando seus trabalhos e agendando calend\u00e1rios com alertas de e-mail para os prazos de seus compromissos e documentos. Seu conte\u00fado multim\u00eddia para informar parceiros, atender seus clientes e capturar seu p\u00fablico.<\/p>\n<p>Tudo digital em APENAS 1 LUGAR e APENAS 1 SOFTWARE.[\/vc_column_text][\/vc_column][vc_column width=&#8221;1\/2&#8243; css_animation=&#8221;fadeIn&#8221;][vc_raw_html]JTNDJTIxLS1URUNOSUNPLS0lM0UlMEElM0NkaXYlMjBjbGFzcyUzRCUyMm1lZGlha2l0LXRlYyUyMiUzRSUwQSUwOSUzQ2RpdiUyMGNsYXNzJTNEJTIyaGVhZGVyLW1vYi1iYWNrLXRlYyUyMiUzRSUwQSUwOSUzQ2ltZyUyMHNyYyUzRCUyMmh0dHBzJTNBJTJGJTJGd3d3LmFkZHBsdXMuaXQlMkZ3cC1jb250ZW50JTJGdXBsb2FkcyUyRjIwMjElMkYxMCUyRmxvZ28tdGVjLnBuZyUyMiUyMGFsdCUzRCUyMiUyMiUyMHdpZHRoJTNEJTIyMjAlMjIlMjBoZWlnaHQlM0QlMjIyMCUyMiUzRSUwQSUwOSUzQ3NwYW4lMjBzdHlsZSUzRCUyMmZvbnQtc2l6ZSUzQTEuNHJlbSUyMCUzQiUyMGRpc3BsYXklM0FibG9jayUzQiUyMG1hcmdpbiUzQSUyMDEwcHglMjAwJTNCJTIwZGlzcGxheSUzQSUyMGJsb2NrJTNCJTIwbWFyZ2luJTNBJTIwMTBweCUyMDAlM0IlMjBwYWRkaW5nLWJvdHRvbSUzQSUyMDVweCUzQiUyMGZvbnQtd2VpZ2h0JTNBJTIwNTAwJTNCJTIwbGV0dGVyLXNwYWNpbmclM0ElMjAwLjdweCUzQiUyMGNvbG9yJTNBJTIwd2hpdGUlM0IlMjIlM0VGRCUyMFByb2dldHRpJTNDJTJGc3BhbiUzRSUwQSUwOSUzQyUyRmRpdiUzRSUwQSUwOSUzQ3NwYW4lMjAlM0UlMEElMjAlMjAlMjAlMjAlMjAlMjAlMjAlMjAlMjAlMjAlMjAlMjAlM0NkaXYlMjBjbGFzcyUzRCUyMnNtYXJ0LWJ0bi10ZWMlMjBzYyUyMiUzRSUzQ3NwYW4lM0VSYXNjdW5obyUyMGRvJTIwcHJvamV0byUzQ2ltZyUyMHNyYyUzRCUyMmh0dHBzJTNBJTJGJTJGd3d3LmFkZHBsdXMuaXQlMkZ3cC1jb250ZW50JTJGdXBsb2FkcyUyRjIwMjElMkYxMCUyRnBsYW5fd18yNXgucG5nJTIyJTIwJTJGJTNFJTNDJTJGc3BhbiUzRSUwQSUyMCUyMCUyMCUyMCUyMCUyMCUyMCUyMCUyMCUyMCUyMCUyMCUyMCUyMCUyMCUyMCUzQ2RpdiUyMGNsYXNzJTNEJTIyZGVzY3JpcHRpb24tdGVjMiUyMiUzRSUwQSUyMCUyMCUyMCUyMCUyMCUyMCUyMCUyMCUyMCUyMCUyMCUyMCUyMCUyMCUyMCUyMCUzQ2ltZyUyMHNyYyUzRCUyMmh0dHBzJTNBJTJGJTJGd3d3LmFkZHBsdXMuaXQlMkZ3cC1jb250ZW50JTJGdXBsb2FkcyUyRjIwMjElMkYxMCUyRlNDSElaWk8tU09MVVotVElQT0xPR0lDQV8xNjB4LnBuZyUyMiUyMCUyRiUzRSUwQSUyMCUyMCUyMCUyMCUyMCUyMCUyMCUyMCUyMCUyMCUyMCUyMCUyMCUyMCUyMCUyMCUzQyUyRmRpdiUzRSUwQSUyMCUyMCUyMCUyMCUyMCUyMCUyMCUyMCUyMCUyMCUyMCUyMCUzQyUyRmRpdiUzRSUwQSUyMCUyMCUyMCUyMCUyMCUyMCUyMCUyMCUzQ2RpdiUyMGNsYXNzJTNEJTIyc21hcnQtYnRuLXRlYyUyMGZyJTIyJTNFJTNDc3BhbiUzRVByb2pldG8lM0NpbWclMjBzcmMlM0QlMjJodHRwcyUzQSUyRiUyRnd3dy5hZGRwbHVzLml0JTJGd3AtY29udGVudCUyRnVwbG9hZHMlMkYyMDIxJTJGMTAlMkZwcm9qZWN0X3dfMjV4LnBuZyUyMiUyMCUyRiUzRSUzQyUyRnNwYW4lM0UlMEElMDklMDklMDklM0NkaXYlMjBjbGFzcyUzRCUyMmRlc2NyaXB0aW9uLXRlYyUyMiUzRSUwQSUwOSUwOSUwOSUwOSUzQ2ltZyUyMHNyYyUzRCUyMmh0dHBzJTNBJTJGJTJGd3d3LmFkZHBsdXMuaXQlMkZ3cC1jb250ZW50JTJGdXBsb2FkcyUyRjIwMjElMkYxMCUyRmFudGVwcmltYS1wcm9nZXR0b18xNjB4LnBuZyUyMiUyMCUyRiUzRSUwQSUwOSUwOSUwOSUzQyUyRmRpdiUzRSUwQSUyMCUyMCUyMCUyMCUyMCUyMCUyMCUyMCUzQyUyRmRpdiUzRSUwQSUwOSUwOSUzQ2RpdiUyMGNsYXNzJTNEJTIyc21hcnQtYnRuLXRlYyUyMHFyJTIyJTNFJTNDc3BhbiUzRVByYXpvcyUzQ2ltZyUyMHNyYyUzRCUyMmh0dHBzJTNBJTJGJTJGd3d3LmFkZHBsdXMuaXQlMkZ3cC1jb250ZW50JTJGdXBsb2FkcyUyRjIwMjElMkYxMCUyRkFsZXJ0XzI1eC5wbmclMjIlMjAlMkYlM0UlM0MlMkZzcGFuJTNFJTNDJTJGZGl2JTNFJTBBJTA5JTNDJTJGc3BhbiUzRSUwQSUwOSUzQ2RpdiUyMGNsYXNzJTNEJTIyZm9vdGVyLW1vYiUyMiUzRSUwQSUwOSUwOSUzQ2ltZyUyMHNyYyUzRCUyMmh0dHBzJTNBJTJGJTJGd3d3LmFkZHBsdXMuaXQlMkZ3cC1jb250ZW50JTJGdXBsb2FkcyUyRjIwMjElMkYxMCUyRkx1Y2t5X2RlZmF1bHRfMzB4LnBuZyUyMiUyMCUyRiUzRSUwQSUwOSUwOSUzQ2ltZyUyMHNyYyUzRCUyMmh0dHBzJTNBJTJGJTJGd3d3LmFkZHBsdXMuaXQlMkZ3cC1jb250ZW50JTJGdXBsb2FkcyUyRjIwMjElMkYxMCUyRkNvbGxlY3Rpb25fMzB4LnBuZyUyMiUyMCUyRiUzRSUwQSUwOSUwOSUzQ2ltZyUyMHNyYyUzRCUyMmh0dHBzJTNBJTJGJTJGd3d3LmFkZHBsdXMuaXQlMkZ3cC1jb250ZW50JTJGdXBsb2FkcyUyRjIwMjElMkYxMCUyRlNlbmRfMzB4LnBuZyUyMiUyMCUyRiUzRSUwQSUwOSUwOSUzQ2ltZyUyMHNyYyUzRCUyMmh0dHBzJTNBJTJGJTJGd3d3LmFkZHBsdXMuaXQlMkZ3cC1jb250ZW50JTJGdXBsb2FkcyUyRjIwMjElMkYxMCUyRkVkaXRfcWxib3hfMzB4LnBuZyUyMiUyMCUyRiUzRSUwQSUwOSUzQyUyRmRpdiUzRSUwQSUzQyUyRmRpdiUzRQ==[\/vc_raw_html][\/vc_column][\/vc_row][vc_row full_width=&#8221;stretch_row&#8221; css=&#8221;.vc_custom_1631533868749{padding-top: 180px !important;padding-bottom: 50px !important;background-image: url(https:\/\/www.addplus.it\/wp-content\/uploads\/2021\/07\/Sfondo-call-pre-footer.png?id=38436) !important;background-position: center !important;background-repeat: no-repeat !important;background-size: cover !important;}&#8221; el_class=&#8221;sol-pre-footer&#8221;][vc_column][vc_column_text]<\/p>\n<h3 style=\"text-align: center;\"><span style=\"color: #ffffff;\">Seus Media Kits est\u00e3o esperando por voc\u00ea.<\/span><\/h3>\n<p>[\/vc_column_text][vc_row_inner][vc_column_inner width=&#8221;1\/2&#8243; offset=&#8221;vc_col-lg-3 vc_col-md-3 vc_hidden-sm vc_hidden-xs&#8221;][\/vc_column_inner][vc_column_inner width=&#8221;1\/2&#8243; offset=&#8221;vc_col-lg-3 vc_col-md-3&#8243;]<style type=\"text\/css\">.thegem-button-69e7705f0d44d1247.lazy-loading-before-start-animation .lazy-loading-item {opacity: 0;} body.thegem-effects-disabled .thegem-button-69e7705f0d44d1247.lazy-loading-before-start-animation .lazy-loading-item {opacity: 1;}<\/style><style type=\"text\/css\">.thegem-button-69e7705f0d44d1247 .gem-button svg {fill: #ffffff;}.thegem-button-69e7705f0d44d1247 .gem-button:hover svg {fill: #8494c8;}<\/style><div class=\"gem-button-container gem-button-position-center thegem-button-69e7705f0d44d1247 sol-btn    lazy-loading lazy-loading-before-start-animation\"  ><a title=\"Planos e Pre\u00e7os\" class=\"gem-button gem-button-size-medium gem-button-style-outline gem-button-text-weight-normal gem-button-border-2 lazy-loading-item\" data-ll-effect=\"drop-right-without-wrap\" style=\"border-radius: 8px;border-color: #ffffff;color: #ffffff;\" onmouseleave=\"this.style.borderColor='#ffffff';this.style.backgroundColor='transparent';this.style.color='#ffffff';\" onmouseenter=\"this.style.backgroundColor='#ffffff';this.style.color='#8494c8';\" href=\"https:\/\/www.addplus.it\/pt-br\/planos-e-precos\/\" target=\"_blank\">Escolha o seu plano<\/a><\/div> [\/vc_column_inner][vc_column_inner width=&#8221;1\/2&#8243; offset=&#8221;vc_col-lg-3 vc_col-md-3&#8243;]<style type=\"text\/css\">.thegem-button-69e7705f0d4e67218.lazy-loading-before-start-animation .lazy-loading-item {opacity: 0;} body.thegem-effects-disabled .thegem-button-69e7705f0d4e67218.lazy-loading-before-start-animation .lazy-loading-item {opacity: 1;}<\/style><style type=\"text\/css\">.thegem-button-69e7705f0d4e67218 .gem-button svg {fill: #8494c8;}.thegem-button-69e7705f0d4e67218 .gem-button:hover svg {fill: #556599;}<\/style><div class=\"gem-button-container gem-button-position-center thegem-button-69e7705f0d4e67218 sol-btn    lazy-loading lazy-loading-before-start-animation\"  ><a class=\"gem-button gem-button-size-medium gem-button-style-flat gem-button-text-weight-normal lazy-loading-item\" data-ll-effect=\"drop-right-without-wrap\" style=\"border-radius: 8px;background-color: #ffffff;color: #8494c8;\" onmouseleave=\"this.style.backgroundColor='#ffffff';this.style.color='#8494c8';\" onmouseenter=\"this.style.backgroundColor='#ffffff';this.style.color='#556599';\" href=\"https:\/\/qrcode.addplus.it\/public\/registra\/gratuito?lang=pt\" target=\"_blank\">Cadastre-se gratuitamente<\/a><\/div> [\/vc_column_inner][vc_column_inner width=&#8221;1\/4&#8243; offset=&#8221;vc_hidden-sm vc_hidden-xs&#8221;][\/vc_column_inner][\/vc_row_inner][\/vc_column][\/vc_row]<\/p>\n<\/div>","protected":false},"excerpt":{"rendered":"<p>[vc_row full_width=&#8221;stretch_row&#8221; css=&#8221;.vc_custom_1632732366056{margin-bottom: 0px !important;background-position: center !important;background-repeat: no-repeat !important;background-size: cover !important;}&#8221; el_class=&#8221;sol-first-row&#8221;][vc_column width=&#8221;1\/2&#8243; css_animation=&#8221;top-to-bottom&#8221;][vc_column_text] Digitalize, arquive e compartilhe em 1&#8230;.<\/p>\n","protected":false},"author":1,"featured_media":0,"parent":37941,"menu_order":0,"comment_status":"closed","ping_status":"closed","template":"","meta":{"footnotes":""},"class_list":["post-38943","page","type-page","status-publish"],"yoast_head":"<!-- This site is optimized with the Yoast SEO plugin v26.7 - https:\/\/yoast.com\/wordpress\/plugins\/seo\/ -->\n<title>Apresentar projetos de forma inovadora | Add plus<\/title>\n<meta name=\"description\" content=\"Com o Media Kit by Add plus, voc\u00ea pode digitalizar, arquivar e apresentar seus projetos de forma r\u00e1pida e f\u00e1cil. Descubra mais.\" \/>\n<meta name=\"robots\" content=\"index, follow, max-snippet:-1, max-image-preview:large, max-video-preview:-1\" \/>\n<link rel=\"canonical\" href=\"https:\/\/www.addplus.it\/pt-br\/solucoes\/setor-tecnico\/\" \/>\n<meta property=\"og:locale\" content=\"pt_BR\" \/>\n<meta property=\"og:type\" content=\"article\" \/>\n<meta property=\"og:title\" content=\"Apresentar projetos de forma inovadora | Add plus\" \/>\n<meta property=\"og:description\" content=\"Com o Media Kit by Add plus, voc\u00ea pode digitalizar, arquivar e apresentar seus projetos de forma r\u00e1pida e f\u00e1cil. Descubra mais.\" \/>\n<meta property=\"og:url\" content=\"https:\/\/www.addplus.it\/pt-br\/solucoes\/setor-tecnico\/\" \/>\n<meta property=\"og:site_name\" content=\"Add plus\" \/>\n<meta property=\"article:modified_time\" content=\"2025-11-19T11:46:21+00:00\" \/>\n<meta name=\"twitter:card\" content=\"summary_large_image\" \/>\n<meta name=\"twitter:label1\" content=\"Est. tempo de leitura\" \/>\n\t<meta name=\"twitter:data1\" content=\"1 minuto\" \/>\n<script type=\"application\/ld+json\" class=\"yoast-schema-graph\">{\"@context\":\"https:\/\/schema.org\",\"@graph\":[{\"@type\":\"WebPage\",\"@id\":\"https:\/\/www.addplus.it\/pt-br\/solucoes\/setor-tecnico\/\",\"url\":\"https:\/\/www.addplus.it\/pt-br\/solucoes\/setor-tecnico\/\",\"name\":\"Apresentar projetos de forma inovadora | Add plus\",\"isPartOf\":{\"@id\":\"https:\/\/www.addplus.it\/pt-br\/#website\"},\"datePublished\":\"2021-07-27T09:58:17+00:00\",\"dateModified\":\"2025-11-19T11:46:21+00:00\",\"description\":\"Com o Media Kit by Add plus, voc\u00ea pode digitalizar, arquivar e apresentar seus projetos de forma r\u00e1pida e f\u00e1cil. Descubra mais.\",\"breadcrumb\":{\"@id\":\"https:\/\/www.addplus.it\/pt-br\/solucoes\/setor-tecnico\/#breadcrumb\"},\"inLanguage\":\"pt-BR\",\"potentialAction\":[{\"@type\":\"ReadAction\",\"target\":[\"https:\/\/www.addplus.it\/pt-br\/solucoes\/setor-tecnico\/\"]}]},{\"@type\":\"BreadcrumbList\",\"@id\":\"https:\/\/www.addplus.it\/pt-br\/solucoes\/setor-tecnico\/#breadcrumb\",\"itemListElement\":[{\"@type\":\"ListItem\",\"position\":1,\"name\":\"Home\",\"item\":\"https:\/\/www.addplus.it\/pt-br\/\"},{\"@type\":\"ListItem\",\"position\":2,\"name\":\"Solu\u00e7\u00f5es\",\"item\":\"https:\/\/www.addplus.it\/pt-br\/solucoes\/\"},{\"@type\":\"ListItem\",\"position\":3,\"name\":\"Profiss\u00f5es T\u00e9cnicas\"}]},{\"@type\":\"WebSite\",\"@id\":\"https:\/\/www.addplus.it\/pt-br\/#website\",\"url\":\"https:\/\/www.addplus.it\/pt-br\/\",\"name\":\"Add plus\",\"description\":\"Il primo Gestore Multi-link per Professionisti e PMI\",\"publisher\":{\"@id\":\"https:\/\/www.addplus.it\/pt-br\/#organization\"},\"potentialAction\":[{\"@type\":\"SearchAction\",\"target\":{\"@type\":\"EntryPoint\",\"urlTemplate\":\"https:\/\/www.addplus.it\/pt-br\/?s={search_term_string}\"},\"query-input\":{\"@type\":\"PropertyValueSpecification\",\"valueRequired\":true,\"valueName\":\"search_term_string\"}}],\"inLanguage\":\"pt-BR\"},{\"@type\":\"Organization\",\"@id\":\"https:\/\/www.addplus.it\/pt-br\/#organization\",\"name\":\"Add plus\",\"url\":\"https:\/\/www.addplus.it\/pt-br\/\",\"logo\":{\"@type\":\"ImageObject\",\"inLanguage\":\"pt-BR\",\"@id\":\"https:\/\/www.addplus.it\/pt-br\/#\/schema\/logo\/image\/\",\"url\":\"https:\/\/www.addplus.it\/wp-content\/uploads\/2019\/09\/logo-add-plus.png\",\"contentUrl\":\"https:\/\/www.addplus.it\/wp-content\/uploads\/2019\/09\/logo-add-plus.png\",\"width\":400,\"height\":300,\"caption\":\"Add plus\"},\"image\":{\"@id\":\"https:\/\/www.addplus.it\/pt-br\/#\/schema\/logo\/image\/\"}}]}<\/script>\n<!-- \/ Yoast SEO plugin. -->","yoast_head_json":{"title":"Apresentar projetos de forma inovadora | Add plus","description":"Com o Media Kit by Add plus, voc\u00ea pode digitalizar, arquivar e apresentar seus projetos de forma r\u00e1pida e f\u00e1cil. Descubra mais.","robots":{"index":"index","follow":"follow","max-snippet":"max-snippet:-1","max-image-preview":"max-image-preview:large","max-video-preview":"max-video-preview:-1"},"canonical":"https:\/\/www.addplus.it\/pt-br\/solucoes\/setor-tecnico\/","og_locale":"pt_BR","og_type":"article","og_title":"Apresentar projetos de forma inovadora | Add plus","og_description":"Com o Media Kit by Add plus, voc\u00ea pode digitalizar, arquivar e apresentar seus projetos de forma r\u00e1pida e f\u00e1cil. Descubra mais.","og_url":"https:\/\/www.addplus.it\/pt-br\/solucoes\/setor-tecnico\/","og_site_name":"Add plus","article_modified_time":"2025-11-19T11:46:21+00:00","twitter_card":"summary_large_image","twitter_misc":{"Est. tempo de leitura":"1 minuto"},"schema":{"@context":"https:\/\/schema.org","@graph":[{"@type":"WebPage","@id":"https:\/\/www.addplus.it\/pt-br\/solucoes\/setor-tecnico\/","url":"https:\/\/www.addplus.it\/pt-br\/solucoes\/setor-tecnico\/","name":"Apresentar projetos de forma inovadora | Add plus","isPartOf":{"@id":"https:\/\/www.addplus.it\/pt-br\/#website"},"datePublished":"2021-07-27T09:58:17+00:00","dateModified":"2025-11-19T11:46:21+00:00","description":"Com o Media Kit by Add plus, voc\u00ea pode digitalizar, arquivar e apresentar seus projetos de forma r\u00e1pida e f\u00e1cil. Descubra mais.","breadcrumb":{"@id":"https:\/\/www.addplus.it\/pt-br\/solucoes\/setor-tecnico\/#breadcrumb"},"inLanguage":"pt-BR","potentialAction":[{"@type":"ReadAction","target":["https:\/\/www.addplus.it\/pt-br\/solucoes\/setor-tecnico\/"]}]},{"@type":"BreadcrumbList","@id":"https:\/\/www.addplus.it\/pt-br\/solucoes\/setor-tecnico\/#breadcrumb","itemListElement":[{"@type":"ListItem","position":1,"name":"Home","item":"https:\/\/www.addplus.it\/pt-br\/"},{"@type":"ListItem","position":2,"name":"Solu\u00e7\u00f5es","item":"https:\/\/www.addplus.it\/pt-br\/solucoes\/"},{"@type":"ListItem","position":3,"name":"Profiss\u00f5es T\u00e9cnicas"}]},{"@type":"WebSite","@id":"https:\/\/www.addplus.it\/pt-br\/#website","url":"https:\/\/www.addplus.it\/pt-br\/","name":"Add plus","description":"Il primo Gestore Multi-link per Professionisti e PMI","publisher":{"@id":"https:\/\/www.addplus.it\/pt-br\/#organization"},"potentialAction":[{"@type":"SearchAction","target":{"@type":"EntryPoint","urlTemplate":"https:\/\/www.addplus.it\/pt-br\/?s={search_term_string}"},"query-input":{"@type":"PropertyValueSpecification","valueRequired":true,"valueName":"search_term_string"}}],"inLanguage":"pt-BR"},{"@type":"Organization","@id":"https:\/\/www.addplus.it\/pt-br\/#organization","name":"Add plus","url":"https:\/\/www.addplus.it\/pt-br\/","logo":{"@type":"ImageObject","inLanguage":"pt-BR","@id":"https:\/\/www.addplus.it\/pt-br\/#\/schema\/logo\/image\/","url":"https:\/\/www.addplus.it\/wp-content\/uploads\/2019\/09\/logo-add-plus.png","contentUrl":"https:\/\/www.addplus.it\/wp-content\/uploads\/2019\/09\/logo-add-plus.png","width":400,"height":300,"caption":"Add plus"},"image":{"@id":"https:\/\/www.addplus.it\/pt-br\/#\/schema\/logo\/image\/"}}]}},"_links":{"self":[{"href":"https:\/\/www.addplus.it\/pt-br\/wp-json\/wp\/v2\/pages\/38943","targetHints":{"allow":["GET"]}}],"collection":[{"href":"https:\/\/www.addplus.it\/pt-br\/wp-json\/wp\/v2\/pages"}],"about":[{"href":"https:\/\/www.addplus.it\/pt-br\/wp-json\/wp\/v2\/types\/page"}],"author":[{"embeddable":true,"href":"https:\/\/www.addplus.it\/pt-br\/wp-json\/wp\/v2\/users\/1"}],"replies":[{"embeddable":true,"href":"https:\/\/www.addplus.it\/pt-br\/wp-json\/wp\/v2\/comments?post=38943"}],"version-history":[{"count":8,"href":"https:\/\/www.addplus.it\/pt-br\/wp-json\/wp\/v2\/pages\/38943\/revisions"}],"predecessor-version":[{"id":73321,"href":"https:\/\/www.addplus.it\/pt-br\/wp-json\/wp\/v2\/pages\/38943\/revisions\/73321"}],"up":[{"embeddable":true,"href":"https:\/\/www.addplus.it\/pt-br\/wp-json\/wp\/v2\/pages\/37941"}],"wp:attachment":[{"href":"https:\/\/www.addplus.it\/pt-br\/wp-json\/wp\/v2\/media?parent=38943"}],"curies":[{"name":"wp","href":"https:\/\/api.w.org\/{rel}","templated":true}]}}