{"id":38911,"date":"2021-07-27T09:52:51","date_gmt":"2021-07-27T07:52:51","guid":{"rendered":"https:\/\/www.addplus.it\/solucoes\/settore-immobiliare\/"},"modified":"2025-11-19T12:41:13","modified_gmt":"2025-11-19T11:41:13","slug":"setor-imobiliario","status":"publish","type":"page","link":"https:\/\/www.addplus.it\/pt-br\/solucoes\/setor-imobiliario\/","title":{"rendered":"Imobili\u00e1rio"},"content":{"rendered":"<div class=\"wpb-content-wrapper\"><p>[vc_row full_width=&#8221;stretch_row&#8221; css=&#8221;.vc_custom_1632732079511{margin-bottom: 0px !important;background-position: center !important;background-repeat: no-repeat !important;background-size: cover !important;}&#8221; el_class=&#8221;sol-first-row&#8221;][vc_column width=&#8221;1\/2&#8243; css_animation=&#8221;top-to-bottom&#8221;][vc_column_text]<\/p>\n<h2>Uma linha direta com seus clientes.<\/h2>\n<p>[\/vc_column_text][vc_column_text]Tudo em uma p\u00e1gina multi-link f\u00e1cil e imediata: video-tours virtuais, kits de fotos, localiza\u00e7\u00e3o, m\u00f3dulos dedicados aos seus clientes para comunicar diretamente suas necessidades imobili\u00e1rias. Voc\u00ea poder\u00e1 criar flyers \u201cfalantes\u201d para suas propostas imobili\u00e1rias, em papel ou digital, distribu\u00ed-los ou envi\u00e1-los pela web. A informa\u00e7\u00e3o \u00e9 importante para os seus clientes, mas ainda mais para voc\u00ea CONHECER AS SUAS NECESSIDADES.<\/p>\n<p>Com o Add <em>plus<\/em>, agora voc\u00ea pode selecionar os kits de m\u00eddia para suas propostas imobili\u00e1rias.[\/vc_column_text][\/vc_column][vc_column width=&#8221;1\/2&#8243; css_animation=&#8221;fadeIn&#8221;][vc_raw_html]JTNDZGl2JTIwY2xhc3MlM0QlMjJtZWRpYWtpdC1pbW1vJTIyJTNFJTBBJTA5JTNDZGl2JTIwY2xhc3MlM0QlMjJoZWFkZXItbW9iLWJhY2staW1tbyUyMiUzRSUwQSUwOSUzQ2ltZyUyMHNyYyUzRCUyMmh0dHBzJTNBJTJGJTJGd3d3LmFkZHBsdXMuaXQlMkZ3cC1jb250ZW50JTJGdXBsb2FkcyUyRjIwMjElMkYxMCUyRmxvZ28taW1tb2JpbGlhcmVfNTZ4LnBuZyUyMiUyMGFsdCUzRCUyMiUyMiUyMHdpZHRoJTNEJTIyMjAlMjIlMjBoZWlnaHQlM0QlMjIyMCUyMiUzRSUwQSUwOSUzQ3NwYW4lMjBzdHlsZSUzRCUyMmZvbnQtc2l6ZSUzQTEuNHJlbSUyMCUzQiUyMGRpc3BsYXklM0FibG9jayUzQiUyMG1hcmdpbiUzQSUyMDEwcHglMjAwJTNCJTIwZGlzcGxheSUzQSUyMGJsb2NrJTNCJTIwbWFyZ2luJTNBJTIwMTBweCUyMDAlM0IlMjBwYWRkaW5nLWJvdHRvbSUzQSUyMDVweCUzQiUyMGZvbnQtd2VpZ2h0JTNBJTIwNTAwJTNCJTIwbGV0dGVyLXNwYWNpbmclM0ElMjAwLjdweCUzQiUyMGNvbG9yJTNBJTIwd2hpdGUlM0IlMjIlM0VNYW50b3ZhJTIwJTdDJTIwVmlhJTIwRml1bWUlMjA4JTIwJTdDJTIwMzAwbXElM0MlMkZzcGFuJTNFJTBBJTA5JTNDJTJGZGl2JTNFJTBBJTA5JTNDc3BhbiUyMCUzRSUwQSUwOSUwOSUzQ2RpdiUyMGNsYXNzJTNEJTIyc21hcnQtYnRuLWltbW8lMjBzYyUyMiUzRSUzQ3NwYW4lM0VDYWQlQzMlQUElM0NpbWclMjBzcmMlM0QlMjJodHRwcyUzQSUyRiUyRnd3dy5hZGRwbHVzLml0JTJGd3AtY29udGVudCUyRnVwbG9hZHMlMkYyMDIxJTJGMTAlMkZzcG90X21fMjV4LnBuZyUyMiUyMCUyRiUzRSUzQyUyRnNwYW4lM0UlM0MlMkZkaXYlM0UlMEElMDklMDklM0NkaXYlMjBjbGFzcyUzRCUyMnNtYXJ0LWJ0bi1pbW1vJTIwZnIlMjIlM0UlMEElMDklMDklMDklM0NzcGFuJTNFRGVzY3JpJUMzJUE3JUMzJUEzbyUzQ2ltZyUyMHNyYyUzRCUyMmh0dHBzJTNBJTJGJTJGd3d3LmFkZHBsdXMuaXQlMkZ3cC1jb250ZW50JTJGdXBsb2FkcyUyRjIwMjElMkYxMCUyRmV4cGVyaWVuY2VfbV8yNXgucG5nJTIyJTIwJTJGJTNFJTNDJTJGc3BhbiUzRSUwQSUwOSUwOSUwOSUzQ2RpdiUyMGNsYXNzJTNEJTIyZGVzY3JpcHRpb24taW1tbyUyMiUzRSUwQSUwOSUwOSUwOSUwOSUzQ2RpdiUyMHN0eWxlJTNEJTIydGV4dC1hbGlnbiUzQWNlbnRlciUzQiUyMGZvbnQtc2l6ZSUzQSUyMDEuMnJlbSUzQiUyMiUzRVByZSVDMyVBN28lM0ElMjA1OTguMDAwJTIwJUUyJTgyJUFDJTNDYnIlM0UlMEFUaXBvJTNBJTIwVmlsbGElMjBJbmRpdmlkdWFsJTNDYnIlM0UlMEFMb2NhbGl6YSVDMyVBNyVDMyVBM28lM0ElMjBNJUMzJUEybnR1YSUzQyUyRmRpdiUzRSUwQSUwOSUwOSUwOSUzQyUyRmRpdiUzRSUwQSUwOSUwOSUzQyUyRmRpdiUzRSUwQSUwOSUwOSUzQ2RpdiUyMGNsYXNzJTNEJTIyc21hcnQtYnRuLWltbW8lMjB0ciUyMiUzRSUzQ3NwYW4lM0VFeGN1cnMlQzMlQTNvJTIwdmlydHVhbCUzQ2ltZyUyMHNyYyUzRCUyMmh0dHBzJTNBJTJGJTJGd3d3LmFkZHBsdXMuaXQlMkZ3cC1jb250ZW50JTJGdXBsb2FkcyUyRjIwMjElMkYxMCUyRnZsb2dfbV8yNXgucG5nJTIyJTIwJTJGJTNFJTNDJTJGc3BhbiUzRSUzQyUyRmRpdiUzRSUwQSUwOSUwOSUzQ2RpdiUyMGNsYXNzJTNEJTIyc21hcnQtYnRuLWltbW8lMjBxciUyMiUzRSUzQ3NwYW4lM0VGYSVDMyVBN2ElMjBzdWElMjBwZXJndW50YSUzQ2ltZyUyMHNyYyUzRCUyMmh0dHBzJTNBJTJGJTJGd3d3LmFkZHBsdXMuaXQlMkZ3cC1jb250ZW50JTJGdXBsb2FkcyUyRjIwMjElMkYxMCUyRnBob25lX21fMjV4LnBuZyUyMiUyMCUyRiUzRSUzQyUyRnNwYW4lM0UlM0MlMkZkaXYlM0UlMEElMDklM0MlMkZzcGFuJTNFJTBBJTA5JTNDZGl2JTIwY2xhc3MlM0QlMjJzb2NpYWwtaW1tbyUyMiUzRSUwQSUwOSUwOSUzQ2ltZyUyMHNyYyUzRCUyMmh0dHBzJTNBJTJGJTJGd3d3LmFkZHBsdXMuaXQlMkZ3cC1jb250ZW50JTJGdXBsb2FkcyUyRjIwMjElMkYxMCUyRmZhY2Vib29rX2JfMzB4LnBuZyUyMiUyMCUyRiUzRSUwQSUwOSUwOSUzQ2ltZyUyMHNyYyUzRCUyMmh0dHBzJTNBJTJGJTJGd3d3LmFkZHBsdXMuaXQlMkZ3cC1jb250ZW50JTJGdXBsb2FkcyUyRjIwMjElMkYxMCUyRnlvdXR1YmVfYl8zMHgucG5nJTIyJTIwJTJGJTNFJTBBJTA5JTNDJTJGZGl2JTNFJTBBJTA5JTNDZGl2JTIwY2xhc3MlM0QlMjJmb290ZXItbW9iJTIyJTNFJTBBJTA5JTA5JTNDaW1nJTIwc3JjJTNEJTIyaHR0cHMlM0ElMkYlMkZ3d3cuYWRkcGx1cy5pdCUyRndwLWNvbnRlbnQlMkZ1cGxvYWRzJTJGMjAyMSUyRjEwJTJGTHVja3lfZGVmYXVsdF8zMHgucG5nJTIyJTIwJTJGJTNFJTBBJTA5JTA5JTNDaW1nJTIwc3JjJTNEJTIyaHR0cHMlM0ElMkYlMkZ3d3cuYWRkcGx1cy5pdCUyRndwLWNvbnRlbnQlMkZ1cGxvYWRzJTJGMjAyMSUyRjEwJTJGQ29sbGVjdGlvbl8zMHgucG5nJTIyJTIwJTJGJTNFJTBBJTA5JTA5JTNDaW1nJTIwc3JjJTNEJTIyaHR0cHMlM0ElMkYlMkZ3d3cuYWRkcGx1cy5pdCUyRndwLWNvbnRlbnQlMkZ1cGxvYWRzJTJGMjAyMSUyRjEwJTJGU2VuZF8zMHgucG5nJTIyJTIwJTJGJTNFJTBBJTA5JTA5JTNDaW1nJTIwc3JjJTNEJTIyaHR0cHMlM0ElMkYlMkZ3d3cuYWRkcGx1cy5pdCUyRndwLWNvbnRlbnQlMkZ1cGxvYWRzJTJGMjAyMSUyRjEwJTJGRWRpdF9xbGJveF8zMHgucG5nJTIyJTIwJTJGJTNFJTBBJTA5JTNDJTJGZGl2JTNFJTBBJTNDJTJGZGl2JTNF[\/vc_raw_html][\/vc_column][\/vc_row][vc_row full_width=&#8221;stretch_row&#8221; css=&#8221;.vc_custom_1631533868749{padding-top: 180px !important;padding-bottom: 50px !important;background-image: url(https:\/\/www.addplus.it\/wp-content\/uploads\/2021\/07\/Sfondo-call-pre-footer.png?id=38436) !important;background-position: center !important;background-repeat: no-repeat !important;background-size: cover !important;}&#8221; el_class=&#8221;sol-pre-footer&#8221;][vc_column][vc_column_text]<\/p>\n<h3 style=\"text-align: center;\"><span style=\"color: #ffffff;\">Seus Media Kits est\u00e3o esperando por voc\u00ea.<\/span><\/h3>\n<p>[\/vc_column_text][vc_row_inner][vc_column_inner width=&#8221;1\/2&#8243; offset=&#8221;vc_col-lg-3 vc_col-md-3 vc_hidden-sm vc_hidden-xs&#8221;][\/vc_column_inner][vc_column_inner width=&#8221;1\/2&#8243; offset=&#8221;vc_col-lg-3 vc_col-md-3&#8243;]<style type=\"text\/css\">.thegem-button-69e781a58c2e11386.lazy-loading-before-start-animation .lazy-loading-item {opacity: 0;} body.thegem-effects-disabled .thegem-button-69e781a58c2e11386.lazy-loading-before-start-animation .lazy-loading-item {opacity: 1;}<\/style><style type=\"text\/css\">.thegem-button-69e781a58c2e11386 .gem-button svg {fill: #ffffff;}.thegem-button-69e781a58c2e11386 .gem-button:hover svg {fill: #8494c8;}<\/style><div class=\"gem-button-container gem-button-position-center thegem-button-69e781a58c2e11386 sol-btn    lazy-loading lazy-loading-before-start-animation\"  ><a title=\"Planos e Pre\u00e7os\" class=\"gem-button gem-button-size-medium gem-button-style-outline gem-button-text-weight-normal gem-button-border-2 lazy-loading-item\" data-ll-effect=\"drop-right-without-wrap\" style=\"border-radius: 8px;border-color: #ffffff;color: #ffffff;\" onmouseleave=\"this.style.borderColor='#ffffff';this.style.backgroundColor='transparent';this.style.color='#ffffff';\" onmouseenter=\"this.style.backgroundColor='#ffffff';this.style.color='#8494c8';\" href=\"https:\/\/www.addplus.it\/pt-br\/planos-e-precos\/\" target=\"_blank\">Escolha o seu plano<\/a><\/div> [\/vc_column_inner][vc_column_inner width=&#8221;1\/2&#8243; offset=&#8221;vc_col-lg-3 vc_col-md-3&#8243;]<style type=\"text\/css\">.thegem-button-69e781a58c3622356.lazy-loading-before-start-animation .lazy-loading-item {opacity: 0;} body.thegem-effects-disabled .thegem-button-69e781a58c3622356.lazy-loading-before-start-animation .lazy-loading-item {opacity: 1;}<\/style><style type=\"text\/css\">.thegem-button-69e781a58c3622356 .gem-button svg {fill: #8494c8;}.thegem-button-69e781a58c3622356 .gem-button:hover svg {fill: #556599;}<\/style><div class=\"gem-button-container gem-button-position-center thegem-button-69e781a58c3622356 sol-btn    lazy-loading lazy-loading-before-start-animation\"  ><a class=\"gem-button gem-button-size-medium gem-button-style-flat gem-button-text-weight-normal lazy-loading-item\" data-ll-effect=\"drop-right-without-wrap\" style=\"border-radius: 8px;background-color: #ffffff;color: #8494c8;\" onmouseleave=\"this.style.backgroundColor='#ffffff';this.style.color='#8494c8';\" onmouseenter=\"this.style.backgroundColor='#ffffff';this.style.color='#556599';\" href=\"https:\/\/qrcode.addplus.it\/public\/registra\/gratuito?lang=pt\" target=\"_blank\">Cadastre-se gratuitamente<\/a><\/div> [\/vc_column_inner][vc_column_inner width=&#8221;1\/4&#8243; offset=&#8221;vc_hidden-sm vc_hidden-xs&#8221;][\/vc_column_inner][\/vc_row_inner][\/vc_column][\/vc_row]<\/p>\n<\/div>","protected":false},"excerpt":{"rendered":"<p>[vc_row full_width=&#8221;stretch_row&#8221; css=&#8221;.vc_custom_1632732079511{margin-bottom: 0px !important;background-position: center !important;background-repeat: no-repeat !important;background-size: cover !important;}&#8221; el_class=&#8221;sol-first-row&#8221;][vc_column width=&#8221;1\/2&#8243; css_animation=&#8221;top-to-bottom&#8221;][vc_column_text] Uma linha direta com seus clientes&#8230;.<\/p>\n","protected":false},"author":1,"featured_media":0,"parent":37941,"menu_order":0,"comment_status":"closed","ping_status":"closed","template":"","meta":{"footnotes":""},"class_list":["post-38911","page","type-page","status-publish"],"yoast_head":"<!-- This site is optimized with the Yoast SEO plugin v26.7 - https:\/\/yoast.com\/wordpress\/plugins\/seo\/ -->\n<title>Como anunciar propriedades de sua ag\u00eancia imobili\u00e1ria | Add plus<\/title>\n<meta name=\"description\" content=\"Descubra como apresentar video tours virtuais, kits de fotos, localiza\u00e7\u00e3o, m\u00f3dulos dedicados aos seus clientes para receber feedback e muito mais.\" \/>\n<meta name=\"robots\" content=\"index, follow, max-snippet:-1, max-image-preview:large, max-video-preview:-1\" \/>\n<link rel=\"canonical\" href=\"https:\/\/www.addplus.it\/pt-br\/solucoes\/setor-imobiliario\/\" \/>\n<meta property=\"og:locale\" content=\"pt_BR\" \/>\n<meta property=\"og:type\" content=\"article\" \/>\n<meta property=\"og:title\" content=\"Como anunciar propriedades de sua ag\u00eancia imobili\u00e1ria | Add plus\" \/>\n<meta property=\"og:description\" content=\"Descubra como apresentar video tours virtuais, kits de fotos, localiza\u00e7\u00e3o, m\u00f3dulos dedicados aos seus clientes para receber feedback e muito mais.\" \/>\n<meta property=\"og:url\" content=\"https:\/\/www.addplus.it\/pt-br\/solucoes\/setor-imobiliario\/\" \/>\n<meta property=\"og:site_name\" content=\"Add plus\" \/>\n<meta property=\"article:modified_time\" content=\"2025-11-19T11:41:13+00:00\" \/>\n<meta name=\"twitter:card\" content=\"summary_large_image\" \/>\n<meta name=\"twitter:label1\" content=\"Est. tempo de leitura\" \/>\n\t<meta name=\"twitter:data1\" content=\"1 minuto\" \/>\n<script type=\"application\/ld+json\" class=\"yoast-schema-graph\">{\"@context\":\"https:\/\/schema.org\",\"@graph\":[{\"@type\":\"WebPage\",\"@id\":\"https:\/\/www.addplus.it\/pt-br\/solucoes\/setor-imobiliario\/\",\"url\":\"https:\/\/www.addplus.it\/pt-br\/solucoes\/setor-imobiliario\/\",\"name\":\"Como anunciar propriedades de sua ag\u00eancia imobili\u00e1ria | Add plus\",\"isPartOf\":{\"@id\":\"https:\/\/www.addplus.it\/pt-br\/#website\"},\"datePublished\":\"2021-07-27T07:52:51+00:00\",\"dateModified\":\"2025-11-19T11:41:13+00:00\",\"description\":\"Descubra como apresentar video tours virtuais, kits de fotos, localiza\u00e7\u00e3o, m\u00f3dulos dedicados aos seus clientes para receber feedback e muito mais.\",\"breadcrumb\":{\"@id\":\"https:\/\/www.addplus.it\/pt-br\/solucoes\/setor-imobiliario\/#breadcrumb\"},\"inLanguage\":\"pt-BR\",\"potentialAction\":[{\"@type\":\"ReadAction\",\"target\":[\"https:\/\/www.addplus.it\/pt-br\/solucoes\/setor-imobiliario\/\"]}]},{\"@type\":\"BreadcrumbList\",\"@id\":\"https:\/\/www.addplus.it\/pt-br\/solucoes\/setor-imobiliario\/#breadcrumb\",\"itemListElement\":[{\"@type\":\"ListItem\",\"position\":1,\"name\":\"Home\",\"item\":\"https:\/\/www.addplus.it\/pt-br\/\"},{\"@type\":\"ListItem\",\"position\":2,\"name\":\"Solu\u00e7\u00f5es\",\"item\":\"https:\/\/www.addplus.it\/pt-br\/solucoes\/\"},{\"@type\":\"ListItem\",\"position\":3,\"name\":\"Imobili\u00e1rio\"}]},{\"@type\":\"WebSite\",\"@id\":\"https:\/\/www.addplus.it\/pt-br\/#website\",\"url\":\"https:\/\/www.addplus.it\/pt-br\/\",\"name\":\"Add plus\",\"description\":\"Il primo Gestore Multi-link per Professionisti e PMI\",\"publisher\":{\"@id\":\"https:\/\/www.addplus.it\/pt-br\/#organization\"},\"potentialAction\":[{\"@type\":\"SearchAction\",\"target\":{\"@type\":\"EntryPoint\",\"urlTemplate\":\"https:\/\/www.addplus.it\/pt-br\/?s={search_term_string}\"},\"query-input\":{\"@type\":\"PropertyValueSpecification\",\"valueRequired\":true,\"valueName\":\"search_term_string\"}}],\"inLanguage\":\"pt-BR\"},{\"@type\":\"Organization\",\"@id\":\"https:\/\/www.addplus.it\/pt-br\/#organization\",\"name\":\"Add plus\",\"url\":\"https:\/\/www.addplus.it\/pt-br\/\",\"logo\":{\"@type\":\"ImageObject\",\"inLanguage\":\"pt-BR\",\"@id\":\"https:\/\/www.addplus.it\/pt-br\/#\/schema\/logo\/image\/\",\"url\":\"https:\/\/www.addplus.it\/wp-content\/uploads\/2019\/09\/logo-add-plus.png\",\"contentUrl\":\"https:\/\/www.addplus.it\/wp-content\/uploads\/2019\/09\/logo-add-plus.png\",\"width\":400,\"height\":300,\"caption\":\"Add plus\"},\"image\":{\"@id\":\"https:\/\/www.addplus.it\/pt-br\/#\/schema\/logo\/image\/\"}}]}<\/script>\n<!-- \/ Yoast SEO plugin. -->","yoast_head_json":{"title":"Como anunciar propriedades de sua ag\u00eancia imobili\u00e1ria | Add plus","description":"Descubra como apresentar video tours virtuais, kits de fotos, localiza\u00e7\u00e3o, m\u00f3dulos dedicados aos seus clientes para receber feedback e muito mais.","robots":{"index":"index","follow":"follow","max-snippet":"max-snippet:-1","max-image-preview":"max-image-preview:large","max-video-preview":"max-video-preview:-1"},"canonical":"https:\/\/www.addplus.it\/pt-br\/solucoes\/setor-imobiliario\/","og_locale":"pt_BR","og_type":"article","og_title":"Como anunciar propriedades de sua ag\u00eancia imobili\u00e1ria | Add plus","og_description":"Descubra como apresentar video tours virtuais, kits de fotos, localiza\u00e7\u00e3o, m\u00f3dulos dedicados aos seus clientes para receber feedback e muito mais.","og_url":"https:\/\/www.addplus.it\/pt-br\/solucoes\/setor-imobiliario\/","og_site_name":"Add plus","article_modified_time":"2025-11-19T11:41:13+00:00","twitter_card":"summary_large_image","twitter_misc":{"Est. tempo de leitura":"1 minuto"},"schema":{"@context":"https:\/\/schema.org","@graph":[{"@type":"WebPage","@id":"https:\/\/www.addplus.it\/pt-br\/solucoes\/setor-imobiliario\/","url":"https:\/\/www.addplus.it\/pt-br\/solucoes\/setor-imobiliario\/","name":"Como anunciar propriedades de sua ag\u00eancia imobili\u00e1ria | Add plus","isPartOf":{"@id":"https:\/\/www.addplus.it\/pt-br\/#website"},"datePublished":"2021-07-27T07:52:51+00:00","dateModified":"2025-11-19T11:41:13+00:00","description":"Descubra como apresentar video tours virtuais, kits de fotos, localiza\u00e7\u00e3o, m\u00f3dulos dedicados aos seus clientes para receber feedback e muito mais.","breadcrumb":{"@id":"https:\/\/www.addplus.it\/pt-br\/solucoes\/setor-imobiliario\/#breadcrumb"},"inLanguage":"pt-BR","potentialAction":[{"@type":"ReadAction","target":["https:\/\/www.addplus.it\/pt-br\/solucoes\/setor-imobiliario\/"]}]},{"@type":"BreadcrumbList","@id":"https:\/\/www.addplus.it\/pt-br\/solucoes\/setor-imobiliario\/#breadcrumb","itemListElement":[{"@type":"ListItem","position":1,"name":"Home","item":"https:\/\/www.addplus.it\/pt-br\/"},{"@type":"ListItem","position":2,"name":"Solu\u00e7\u00f5es","item":"https:\/\/www.addplus.it\/pt-br\/solucoes\/"},{"@type":"ListItem","position":3,"name":"Imobili\u00e1rio"}]},{"@type":"WebSite","@id":"https:\/\/www.addplus.it\/pt-br\/#website","url":"https:\/\/www.addplus.it\/pt-br\/","name":"Add plus","description":"Il primo Gestore Multi-link per Professionisti e PMI","publisher":{"@id":"https:\/\/www.addplus.it\/pt-br\/#organization"},"potentialAction":[{"@type":"SearchAction","target":{"@type":"EntryPoint","urlTemplate":"https:\/\/www.addplus.it\/pt-br\/?s={search_term_string}"},"query-input":{"@type":"PropertyValueSpecification","valueRequired":true,"valueName":"search_term_string"}}],"inLanguage":"pt-BR"},{"@type":"Organization","@id":"https:\/\/www.addplus.it\/pt-br\/#organization","name":"Add plus","url":"https:\/\/www.addplus.it\/pt-br\/","logo":{"@type":"ImageObject","inLanguage":"pt-BR","@id":"https:\/\/www.addplus.it\/pt-br\/#\/schema\/logo\/image\/","url":"https:\/\/www.addplus.it\/wp-content\/uploads\/2019\/09\/logo-add-plus.png","contentUrl":"https:\/\/www.addplus.it\/wp-content\/uploads\/2019\/09\/logo-add-plus.png","width":400,"height":300,"caption":"Add plus"},"image":{"@id":"https:\/\/www.addplus.it\/pt-br\/#\/schema\/logo\/image\/"}}]}},"_links":{"self":[{"href":"https:\/\/www.addplus.it\/pt-br\/wp-json\/wp\/v2\/pages\/38911","targetHints":{"allow":["GET"]}}],"collection":[{"href":"https:\/\/www.addplus.it\/pt-br\/wp-json\/wp\/v2\/pages"}],"about":[{"href":"https:\/\/www.addplus.it\/pt-br\/wp-json\/wp\/v2\/types\/page"}],"author":[{"embeddable":true,"href":"https:\/\/www.addplus.it\/pt-br\/wp-json\/wp\/v2\/users\/1"}],"replies":[{"embeddable":true,"href":"https:\/\/www.addplus.it\/pt-br\/wp-json\/wp\/v2\/comments?post=38911"}],"version-history":[{"count":8,"href":"https:\/\/www.addplus.it\/pt-br\/wp-json\/wp\/v2\/pages\/38911\/revisions"}],"predecessor-version":[{"id":73307,"href":"https:\/\/www.addplus.it\/pt-br\/wp-json\/wp\/v2\/pages\/38911\/revisions\/73307"}],"up":[{"embeddable":true,"href":"https:\/\/www.addplus.it\/pt-br\/wp-json\/wp\/v2\/pages\/37941"}],"wp:attachment":[{"href":"https:\/\/www.addplus.it\/pt-br\/wp-json\/wp\/v2\/media?parent=38911"}],"curies":[{"name":"wp","href":"https:\/\/api.w.org\/{rel}","templated":true}]}}