{"id":38898,"date":"2021-07-27T12:01:54","date_gmt":"2021-07-27T10:01:54","guid":{"rendered":"https:\/\/www.addplus.it\/solucoes\/settore-editoria\/"},"modified":"2025-11-19T12:46:44","modified_gmt":"2025-11-19T11:46:44","slug":"setor-publicacao-digital","status":"publish","type":"page","link":"https:\/\/www.addplus.it\/pt-br\/solucoes\/setor-publicacao-digital\/","title":{"rendered":"Publica\u00e7\u00e3o digital"},"content":{"rendered":"<div class=\"wpb-content-wrapper\"><p>[vc_row full_width=&#8221;stretch_row&#8221; css=&#8221;.vc_custom_1632736134742{margin-bottom: 0px !important;background-position: center !important;background-repeat: no-repeat !important;background-size: cover !important;}&#8221; el_class=&#8221;sol-first-row&#8221;][vc_column width=&#8221;1\/2&#8243; css_animation=&#8221;top-to-bottom&#8221;][vc_column_text]<\/p>\n<h2>A multim\u00eddia \u00e9 a f\u00f3rmula vencedora.<\/h2>\n<p>[\/vc_column_text][vc_column_text]The Media Kits of Add <em>plus <\/em>para hospedar a publica\u00e7\u00e3o de livros em formato digital.<br \/>\nUma f\u00f3rmula vencedora que coleta informa\u00e7\u00f5es em um formato digital \u00daNICO e PODEROSO; \u201cAument\u00e1-los\u201d para enriquecer os seus conte\u00fados, propondo uma oferta cultural e educativa potenciada com outros suportes, diferentes mas igualmente eficazes na comunica\u00e7\u00e3o e aprendizagem: textos, v\u00eddeos, \u00e1udio, links para sites, conte\u00fados na nuvem, etc.<\/p>\n<p>Todos consum\u00edveis em um &#8220;pacote digital&#8221; NA PONTA DE SEUS DEDOS.[\/vc_column_text][\/vc_column][vc_column width=&#8221;1\/2&#8243; css_animation=&#8221;fadeIn&#8221;][vc_raw_html]JTNDZGl2JTIwY2xhc3MlM0QlMjJtZWRpYWtpdC1lZGklMjIlM0UlMEElMDklM0NkaXYlMjBjbGFzcyUzRCUyMmhlYWRlci1tb2ItYmFjay1lZGklMjIlM0UlMEElMDklM0NpbWclMjBzcmMlM0QlMjJodHRwcyUzQSUyRiUyRnd3dy5hZGRwbHVzLml0JTJGd3AtY29udGVudCUyRnVwbG9hZHMlMkYyMDIxJTJGMTAlMkZsb2dvLWVkaXRvcmlhLnBuZyUyMiUyMGFsdCUzRCUyMiUyMiUyMHdpZHRoJTNEJTIyMjAlMjIlMjBoZWlnaHQlM0QlMjIyMCUyMiUzRSUwQSUwOSUzQ3NwYW4lMjBzdHlsZSUzRCUyMmZvbnQtc2l6ZSUzQTEuNHJlbSUyMCUzQiUyMGRpc3BsYXklM0FibG9jayUzQiUyMG1hcmdpbiUzQSUyMDEwcHglMjAwJTNCJTIwZGlzcGxheSUzQSUyMGJsb2NrJTNCJTIwbWFyZ2luJTNBJTIwMTBweCUyMDAlM0IlMjBwYWRkaW5nLWJvdHRvbSUzQSUyMDVweCUzQiUyMGZvbnQtd2VpZ2h0JTNBJTIwNTAwJTNCJTIwbGV0dGVyLXNwYWNpbmclM0ElMjAwLjdweCUzQiUyMGNvbG9yJTNBJTIwd2hpdGUlM0IlMjIlM0VSZXN1bW8lMjBlJTIwdmVyaWZpY2ElQzMlQTclQzMlQTNvJTIwZG8lMjBsaXZybyUzQyUyRnNwYW4lM0UlMEElMDklM0MlMkZkaXYlM0UlMEElMDklM0NzcGFuJTIwJTNFJTBBJTA5JTA5JTNDZGl2JTIwY2xhc3MlM0QlMjJzbWFydC1idG4tZWRpJTIwc2MlMjIlM0UlM0NzcGFuJTNFQ2FwJUMzJUFEdHVsbyUyMDElM0NpbWclMjBzcmMlM0QlMjJodHRwcyUzQSUyRiUyRnd3dy5hZGRwbHVzLml0JTJGd3AtY29udGVudCUyRnVwbG9hZHMlMkYyMDIxJTJGMTAlMkZjYXBpdG9sb19ibF8yNXgucG5nJTIyJTIwJTJGJTNFJTNDJTJGc3BhbiUzRSUzQyUyRmRpdiUzRSUwQSUwOSUwOSUzQ2RpdiUyMGNsYXNzJTNEJTIyc21hcnQtYnRuLWVkaSUyMGZyJTIyJTNFJTBBJTA5JTA5JTA5JTNDc3BhbiUzRUNvbnRlJUMzJUJBZG8lMjBkZSUyMHYlQzMlQURkZW8lM0NpbWclMjBzcmMlM0QlMjJodHRwcyUzQSUyRiUyRnd3dy5hZGRwbHVzLml0JTJGd3AtY29udGVudCUyRnVwbG9hZHMlMkYyMDIxJTJGMTAlMkZ2aWRlb19ibF8yNXgucG5nJTIyJTIwJTJGJTNFJTNDJTJGc3BhbiUzRSUwQSUwOSUwOSUwOSUzQ2RpdiUyMGNsYXNzJTNEJTIyZGVzY3JpcHRpb24tZWRpJTIyJTNFJTBBJTA5JTA5JTA5JTA5JTNDaW1nJTIwc3JjJTNEJTIyaHR0cHMlM0ElMkYlMkZ3d3cuYWRkcGx1cy5pdCUyRndwLWNvbnRlbnQlMkZ1cGxvYWRzJTJGMjAyMSUyRjEwJTJGc2NyZWVuLXZpZGVvLWVkaS5wbmclMjIlMjAlMkYlM0UlMEElMDklMDklMDklM0MlMkZkaXYlM0UlMEElMDklMDklM0MlMkZkaXYlM0UlMEElMjAlMjAlMjAlMjAlMjAlMjAlMjAlMjAlM0NkaXYlMjBjbGFzcyUzRCUyMnNtYXJ0LWJ0bi1lZGklMjB0ciUyMiUzRSUzQ3NwYW4lM0VWZXJpZmljYXIlM0NpbWclMjBzcmMlM0QlMjJodHRwcyUzQSUyRiUyRnd3dy5hZGRwbHVzLml0JTJGd3AtY29udGVudCUyRnVwbG9hZHMlMkYyMDIxJTJGMTAlMkZ2ZXJpZmljYV9ibF8yNXgucG5nJTIyJTIwJTJGJTNFJTNDJTJGc3BhbiUzRSUzQyUyRmRpdiUzRSUwQSUwOSUwOSUzQ2RpdiUyMGNsYXNzJTNEJTIyc21hcnQtYnRuLWVkaSUyMHFyJTIyJTNFJTNDc3BhbiUzRU1hdGVyaWFpcyUyMGRlJTIwZW5zaW5vJTNDaW1nJTIwc3JjJTNEJTIyaHR0cHMlM0ElMkYlMkZ3d3cuYWRkcGx1cy5pdCUyRndwLWNvbnRlbnQlMkZ1cGxvYWRzJTJGMjAyMSUyRjEwJTJGZG93bmxvYWRfYmxfMjV4LnBuZyUyMiUyMCUyRiUzRSUzQyUyRnNwYW4lM0UlM0MlMkZkaXYlM0UlMEElMDklM0MlMkZzcGFuJTNFJTBBJTA5JTNDZGl2JTIwY2xhc3MlM0QlMjJmb290ZXItbW9iJTIyJTIwc3R5bGUlM0QlMjJib3JkZXItdG9wJTNBJTIwMXB4JTIwc29saWQlMjAlMjNjY2MlM0IlMjIlM0UlMEElMDklMDklM0NpbWclMjBzcmMlM0QlMjJodHRwcyUzQSUyRiUyRnd3dy5hZGRwbHVzLml0JTJGd3AtY29udGVudCUyRnVwbG9hZHMlMkYyMDIxJTJGMTAlMkZMdWNreV9kZWZhdWx0XzMweC5wbmclMjIlMjAlMkYlM0UlMEElMDklMDklM0NpbWclMjBzcmMlM0QlMjJodHRwcyUzQSUyRiUyRnd3dy5hZGRwbHVzLml0JTJGd3AtY29udGVudCUyRnVwbG9hZHMlMkYyMDIxJTJGMTAlMkZDb2xsZWN0aW9uXzMweC5wbmclMjIlMjAlMkYlM0UlMEElMDklMDklM0NpbWclMjBzcmMlM0QlMjJodHRwcyUzQSUyRiUyRnd3dy5hZGRwbHVzLml0JTJGd3AtY29udGVudCUyRnVwbG9hZHMlMkYyMDIxJTJGMTAlMkZTZW5kXzMweC5wbmclMjIlMjAlMkYlM0UlMEElMDklMDklM0NpbWclMjBzcmMlM0QlMjJodHRwcyUzQSUyRiUyRnd3dy5hZGRwbHVzLml0JTJGd3AtY29udGVudCUyRnVwbG9hZHMlMkYyMDIxJTJGMTAlMkZFZGl0X3FsYm94XzMweC5wbmclMjIlMjAlMkYlM0UlMEElMDklM0MlMkZkaXYlM0UlMEElM0MlMkZkaXYlM0U=[\/vc_raw_html][\/vc_column][\/vc_row][vc_row full_width=&#8221;stretch_row&#8221; css=&#8221;.vc_custom_1631533868749{padding-top: 180px !important;padding-bottom: 50px !important;background-image: url(https:\/\/www.addplus.it\/wp-content\/uploads\/2021\/07\/Sfondo-call-pre-footer.png?id=38436) !important;background-position: center !important;background-repeat: no-repeat !important;background-size: cover !important;}&#8221; el_class=&#8221;sol-pre-footer&#8221;][vc_column][vc_column_text]<\/p>\n<h3 style=\"text-align: center;\"><span style=\"color: #ffffff;\">Seus Media Kits est\u00e3o esperando por voc\u00ea.<\/span><\/h3>\n<p>[\/vc_column_text][vc_row_inner][vc_column_inner width=&#8221;1\/2&#8243; offset=&#8221;vc_col-lg-3 vc_col-md-3 vc_hidden-sm vc_hidden-xs&#8221;][\/vc_column_inner][vc_column_inner width=&#8221;1\/2&#8243; offset=&#8221;vc_col-lg-3 vc_col-md-3&#8243;]<style type=\"text\/css\">.thegem-button-69e7700316f043719.lazy-loading-before-start-animation .lazy-loading-item {opacity: 0;} body.thegem-effects-disabled .thegem-button-69e7700316f043719.lazy-loading-before-start-animation .lazy-loading-item {opacity: 1;}<\/style><style type=\"text\/css\">.thegem-button-69e7700316f043719 .gem-button svg {fill: #ffffff;}.thegem-button-69e7700316f043719 .gem-button:hover svg {fill: #8494c8;}<\/style><div class=\"gem-button-container gem-button-position-center thegem-button-69e7700316f043719 sol-btn    lazy-loading lazy-loading-before-start-animation\"  ><a title=\"Planos e Pre\u00e7os\" class=\"gem-button gem-button-size-medium gem-button-style-outline gem-button-text-weight-normal gem-button-border-2 lazy-loading-item\" data-ll-effect=\"drop-right-without-wrap\" style=\"border-radius: 8px;border-color: #ffffff;color: #ffffff;\" onmouseleave=\"this.style.borderColor='#ffffff';this.style.backgroundColor='transparent';this.style.color='#ffffff';\" onmouseenter=\"this.style.backgroundColor='#ffffff';this.style.color='#8494c8';\" href=\"https:\/\/www.addplus.it\/pt-br\/planos-e-precos\/\" target=\"_blank\">Escolha o seu plano<\/a><\/div> [\/vc_column_inner][vc_column_inner width=&#8221;1\/2&#8243; offset=&#8221;vc_col-lg-3 vc_col-md-3&#8243;]<style type=\"text\/css\">.thegem-button-69e7700316f861821.lazy-loading-before-start-animation .lazy-loading-item {opacity: 0;} body.thegem-effects-disabled .thegem-button-69e7700316f861821.lazy-loading-before-start-animation .lazy-loading-item {opacity: 1;}<\/style><style type=\"text\/css\">.thegem-button-69e7700316f861821 .gem-button svg {fill: #8494c8;}.thegem-button-69e7700316f861821 .gem-button:hover svg {fill: #556599;}<\/style><div class=\"gem-button-container gem-button-position-center thegem-button-69e7700316f861821 sol-btn    lazy-loading lazy-loading-before-start-animation\"  ><a class=\"gem-button gem-button-size-medium gem-button-style-flat gem-button-text-weight-normal lazy-loading-item\" data-ll-effect=\"drop-right-without-wrap\" style=\"border-radius: 8px;background-color: #ffffff;color: #8494c8;\" onmouseleave=\"this.style.backgroundColor='#ffffff';this.style.color='#8494c8';\" onmouseenter=\"this.style.backgroundColor='#ffffff';this.style.color='#556599';\" href=\"https:\/\/qrcode.addplus.it\/public\/registra\/gratuito?lang=pt\" target=\"_blank\">Cadastre-se gratuitamente<\/a><\/div> [\/vc_column_inner][vc_column_inner width=&#8221;1\/4&#8243; offset=&#8221;vc_hidden-sm vc_hidden-xs&#8221;][\/vc_column_inner][\/vc_row_inner][\/vc_column][\/vc_row]<\/p>\n<\/div>","protected":false},"excerpt":{"rendered":"<p>[vc_row full_width=&#8221;stretch_row&#8221; css=&#8221;.vc_custom_1632736134742{margin-bottom: 0px !important;background-position: center !important;background-repeat: no-repeat !important;background-size: cover !important;}&#8221; el_class=&#8221;sol-first-row&#8221;][vc_column width=&#8221;1\/2&#8243; css_animation=&#8221;top-to-bottom&#8221;][vc_column_text] A multim\u00eddia \u00e9 a f\u00f3rmula vencedora&#8230;.<\/p>\n","protected":false},"author":1,"featured_media":0,"parent":37941,"menu_order":0,"comment_status":"closed","ping_status":"closed","template":"","meta":{"footnotes":""},"class_list":["post-38898","page","type-page","status-publish"],"yoast_head":"<!-- This site is optimized with the Yoast SEO plugin v26.7 - https:\/\/yoast.com\/wordpress\/plugins\/seo\/ -->\n<title>Publica\u00e7\u00e3o digital para aumentar a informa\u00e7\u00e3o | Add plus<\/title>\n<meta name=\"description\" content=\"Descubra como usar o Add plus Media Kits para hospedar a publica\u00e7\u00e3o de livros em formato digital. Aproveite os benef\u00edcios da publica\u00e7\u00e3o digital.\" \/>\n<meta name=\"robots\" content=\"index, follow, max-snippet:-1, max-image-preview:large, max-video-preview:-1\" \/>\n<link rel=\"canonical\" href=\"https:\/\/www.addplus.it\/pt-br\/solucoes\/setor-publicacao-digital\/\" \/>\n<meta property=\"og:locale\" content=\"pt_BR\" \/>\n<meta property=\"og:type\" content=\"article\" \/>\n<meta property=\"og:title\" content=\"Publica\u00e7\u00e3o digital para aumentar a informa\u00e7\u00e3o | Add plus\" \/>\n<meta property=\"og:description\" content=\"Descubra como usar o Add plus Media Kits para hospedar a publica\u00e7\u00e3o de livros em formato digital. Aproveite os benef\u00edcios da publica\u00e7\u00e3o digital.\" \/>\n<meta property=\"og:url\" content=\"https:\/\/www.addplus.it\/pt-br\/solucoes\/setor-publicacao-digital\/\" \/>\n<meta property=\"og:site_name\" content=\"Add plus\" \/>\n<meta property=\"article:modified_time\" content=\"2025-11-19T11:46:44+00:00\" \/>\n<meta name=\"twitter:card\" content=\"summary_large_image\" \/>\n<meta name=\"twitter:label1\" content=\"Est. tempo de leitura\" \/>\n\t<meta name=\"twitter:data1\" content=\"1 minuto\" \/>\n<script type=\"application\/ld+json\" class=\"yoast-schema-graph\">{\"@context\":\"https:\/\/schema.org\",\"@graph\":[{\"@type\":\"WebPage\",\"@id\":\"https:\/\/www.addplus.it\/pt-br\/solucoes\/setor-publicacao-digital\/\",\"url\":\"https:\/\/www.addplus.it\/pt-br\/solucoes\/setor-publicacao-digital\/\",\"name\":\"Publica\u00e7\u00e3o digital para aumentar a informa\u00e7\u00e3o | Add plus\",\"isPartOf\":{\"@id\":\"https:\/\/www.addplus.it\/pt-br\/#website\"},\"datePublished\":\"2021-07-27T10:01:54+00:00\",\"dateModified\":\"2025-11-19T11:46:44+00:00\",\"description\":\"Descubra como usar o Add plus Media Kits para hospedar a publica\u00e7\u00e3o de livros em formato digital. Aproveite os benef\u00edcios da publica\u00e7\u00e3o digital.\",\"breadcrumb\":{\"@id\":\"https:\/\/www.addplus.it\/pt-br\/solucoes\/setor-publicacao-digital\/#breadcrumb\"},\"inLanguage\":\"pt-BR\",\"potentialAction\":[{\"@type\":\"ReadAction\",\"target\":[\"https:\/\/www.addplus.it\/pt-br\/solucoes\/setor-publicacao-digital\/\"]}]},{\"@type\":\"BreadcrumbList\",\"@id\":\"https:\/\/www.addplus.it\/pt-br\/solucoes\/setor-publicacao-digital\/#breadcrumb\",\"itemListElement\":[{\"@type\":\"ListItem\",\"position\":1,\"name\":\"Home\",\"item\":\"https:\/\/www.addplus.it\/pt-br\/\"},{\"@type\":\"ListItem\",\"position\":2,\"name\":\"Solu\u00e7\u00f5es\",\"item\":\"https:\/\/www.addplus.it\/pt-br\/solucoes\/\"},{\"@type\":\"ListItem\",\"position\":3,\"name\":\"Publica\u00e7\u00e3o digital\"}]},{\"@type\":\"WebSite\",\"@id\":\"https:\/\/www.addplus.it\/pt-br\/#website\",\"url\":\"https:\/\/www.addplus.it\/pt-br\/\",\"name\":\"Add plus\",\"description\":\"Il primo Gestore Multi-link per Professionisti e PMI\",\"publisher\":{\"@id\":\"https:\/\/www.addplus.it\/pt-br\/#organization\"},\"potentialAction\":[{\"@type\":\"SearchAction\",\"target\":{\"@type\":\"EntryPoint\",\"urlTemplate\":\"https:\/\/www.addplus.it\/pt-br\/?s={search_term_string}\"},\"query-input\":{\"@type\":\"PropertyValueSpecification\",\"valueRequired\":true,\"valueName\":\"search_term_string\"}}],\"inLanguage\":\"pt-BR\"},{\"@type\":\"Organization\",\"@id\":\"https:\/\/www.addplus.it\/pt-br\/#organization\",\"name\":\"Add plus\",\"url\":\"https:\/\/www.addplus.it\/pt-br\/\",\"logo\":{\"@type\":\"ImageObject\",\"inLanguage\":\"pt-BR\",\"@id\":\"https:\/\/www.addplus.it\/pt-br\/#\/schema\/logo\/image\/\",\"url\":\"https:\/\/www.addplus.it\/wp-content\/uploads\/2019\/09\/logo-add-plus.png\",\"contentUrl\":\"https:\/\/www.addplus.it\/wp-content\/uploads\/2019\/09\/logo-add-plus.png\",\"width\":400,\"height\":300,\"caption\":\"Add plus\"},\"image\":{\"@id\":\"https:\/\/www.addplus.it\/pt-br\/#\/schema\/logo\/image\/\"}}]}<\/script>\n<!-- \/ Yoast SEO plugin. -->","yoast_head_json":{"title":"Publica\u00e7\u00e3o digital para aumentar a informa\u00e7\u00e3o | Add plus","description":"Descubra como usar o Add plus Media Kits para hospedar a publica\u00e7\u00e3o de livros em formato digital. Aproveite os benef\u00edcios da publica\u00e7\u00e3o digital.","robots":{"index":"index","follow":"follow","max-snippet":"max-snippet:-1","max-image-preview":"max-image-preview:large","max-video-preview":"max-video-preview:-1"},"canonical":"https:\/\/www.addplus.it\/pt-br\/solucoes\/setor-publicacao-digital\/","og_locale":"pt_BR","og_type":"article","og_title":"Publica\u00e7\u00e3o digital para aumentar a informa\u00e7\u00e3o | Add plus","og_description":"Descubra como usar o Add plus Media Kits para hospedar a publica\u00e7\u00e3o de livros em formato digital. Aproveite os benef\u00edcios da publica\u00e7\u00e3o digital.","og_url":"https:\/\/www.addplus.it\/pt-br\/solucoes\/setor-publicacao-digital\/","og_site_name":"Add plus","article_modified_time":"2025-11-19T11:46:44+00:00","twitter_card":"summary_large_image","twitter_misc":{"Est. tempo de leitura":"1 minuto"},"schema":{"@context":"https:\/\/schema.org","@graph":[{"@type":"WebPage","@id":"https:\/\/www.addplus.it\/pt-br\/solucoes\/setor-publicacao-digital\/","url":"https:\/\/www.addplus.it\/pt-br\/solucoes\/setor-publicacao-digital\/","name":"Publica\u00e7\u00e3o digital para aumentar a informa\u00e7\u00e3o | Add plus","isPartOf":{"@id":"https:\/\/www.addplus.it\/pt-br\/#website"},"datePublished":"2021-07-27T10:01:54+00:00","dateModified":"2025-11-19T11:46:44+00:00","description":"Descubra como usar o Add plus Media Kits para hospedar a publica\u00e7\u00e3o de livros em formato digital. Aproveite os benef\u00edcios da publica\u00e7\u00e3o digital.","breadcrumb":{"@id":"https:\/\/www.addplus.it\/pt-br\/solucoes\/setor-publicacao-digital\/#breadcrumb"},"inLanguage":"pt-BR","potentialAction":[{"@type":"ReadAction","target":["https:\/\/www.addplus.it\/pt-br\/solucoes\/setor-publicacao-digital\/"]}]},{"@type":"BreadcrumbList","@id":"https:\/\/www.addplus.it\/pt-br\/solucoes\/setor-publicacao-digital\/#breadcrumb","itemListElement":[{"@type":"ListItem","position":1,"name":"Home","item":"https:\/\/www.addplus.it\/pt-br\/"},{"@type":"ListItem","position":2,"name":"Solu\u00e7\u00f5es","item":"https:\/\/www.addplus.it\/pt-br\/solucoes\/"},{"@type":"ListItem","position":3,"name":"Publica\u00e7\u00e3o digital"}]},{"@type":"WebSite","@id":"https:\/\/www.addplus.it\/pt-br\/#website","url":"https:\/\/www.addplus.it\/pt-br\/","name":"Add plus","description":"Il primo Gestore Multi-link per Professionisti e PMI","publisher":{"@id":"https:\/\/www.addplus.it\/pt-br\/#organization"},"potentialAction":[{"@type":"SearchAction","target":{"@type":"EntryPoint","urlTemplate":"https:\/\/www.addplus.it\/pt-br\/?s={search_term_string}"},"query-input":{"@type":"PropertyValueSpecification","valueRequired":true,"valueName":"search_term_string"}}],"inLanguage":"pt-BR"},{"@type":"Organization","@id":"https:\/\/www.addplus.it\/pt-br\/#organization","name":"Add plus","url":"https:\/\/www.addplus.it\/pt-br\/","logo":{"@type":"ImageObject","inLanguage":"pt-BR","@id":"https:\/\/www.addplus.it\/pt-br\/#\/schema\/logo\/image\/","url":"https:\/\/www.addplus.it\/wp-content\/uploads\/2019\/09\/logo-add-plus.png","contentUrl":"https:\/\/www.addplus.it\/wp-content\/uploads\/2019\/09\/logo-add-plus.png","width":400,"height":300,"caption":"Add plus"},"image":{"@id":"https:\/\/www.addplus.it\/pt-br\/#\/schema\/logo\/image\/"}}]}},"_links":{"self":[{"href":"https:\/\/www.addplus.it\/pt-br\/wp-json\/wp\/v2\/pages\/38898","targetHints":{"allow":["GET"]}}],"collection":[{"href":"https:\/\/www.addplus.it\/pt-br\/wp-json\/wp\/v2\/pages"}],"about":[{"href":"https:\/\/www.addplus.it\/pt-br\/wp-json\/wp\/v2\/types\/page"}],"author":[{"embeddable":true,"href":"https:\/\/www.addplus.it\/pt-br\/wp-json\/wp\/v2\/users\/1"}],"replies":[{"embeddable":true,"href":"https:\/\/www.addplus.it\/pt-br\/wp-json\/wp\/v2\/comments?post=38898"}],"version-history":[{"count":9,"href":"https:\/\/www.addplus.it\/pt-br\/wp-json\/wp\/v2\/pages\/38898\/revisions"}],"predecessor-version":[{"id":73323,"href":"https:\/\/www.addplus.it\/pt-br\/wp-json\/wp\/v2\/pages\/38898\/revisions\/73323"}],"up":[{"embeddable":true,"href":"https:\/\/www.addplus.it\/pt-br\/wp-json\/wp\/v2\/pages\/37941"}],"wp:attachment":[{"href":"https:\/\/www.addplus.it\/pt-br\/wp-json\/wp\/v2\/media?parent=38898"}],"curies":[{"name":"wp","href":"https:\/\/api.w.org\/{rel}","templated":true}]}}