{"id":38869,"date":"2021-07-27T11:59:03","date_gmt":"2021-07-27T09:59:03","guid":{"rendered":"https:\/\/www.addplus.it\/solucoes\/settore-agroalimentare\/"},"modified":"2025-11-19T12:39:50","modified_gmt":"2025-11-19T11:39:50","slug":"setor-agro-alimentar","status":"publish","type":"page","link":"https:\/\/www.addplus.it\/pt-br\/solucoes\/setor-agro-alimentar\/","title":{"rendered":"Agro-alimentar"},"content":{"rendered":"<div class=\"wpb-content-wrapper\"><p>[vc_row full_width=&#8221;stretch_row&#8221; css=&#8221;.vc_custom_1632731164119{margin-bottom: 0px !important;background-position: center !important;background-repeat: no-repeat !important;background-size: cover !important;}&#8221; el_class=&#8221;sol-first-row&#8221;][vc_column width=&#8221;1\/2&#8243; css_animation=&#8221;top-to-bottom&#8221;][vc_column_text]<\/p>\n<h2>Seus produtos falam de uma maneira \u00fanica.<\/h2>\n<p>[\/vc_column_text][vc_column_text]Voc\u00ea j\u00e1 pensou que seus produtos s\u00e3o os mais difundidos e capazes de vender &#8220;Agentes de Vendas&#8221;? Toda excel\u00eancia tem inerente a capacidade de se propor ao cliente simplesmente porque \u00e9 tal. Sua tarefa \u00e9 ger\u00e1-lo, com paix\u00e3o, dedica\u00e7\u00e3o e trabalho. Add <em>plus<\/em> oferece as ferramentas certas para que seus produtos possam se diferenciar e serem os mais vendidos, diretamente na mesa de seu consumidor.<\/p>\n<p>No Add <em>plus<\/em> voc\u00ea encontra os melhores r\u00f3tulos falantes prontos para sua embalagem e para vender &#8220;PRODUTO A PRODUTO&#8221;, sem intermedi\u00e1rios.[\/vc_column_text][\/vc_column][vc_column width=&#8221;1\/2&#8243; css_animation=&#8221;fadeIn&#8221;][vc_raw_html]JTNDJTIxLS1BR1JPQUxJTUVOVEFSRS0tJTNFJTBBJTNDZGl2JTIwY2xhc3MlM0QlMjJtZWRpYWtpdC1hZ3JvJTIyJTNFJTBBJTA5JTNDZGl2JTIwY2xhc3MlM0QlMjJoZWFkZXItbW9iLWJhY2stYWdybyUyMiUzRSUwQSUwOSUzQ2ltZyUyMHNyYyUzRCUyMmh0dHBzJTNBJTJGJTJGd3d3LmFkZHBsdXMuaXQlMkZ3cC1jb250ZW50JTJGdXBsb2FkcyUyRjIwMjElMkYxMCUyRmxvZ28tYWdyaS5wbmclMjIlMjBhbHQlM0QlMjIlMjIlMjB3aWR0aCUzRCUyMjIwJTIyJTIwaGVpZ2h0JTNEJTIyMjAlMjIlM0UlMEElMDklM0NzcGFuJTIwc3R5bGUlM0QlMjJmb250LXNpemUlM0ExLjRyZW0lM0IlMjBkaXNwbGF5JTNBYmxvY2slM0IlMjBtYXJnaW4lM0ElMjAxMHB4JTIwMCUzQiUyMGRpc3BsYXklM0ElMjBibG9jayUzQiUyMG1hcmdpbiUzQSUyMDEwcHglMjAwJTNCJTIwcGFkZGluZy1ib3R0b20lM0ElMjA1cHglM0IlMjBmb250LXdlaWdodCUzQSUyMDUwMCUzQiUyMGxldHRlci1zcGFjaW5nJTNBJTIwMC43cHglM0IlMjIlM0VNZWwlM0MlMkZzcGFuJTNFJTBBJTA5JTNDJTJGZGl2JTNFJTBBJTA5JTNDc3BhbiUyMCUzRSUwQSUwOSUwOSUzQ2RpdiUyMGNsYXNzJTNEJTIyc21hcnQtYnRuLWFncm8lMjBmciUyMiUzRSUwQSUwOSUwOSUwOSUzQ3NwYW4lM0VNZSUyMGNvbXByZSUzQ2ltZyUyMHNyYyUzRCUyMmh0dHBzJTNBJTJGJTJGd3d3LmFkZHBsdXMuaXQlMkZ3cC1jb250ZW50JTJGdXBsb2FkcyUyRjIwMjElMkYxMCUyRmNhcnRfMjV4LnBuZyUyMiUyMCUyRiUzRSUzQyUyRnNwYW4lM0UlMEElMDklMDklMDklM0NkaXYlMjBjbGFzcyUzRCUyMmJ1eW1lJTIyJTNFJTBBJTA5JTA5JTA5JTA5JTNDZGl2JTIwc3R5bGUlM0QlMjJ0ZXh0LWFsaWduJTNBY2VudGVyJTNCJTIwZm9udC1zaXplJTNBJTIwMS4ycmVtJTNCJTIwbGluZS1oZWlnaHQlM0ElMjAzJTNCJTIyJTNFUGFndWUlMjBjb20lMjBQYXlQYWwlM0MlMkZkaXYlM0UlMEElMDklMDklMDklMDklM0NkaXYlMjBzdHlsZSUzRCUyMnRleHQtYWxpZ24lM0FjZW50ZXIlM0IlMjIlM0UlM0NpbWclMjBzdHlsZSUzRCUyMndpZHRoJTNBJTIwOTAlMjUlM0IlMjIlMjBzcmMlM0QlMjJodHRwcyUzQSUyRiUyRnd3dy5hZGRwbHVzLml0JTJGd3AtY29udGVudCUyRnVwbG9hZHMlMkYyMDIxJTJGMTAlMkZidG5fY2FydF9MRy5naWYlMjIlMjAlMkYlM0UlM0MlMkZkaXYlM0UlMEElMDklMDklMDklM0MlMkZkaXYlM0UlMEElMDklMDklM0MlMkZkaXYlM0UlMEElMDklMDklM0NkaXYlMjBjbGFzcyUzRCUyMnNtYXJ0LWJ0bi1hZ3JvJTIwc2MlMjIlM0UlM0NzcGFuJTNFTm9zc2ElMjBjb2xlJUMzJUE3JUMzJUEzbyUzQ2ltZyUyMHNyYyUzRCUyMmh0dHBzJTNBJTJGJTJGd3d3LmFkZHBsdXMuaXQlMkZ3cC1jb250ZW50JTJGdXBsb2FkcyUyRjIwMjElMkYxMCUyRmxvdmVfYl8yNXgucG5nJTIyJTIwJTJGJTNFJTNDJTJGc3BhbiUzRSUzQyUyRmRpdiUzRSUwQSUwOSUwOSUzQ2RpdiUyMGNsYXNzJTNEJTIyc21hcnQtYnRuLWFncm8lMjB0ciUyMiUzRSUzQ3NwYW4lM0VTdWFzJTIwU29saWNpdGElQzMlQTclQzMlQjVlcyUzQ2ltZyUyMHNyYyUzRCUyMmh0dHBzJTNBJTJGJTJGd3d3LmFkZHBsdXMuaXQlMkZ3cC1jb250ZW50JTJGdXBsb2FkcyUyRjIwMjElMkYxMCUyRmluZm9ybWF0aW9uX2JfMjV4LnBuZyUyMiUyMCUyRiUzRSUzQyUyRnNwYW4lM0UlM0MlMkZkaXYlM0UlMEElMDklM0MlMkZzcGFuJTNFJTBBJTA5JTNDZGl2JTIwY2xhc3MlM0QlMjJzb2NpYWwtYWdyaSUyMiUzRSUwQSUwOSUwOSUzQ2ltZyUyMHNyYyUzRCUyMmh0dHBzJTNBJTJGJTJGd3d3LmFkZHBsdXMuaXQlMkZ3cC1jb250ZW50JTJGdXBsb2FkcyUyRjIwMjElMkYxMCUyRmZhY2Vib29rX2JfMzB4LnBuZyUyMiUyMCUyRiUzRSUwQSUwOSUwOSUzQ2ltZyUyMHNyYyUzRCUyMmh0dHBzJTNBJTJGJTJGd3d3LmFkZHBsdXMuaXQlMkZ3cC1jb250ZW50JTJGdXBsb2FkcyUyRjIwMjElMkYxMCUyRnlvdXR1YmVfYl8zMHgucG5nJTIyJTIwJTJGJTNFJTBBJTA5JTA5JTNDaW1nJTIwc3JjJTNEJTIyaHR0cHMlM0ElMkYlMkZ3d3cuYWRkcGx1cy5pdCUyRndwLWNvbnRlbnQlMkZ1cGxvYWRzJTJGMjAyMSUyRjEwJTJGaW5zdGFncmFtX2JfMzB4LnBuZyUyMiUyMCUyRiUzRSUwQSUwOSUzQyUyRmRpdiUzRSUwQSUwOSUzQ2RpdiUyMGNsYXNzJTNEJTIyZm9vdGVyLW1vYiUyMiUzRSUwQSUwOSUwOSUzQ2ltZyUyMHNyYyUzRCUyMmh0dHBzJTNBJTJGJTJGd3d3LmFkZHBsdXMuaXQlMkZ3cC1jb250ZW50JTJGdXBsb2FkcyUyRjIwMjElMkYxMCUyRkx1Y2t5X2RlZmF1bHRfMzB4LnBuZyUyMiUyMCUyRiUzRSUwQSUwOSUwOSUzQ2ltZyUyMHNyYyUzRCUyMmh0dHBzJTNBJTJGJTJGd3d3LmFkZHBsdXMuaXQlMkZ3cC1jb250ZW50JTJGdXBsb2FkcyUyRjIwMjElMkYxMCUyRkNvbGxlY3Rpb25fMzB4LnBuZyUyMiUyMCUyRiUzRSUwQSUwOSUwOSUzQ2ltZyUyMHNyYyUzRCUyMmh0dHBzJTNBJTJGJTJGd3d3LmFkZHBsdXMuaXQlMkZ3cC1jb250ZW50JTJGdXBsb2FkcyUyRjIwMjElMkYxMCUyRlNlbmRfMzB4LnBuZyUyMiUyMCUyRiUzRSUwQSUwOSUwOSUzQ2ltZyUyMHNyYyUzRCUyMmh0dHBzJTNBJTJGJTJGd3d3LmFkZHBsdXMuaXQlMkZ3cC1jb250ZW50JTJGdXBsb2FkcyUyRjIwMjElMkYxMCUyRkVkaXRfcWxib3hfMzB4LnBuZyUyMiUyMCUyRiUzRSUwQSUwOSUzQyUyRmRpdiUzRSUwQSUzQyUyRmRpdiUzRQ==[\/vc_raw_html][\/vc_column][\/vc_row][vc_row full_width=&#8221;stretch_row&#8221; css=&#8221;.vc_custom_1631533868749{padding-top: 180px !important;padding-bottom: 50px !important;background-image: url(https:\/\/www.addplus.it\/wp-content\/uploads\/2021\/07\/Sfondo-call-pre-footer.png?id=38436) !important;background-position: center !important;background-repeat: no-repeat !important;background-size: cover !important;}&#8221; el_class=&#8221;sol-pre-footer&#8221;][vc_column][vc_column_text]<\/p>\n<h3 style=\"text-align: center;\"><span style=\"color: #ffffff;\">Seus Media Kits est\u00e3o esperando por voc\u00ea.<\/span><\/h3>\n<p>[\/vc_column_text][vc_row_inner][vc_column_inner width=&#8221;1\/2&#8243; offset=&#8221;vc_col-lg-3 vc_col-md-3 vc_hidden-sm vc_hidden-xs&#8221;][\/vc_column_inner][vc_column_inner width=&#8221;1\/2&#8243; offset=&#8221;vc_col-lg-3 vc_col-md-3&#8243;]<style type=\"text\/css\">.thegem-button-69e76fd60c2932826.lazy-loading-before-start-animation .lazy-loading-item {opacity: 0;} body.thegem-effects-disabled .thegem-button-69e76fd60c2932826.lazy-loading-before-start-animation .lazy-loading-item {opacity: 1;}<\/style><style type=\"text\/css\">.thegem-button-69e76fd60c2932826 .gem-button svg {fill: #ffffff;}.thegem-button-69e76fd60c2932826 .gem-button:hover svg {fill: #8494c8;}<\/style><div class=\"gem-button-container gem-button-position-center thegem-button-69e76fd60c2932826 sol-btn    lazy-loading lazy-loading-before-start-animation\"  ><a title=\"Planos e Pre\u00e7os\" class=\"gem-button gem-button-size-medium gem-button-style-outline gem-button-text-weight-normal gem-button-border-2 lazy-loading-item\" data-ll-effect=\"drop-right-without-wrap\" style=\"border-radius: 8px;border-color: #ffffff;color: #ffffff;\" onmouseleave=\"this.style.borderColor='#ffffff';this.style.backgroundColor='transparent';this.style.color='#ffffff';\" onmouseenter=\"this.style.backgroundColor='#ffffff';this.style.color='#8494c8';\" href=\"https:\/\/www.addplus.it\/pt-br\/planos-e-precos\/\" target=\"_blank\">Escolha o seu plano<\/a><\/div> [\/vc_column_inner][vc_column_inner width=&#8221;1\/2&#8243; offset=&#8221;vc_col-lg-3 vc_col-md-3&#8243;]<style type=\"text\/css\">.thegem-button-69e76fd60c343628.lazy-loading-before-start-animation .lazy-loading-item {opacity: 0;} body.thegem-effects-disabled .thegem-button-69e76fd60c343628.lazy-loading-before-start-animation .lazy-loading-item {opacity: 1;}<\/style><style type=\"text\/css\">.thegem-button-69e76fd60c343628 .gem-button svg {fill: #8494c8;}.thegem-button-69e76fd60c343628 .gem-button:hover svg {fill: #556599;}<\/style><div class=\"gem-button-container gem-button-position-center thegem-button-69e76fd60c343628 sol-btn    lazy-loading lazy-loading-before-start-animation\"  ><a class=\"gem-button gem-button-size-medium gem-button-style-flat gem-button-text-weight-normal lazy-loading-item\" data-ll-effect=\"drop-right-without-wrap\" style=\"border-radius: 8px;background-color: #ffffff;color: #8494c8;\" onmouseleave=\"this.style.backgroundColor='#ffffff';this.style.color='#8494c8';\" onmouseenter=\"this.style.backgroundColor='#ffffff';this.style.color='#556599';\" href=\"https:\/\/qrcode.addplus.it\/public\/registra\/gratuito?lang=pt\" target=\"_blank\">Cadastre-se gratuitamente<\/a><\/div> [\/vc_column_inner][vc_column_inner width=&#8221;1\/4&#8243; offset=&#8221;vc_hidden-sm vc_hidden-xs&#8221;][\/vc_column_inner][\/vc_row_inner][\/vc_column][\/vc_row]<\/p>\n<\/div>","protected":false},"excerpt":{"rendered":"<p>[vc_row full_width=&#8221;stretch_row&#8221; css=&#8221;.vc_custom_1632731164119{margin-bottom: 0px !important;background-position: center !important;background-repeat: no-repeat !important;background-size: cover !important;}&#8221; el_class=&#8221;sol-first-row&#8221;][vc_column width=&#8221;1\/2&#8243; css_animation=&#8221;top-to-bottom&#8221;][vc_column_text] Seus produtos falam de uma maneira&#8230;<\/p>\n","protected":false},"author":1,"featured_media":0,"parent":37941,"menu_order":0,"comment_status":"closed","ping_status":"closed","template":"","meta":{"footnotes":""},"class_list":["post-38869","page","type-page","status-publish"],"yoast_head":"<!-- This site is optimized with the Yoast SEO plugin v26.7 - https:\/\/yoast.com\/wordpress\/plugins\/seo\/ -->\n<title>Vender o produto diretamente da mesa | Add plus<\/title>\n<meta name=\"description\" content=\"O Add plus oferece as ferramentas certas para que seus produtos possam dizer a eles e ser os mais vendidos de si mesmos. Descubra como.\" \/>\n<meta name=\"robots\" content=\"index, follow, max-snippet:-1, max-image-preview:large, max-video-preview:-1\" \/>\n<link rel=\"canonical\" href=\"https:\/\/www.addplus.it\/pt-br\/solucoes\/setor-agro-alimentar\/\" \/>\n<meta property=\"og:locale\" content=\"pt_BR\" \/>\n<meta property=\"og:type\" content=\"article\" \/>\n<meta property=\"og:title\" content=\"Vender o produto diretamente da mesa | Add plus\" \/>\n<meta property=\"og:description\" content=\"O Add plus oferece as ferramentas certas para que seus produtos possam dizer a eles e ser os mais vendidos de si mesmos. Descubra como.\" \/>\n<meta property=\"og:url\" content=\"https:\/\/www.addplus.it\/pt-br\/solucoes\/setor-agro-alimentar\/\" \/>\n<meta property=\"og:site_name\" content=\"Add plus\" \/>\n<meta property=\"article:modified_time\" content=\"2025-11-19T11:39:50+00:00\" \/>\n<meta name=\"twitter:card\" content=\"summary_large_image\" \/>\n<meta name=\"twitter:label1\" content=\"Est. tempo de leitura\" \/>\n\t<meta name=\"twitter:data1\" content=\"1 minuto\" \/>\n<script type=\"application\/ld+json\" class=\"yoast-schema-graph\">{\"@context\":\"https:\/\/schema.org\",\"@graph\":[{\"@type\":\"WebPage\",\"@id\":\"https:\/\/www.addplus.it\/pt-br\/solucoes\/setor-agro-alimentar\/\",\"url\":\"https:\/\/www.addplus.it\/pt-br\/solucoes\/setor-agro-alimentar\/\",\"name\":\"Vender o produto diretamente da mesa | Add plus\",\"isPartOf\":{\"@id\":\"https:\/\/www.addplus.it\/pt-br\/#website\"},\"datePublished\":\"2021-07-27T09:59:03+00:00\",\"dateModified\":\"2025-11-19T11:39:50+00:00\",\"description\":\"O Add plus oferece as ferramentas certas para que seus produtos possam dizer a eles e ser os mais vendidos de si mesmos. Descubra como.\",\"breadcrumb\":{\"@id\":\"https:\/\/www.addplus.it\/pt-br\/solucoes\/setor-agro-alimentar\/#breadcrumb\"},\"inLanguage\":\"pt-BR\",\"potentialAction\":[{\"@type\":\"ReadAction\",\"target\":[\"https:\/\/www.addplus.it\/pt-br\/solucoes\/setor-agro-alimentar\/\"]}]},{\"@type\":\"BreadcrumbList\",\"@id\":\"https:\/\/www.addplus.it\/pt-br\/solucoes\/setor-agro-alimentar\/#breadcrumb\",\"itemListElement\":[{\"@type\":\"ListItem\",\"position\":1,\"name\":\"Home\",\"item\":\"https:\/\/www.addplus.it\/pt-br\/\"},{\"@type\":\"ListItem\",\"position\":2,\"name\":\"Solu\u00e7\u00f5es\",\"item\":\"https:\/\/www.addplus.it\/pt-br\/solucoes\/\"},{\"@type\":\"ListItem\",\"position\":3,\"name\":\"Agro-alimentar\"}]},{\"@type\":\"WebSite\",\"@id\":\"https:\/\/www.addplus.it\/pt-br\/#website\",\"url\":\"https:\/\/www.addplus.it\/pt-br\/\",\"name\":\"Add plus\",\"description\":\"Il primo Gestore Multi-link per Professionisti e PMI\",\"publisher\":{\"@id\":\"https:\/\/www.addplus.it\/pt-br\/#organization\"},\"potentialAction\":[{\"@type\":\"SearchAction\",\"target\":{\"@type\":\"EntryPoint\",\"urlTemplate\":\"https:\/\/www.addplus.it\/pt-br\/?s={search_term_string}\"},\"query-input\":{\"@type\":\"PropertyValueSpecification\",\"valueRequired\":true,\"valueName\":\"search_term_string\"}}],\"inLanguage\":\"pt-BR\"},{\"@type\":\"Organization\",\"@id\":\"https:\/\/www.addplus.it\/pt-br\/#organization\",\"name\":\"Add plus\",\"url\":\"https:\/\/www.addplus.it\/pt-br\/\",\"logo\":{\"@type\":\"ImageObject\",\"inLanguage\":\"pt-BR\",\"@id\":\"https:\/\/www.addplus.it\/pt-br\/#\/schema\/logo\/image\/\",\"url\":\"https:\/\/www.addplus.it\/wp-content\/uploads\/2019\/09\/logo-add-plus.png\",\"contentUrl\":\"https:\/\/www.addplus.it\/wp-content\/uploads\/2019\/09\/logo-add-plus.png\",\"width\":400,\"height\":300,\"caption\":\"Add plus\"},\"image\":{\"@id\":\"https:\/\/www.addplus.it\/pt-br\/#\/schema\/logo\/image\/\"}}]}<\/script>\n<!-- \/ Yoast SEO plugin. -->","yoast_head_json":{"title":"Vender o produto diretamente da mesa | Add plus","description":"O Add plus oferece as ferramentas certas para que seus produtos possam dizer a eles e ser os mais vendidos de si mesmos. Descubra como.","robots":{"index":"index","follow":"follow","max-snippet":"max-snippet:-1","max-image-preview":"max-image-preview:large","max-video-preview":"max-video-preview:-1"},"canonical":"https:\/\/www.addplus.it\/pt-br\/solucoes\/setor-agro-alimentar\/","og_locale":"pt_BR","og_type":"article","og_title":"Vender o produto diretamente da mesa | Add plus","og_description":"O Add plus oferece as ferramentas certas para que seus produtos possam dizer a eles e ser os mais vendidos de si mesmos. Descubra como.","og_url":"https:\/\/www.addplus.it\/pt-br\/solucoes\/setor-agro-alimentar\/","og_site_name":"Add plus","article_modified_time":"2025-11-19T11:39:50+00:00","twitter_card":"summary_large_image","twitter_misc":{"Est. tempo de leitura":"1 minuto"},"schema":{"@context":"https:\/\/schema.org","@graph":[{"@type":"WebPage","@id":"https:\/\/www.addplus.it\/pt-br\/solucoes\/setor-agro-alimentar\/","url":"https:\/\/www.addplus.it\/pt-br\/solucoes\/setor-agro-alimentar\/","name":"Vender o produto diretamente da mesa | Add plus","isPartOf":{"@id":"https:\/\/www.addplus.it\/pt-br\/#website"},"datePublished":"2021-07-27T09:59:03+00:00","dateModified":"2025-11-19T11:39:50+00:00","description":"O Add plus oferece as ferramentas certas para que seus produtos possam dizer a eles e ser os mais vendidos de si mesmos. Descubra como.","breadcrumb":{"@id":"https:\/\/www.addplus.it\/pt-br\/solucoes\/setor-agro-alimentar\/#breadcrumb"},"inLanguage":"pt-BR","potentialAction":[{"@type":"ReadAction","target":["https:\/\/www.addplus.it\/pt-br\/solucoes\/setor-agro-alimentar\/"]}]},{"@type":"BreadcrumbList","@id":"https:\/\/www.addplus.it\/pt-br\/solucoes\/setor-agro-alimentar\/#breadcrumb","itemListElement":[{"@type":"ListItem","position":1,"name":"Home","item":"https:\/\/www.addplus.it\/pt-br\/"},{"@type":"ListItem","position":2,"name":"Solu\u00e7\u00f5es","item":"https:\/\/www.addplus.it\/pt-br\/solucoes\/"},{"@type":"ListItem","position":3,"name":"Agro-alimentar"}]},{"@type":"WebSite","@id":"https:\/\/www.addplus.it\/pt-br\/#website","url":"https:\/\/www.addplus.it\/pt-br\/","name":"Add plus","description":"Il primo Gestore Multi-link per Professionisti e PMI","publisher":{"@id":"https:\/\/www.addplus.it\/pt-br\/#organization"},"potentialAction":[{"@type":"SearchAction","target":{"@type":"EntryPoint","urlTemplate":"https:\/\/www.addplus.it\/pt-br\/?s={search_term_string}"},"query-input":{"@type":"PropertyValueSpecification","valueRequired":true,"valueName":"search_term_string"}}],"inLanguage":"pt-BR"},{"@type":"Organization","@id":"https:\/\/www.addplus.it\/pt-br\/#organization","name":"Add plus","url":"https:\/\/www.addplus.it\/pt-br\/","logo":{"@type":"ImageObject","inLanguage":"pt-BR","@id":"https:\/\/www.addplus.it\/pt-br\/#\/schema\/logo\/image\/","url":"https:\/\/www.addplus.it\/wp-content\/uploads\/2019\/09\/logo-add-plus.png","contentUrl":"https:\/\/www.addplus.it\/wp-content\/uploads\/2019\/09\/logo-add-plus.png","width":400,"height":300,"caption":"Add plus"},"image":{"@id":"https:\/\/www.addplus.it\/pt-br\/#\/schema\/logo\/image\/"}}]}},"_links":{"self":[{"href":"https:\/\/www.addplus.it\/pt-br\/wp-json\/wp\/v2\/pages\/38869","targetHints":{"allow":["GET"]}}],"collection":[{"href":"https:\/\/www.addplus.it\/pt-br\/wp-json\/wp\/v2\/pages"}],"about":[{"href":"https:\/\/www.addplus.it\/pt-br\/wp-json\/wp\/v2\/types\/page"}],"author":[{"embeddable":true,"href":"https:\/\/www.addplus.it\/pt-br\/wp-json\/wp\/v2\/users\/1"}],"replies":[{"embeddable":true,"href":"https:\/\/www.addplus.it\/pt-br\/wp-json\/wp\/v2\/comments?post=38869"}],"version-history":[{"count":9,"href":"https:\/\/www.addplus.it\/pt-br\/wp-json\/wp\/v2\/pages\/38869\/revisions"}],"predecessor-version":[{"id":73304,"href":"https:\/\/www.addplus.it\/pt-br\/wp-json\/wp\/v2\/pages\/38869\/revisions\/73304"}],"up":[{"embeddable":true,"href":"https:\/\/www.addplus.it\/pt-br\/wp-json\/wp\/v2\/pages\/37941"}],"wp:attachment":[{"href":"https:\/\/www.addplus.it\/pt-br\/wp-json\/wp\/v2\/media?parent=38869"}],"curies":[{"name":"wp","href":"https:\/\/api.w.org\/{rel}","templated":true}]}}