{"id":38054,"date":"2021-08-04T10:57:05","date_gmt":"2021-08-04T08:57:05","guid":{"rendered":"https:\/\/www.addplus.it\/solucoes\/pagine-web\/"},"modified":"2025-11-19T12:24:12","modified_gmt":"2025-11-19T11:24:12","slug":"paginas-web","status":"publish","type":"page","link":"https:\/\/www.addplus.it\/pt-br\/solucoes\/paginas-web\/","title":{"rendered":"Paginas web"},"content":{"rendered":"<div class=\"wpb-content-wrapper\"><p>[vc_row full_width=&#8221;stretch_row&#8221; css=&#8221;.vc_custom_1632219464242{margin-bottom: 0px !important;background-position: center !important;background-repeat: no-repeat !important;background-size: cover !important;}&#8221; el_class=&#8221;sol-first-row&#8221;][vc_column width=&#8221;1\/2&#8243; css_animation=&#8221;top-to-bottom&#8221;][vc_column_text]<\/p>\n<h2>Sem dom\u00ednios, servidores ou webmasters<\/h2>\n<p>[\/vc_column_text][vc_column_text]Com o Add <em>plus<\/em> Models voc\u00ea lidera o jogo. Escolha as WEB PAGES que mais gosta, personalize as cores, os \u00edcones e o texto que o descreve e j\u00e1 est\u00e1! Voc\u00ea pode criar p\u00e1ginas web descritivas simples, para seus artigos, na forma de um blog e at\u00e9 um WEBSITE, mesmo com uma url personalizada.<\/p>\n<p>E se isso n\u00e3o for suficiente, tente reuni-los em um \u00fanico Media Kit ativando a tecla Q. Sua comunica\u00e7\u00e3o online nunca foi t\u00e3o poderosa.<\/p>\n<p>Toda a web que voc\u00ea deseja em um \u00fanico aplicativo simples e eficaz.[\/vc_column_text][\/vc_column][vc_column width=&#8221;1\/2&#8243; css_animation=&#8221;fadeIn&#8221; el_class=&#8221;img-style&#8221;]<div class=\"gem-image gem-wrapbox gem-wrapbox-style-default gem-interactions-enabled gem-wrapbox-position-right  thegem-custom-69e770ad4ed549712\" data-mouse_effects=\"yes\" data-mouse_effects_direction=\"1\" data-mouse_effects_speed=\"0.3\" data-disable_effects_tablet=\"disable\" data-disable_effects_mobile=\"disable\"   style=\"\" ><div class=\"gem-wrapbox-inner \" ><img class=\"gem-wrapbox-element img-responsive\" src=\"https:\/\/www.addplus.it\/wp-content\/uploads\/2020\/07\/web-page-immediata.png\" alt=\"Como criar p\u00e1ginas da web\"\/><\/div><\/div>[\/vc_column][\/vc_row][vc_row full_width=&#8221;stretch_row&#8221; disable_element=&#8221;yes&#8221; css=&#8221;.vc_custom_1632219395355{margin-bottom: 0px !important;background-image: url(https:\/\/www.addplus.it\/wp-content\/uploads\/2021\/07\/Pocket-Media-Add-Plus-back1.jpg?id=37108) !important;background-position: center !important;background-repeat: no-repeat !important;background-size: cover !important;}&#8221; el_class=&#8221;sol-first-row&#8221;][vc_column width=&#8221;1\/2&#8243; css_animation=&#8221;top-to-bottom&#8221;][vc_column_text]<\/p>\n<h2>I tuoi contenuti in una pagina web<\/h2>\n<p>[\/vc_column_text][vc_column_text]Crea facilmente pagine web per promuovere i tuoi servizi.[\/vc_column_text]<style type=\"text\/css\">.thegem-button-69e770ad4f0b04298.lazy-loading-before-start-animation .lazy-loading-item {opacity: 0;} body.thegem-effects-disabled .thegem-button-69e770ad4f0b04298.lazy-loading-before-start-animation .lazy-loading-item {opacity: 1;}<\/style><div class=\"gem-button-container gem-button-position-inline thegem-button-69e770ad4f0b04298 sol-btn    lazy-loading lazy-loading-before-start-animation\"  ><a class=\"gem-button gem-button-size-medium gem-button-style-flat gem-button-text-weight-normal lazy-loading-item\" data-ll-effect=\"drop-right-without-wrap\" style=\"border-radius: 8px;background-color: #009166;\" onmouseleave=\"this.style.backgroundColor='#009166';\" onmouseenter=\"this.style.backgroundColor='#007754';\" href=\"https:\/\/qrcode.addplus.it\/public\/registra\" target=\"_blank\">Registrati<\/a><\/div> [\/vc_column][vc_column width=&#8221;1\/2&#8243; css_animation=&#8221;fadeIn&#8221; el_class=&#8221;img-style-2&#8243;]<div class=\"gem-image gem-wrapbox gem-wrapbox-style-default gem-interactions-enabled gem-wrapbox-position-below lazy-loading  thegem-custom-69e770ad4f0f42651\" data-mouse_effects=\"yes\" data-mouse_effects_direction=\"-1\" data-mouse_effects_speed=\"1\" data-disable_effects_tablet=\"disable\" data-disable_effects_mobile=\"disable\"   data-ll-item-delay=\"1\" style=\"\" ><div class=\"gem-wrapbox-inner  lazy-loading-item\"  data-ll-effect=\"move-up\"><img class=\"gem-wrapbox-element img-responsive\" src=\"https:\/\/www.addplus.it\/wp-content\/uploads\/2021\/07\/sfondo19-test.png\" alt=\"\"\/><\/div><\/div>[vc_row_inner][vc_column_inner el_class=&#8221;img-style&#8221;]<div class=\"gem-image gem-wrapbox gem-wrapbox-style-default gem-interactions-enabled gem-wrapbox-position-right  thegem-custom-69e770ad4f3f58743\" data-mouse_effects=\"yes\" data-mouse_effects_direction=\"1\" data-mouse_effects_speed=\"0.3\" data-disable_effects_tablet=\"disable\" data-disable_effects_mobile=\"disable\"   style=\"\" ><div class=\"gem-wrapbox-inner \" ><img class=\"gem-wrapbox-element img-responsive\" src=\"https:\/\/www.addplus.it\/wp-content\/uploads\/2020\/07\/web-page-immediata.png\" alt=\"Come creare una pagina web\"\/><\/div><\/div>[\/vc_column_inner][\/vc_row_inner][\/vc_column][\/vc_row][vc_row full_width=&#8221;stretch_row&#8221; disable_element=&#8221;yes&#8221; css=&#8221;.vc_custom_1632219402459{margin-bottom: 0px !important;background-color: #556599 !important;}&#8221; el_class=&#8221;blue-area&#8221;][vc_column][vc_column_text]<\/p>\n<h3 style=\"text-align: center;\">La tua Pagina Web senza acquistare dominio e server.<\/h3>\n<p>[\/vc_column_text][\/vc_column][vc_column width=&#8221;1\/2&#8243;]<div class=\"gem-gdpr-no-consent-wrap\" style=\"width:100%;padding-top: 56.25%;background-image:url(https:\/\/www.addplus.it\/wp-content\/plugins\/thegem-elements\/inc\/gdpr\/assets\/img\/bg-youtube.jpg)\"><div class=\"gem-gdpr-no-consent-inner\"><div class=\"gem-gdpr-no-consent-notice-text\"><i class=\"gem-consent-icon-youtube\"><\/i>This content is blocked. Please review your <a href=\"#\" class=\"btn-gdpr-preferences\">Privacy Preferences<\/a>.<\/div><\/div><\/div>[\/vc_column][vc_column width=&#8221;1\/2&#8243;][vc_column_text]Con la tipologia Web Page crea senza costi aggiuntivi (dominio, server, ecc.) una o pi\u00f9 pagine web che raccontino di te, della tua professione e dei servizi che proponi.<\/p>\n<p>Inserisci testi, tabelle, immagini, video, collegamenti, pulsanti di acquisto predefiniti e personalizzala con i tuoi colori ed il tuo logo. Potrai modificare anche il codice sorgente senza essere un esperto.<\/p>\n<p>Uno strumento facile ed intuitivo che ti consentir\u00e0 di essere presente nel web con la tua voce.[\/vc_column_text][\/vc_column][\/vc_row][vc_row full_width=&#8221;stretch_row&#8221; css=&#8221;.vc_custom_1632219490115{padding-top: 180px !important;padding-bottom: 50px !important;background-image: url(https:\/\/www.addplus.it\/wp-content\/uploads\/2021\/07\/Sfondo-call-pre-footer.png?id=38436) !important;background-position: center !important;background-repeat: no-repeat !important;background-size: cover !important;}&#8221; el_class=&#8221;sol-pre-footer&#8221;][vc_column][vc_column_text]<\/p>\n<h3 style=\"text-align: center;\"><span style=\"color: #ffffff;\">Seus Media Kits est\u00e3o esperando por voc\u00ea.<\/span><\/h3>\n<p>[\/vc_column_text][vc_row_inner][vc_column_inner width=&#8221;1\/4&#8243; offset=&#8221;vc_hidden-sm vc_hidden-xs&#8221;][\/vc_column_inner][vc_column_inner width=&#8221;1\/2&#8243; offset=&#8221;vc_col-lg-3 vc_col-md-3&#8243;]<style type=\"text\/css\">.thegem-button-69e770ad4f70f6127.lazy-loading-before-start-animation .lazy-loading-item {opacity: 0;} body.thegem-effects-disabled .thegem-button-69e770ad4f70f6127.lazy-loading-before-start-animation .lazy-loading-item {opacity: 1;}<\/style><style type=\"text\/css\">.thegem-button-69e770ad4f70f6127 .gem-button svg {fill: #ffffff;}.thegem-button-69e770ad4f70f6127 .gem-button:hover svg {fill: #8494c8;}<\/style><div class=\"gem-button-container gem-button-position-center thegem-button-69e770ad4f70f6127 sol-btn    lazy-loading lazy-loading-before-start-animation\"  ><a title=\"Planos e Pre\u00e7os\" class=\"gem-button gem-button-size-medium gem-button-style-outline gem-button-text-weight-normal gem-button-border-2 lazy-loading-item\" data-ll-effect=\"drop-right-without-wrap\" style=\"border-radius: 8px;border-color: #ffffff;color: #ffffff;\" onmouseleave=\"this.style.borderColor='#ffffff';this.style.backgroundColor='transparent';this.style.color='#ffffff';\" onmouseenter=\"this.style.backgroundColor='#ffffff';this.style.color='#8494c8';\" href=\"https:\/\/www.addplus.it\/pt-br\/planos-e-precos\/\" target=\"_blank\">Escolha o seu plano<\/a><\/div> [\/vc_column_inner][vc_column_inner width=&#8221;1\/2&#8243; offset=&#8221;vc_col-lg-3 vc_col-md-3&#8243;]<style type=\"text\/css\">.thegem-button-69e770ad4f7a45420.lazy-loading-before-start-animation .lazy-loading-item {opacity: 0;} body.thegem-effects-disabled .thegem-button-69e770ad4f7a45420.lazy-loading-before-start-animation .lazy-loading-item {opacity: 1;}<\/style><style type=\"text\/css\">.thegem-button-69e770ad4f7a45420 .gem-button svg {fill: #8494c8;}.thegem-button-69e770ad4f7a45420 .gem-button:hover svg {fill: #556599;}<\/style><div class=\"gem-button-container gem-button-position-center thegem-button-69e770ad4f7a45420 sol-btn    lazy-loading lazy-loading-before-start-animation\"  ><a class=\"gem-button gem-button-size-medium gem-button-style-flat gem-button-text-weight-normal lazy-loading-item\" data-ll-effect=\"drop-right-without-wrap\" style=\"border-radius: 8px;background-color: #ffffff;color: #8494c8;\" onmouseleave=\"this.style.backgroundColor='#ffffff';this.style.color='#8494c8';\" onmouseenter=\"this.style.backgroundColor='#ffffff';this.style.color='#556599';\" href=\"https:\/\/qrcode.addplus.it\/public\/registra\/gratuito?lang=pt\" target=\"_blank\">Cadastre-se gratuitamente<\/a><\/div> [\/vc_column_inner][vc_column_inner width=&#8221;1\/4&#8243; offset=&#8221;vc_hidden-sm vc_hidden-xs&#8221;][\/vc_column_inner][\/vc_row_inner][\/vc_column][\/vc_row]<\/p>\n<\/div>","protected":false},"excerpt":{"rendered":"<p>[vc_row full_width=&#8221;stretch_row&#8221; css=&#8221;.vc_custom_1632219464242{margin-bottom: 0px !important;background-position: center !important;background-repeat: no-repeat !important;background-size: cover !important;}&#8221; el_class=&#8221;sol-first-row&#8221;][vc_column width=&#8221;1\/2&#8243; css_animation=&#8221;top-to-bottom&#8221;][vc_column_text] Sem dom\u00ednios, servidores ou webmasters [\/vc_column_text][vc_column_text]Com&#8230;<\/p>\n","protected":false},"author":1,"featured_media":38055,"parent":37941,"menu_order":0,"comment_status":"closed","ping_status":"closed","template":"","meta":{"footnotes":""},"class_list":["post-38054","page","type-page","status-publish","has-post-thumbnail"],"yoast_head":"<!-- This site is optimized with the Yoast SEO plugin v26.7 - https:\/\/yoast.com\/wordpress\/plugins\/seo\/ -->\n<title>Como criar p\u00e1ginas da web de maneira f\u00e1cil | Add plus<\/title>\n<meta name=\"description\" content=\"Descubra como criar uma ou mais p\u00e1ginas da web. Promova seus servi\u00e7os profissionalmente sem comprar servidores.\" \/>\n<meta name=\"robots\" content=\"index, follow, max-snippet:-1, max-image-preview:large, max-video-preview:-1\" \/>\n<link rel=\"canonical\" href=\"https:\/\/www.addplus.it\/pt-br\/solucoes\/paginas-web\/\" \/>\n<meta property=\"og:locale\" content=\"pt_BR\" \/>\n<meta property=\"og:type\" content=\"article\" \/>\n<meta property=\"og:title\" content=\"Como criar p\u00e1ginas da web de maneira f\u00e1cil | Add plus\" \/>\n<meta property=\"og:description\" content=\"Descubra como criar uma ou mais p\u00e1ginas da web. Promova seus servi\u00e7os profissionalmente sem comprar servidores.\" \/>\n<meta property=\"og:url\" content=\"https:\/\/www.addplus.it\/pt-br\/solucoes\/paginas-web\/\" \/>\n<meta property=\"og:site_name\" content=\"Add plus\" \/>\n<meta property=\"article:modified_time\" content=\"2025-11-19T11:24:12+00:00\" \/>\n<meta property=\"og:image\" content=\"https:\/\/www.addplus.it\/wp-content\/uploads\/2020\/07\/web-page-immediata.png\" \/>\n\t<meta property=\"og:image:width\" content=\"1353\" \/>\n\t<meta property=\"og:image:height\" content=\"969\" \/>\n\t<meta property=\"og:image:type\" content=\"image\/png\" \/>\n<meta name=\"twitter:card\" content=\"summary_large_image\" \/>\n<meta name=\"twitter:label1\" content=\"Est. tempo de leitura\" \/>\n\t<meta name=\"twitter:data1\" content=\"3 minutos\" \/>\n<script type=\"application\/ld+json\" class=\"yoast-schema-graph\">{\"@context\":\"https:\/\/schema.org\",\"@graph\":[{\"@type\":\"WebPage\",\"@id\":\"https:\/\/www.addplus.it\/pt-br\/solucoes\/paginas-web\/\",\"url\":\"https:\/\/www.addplus.it\/pt-br\/solucoes\/paginas-web\/\",\"name\":\"Como criar p\u00e1ginas da web de maneira f\u00e1cil | Add plus\",\"isPartOf\":{\"@id\":\"https:\/\/www.addplus.it\/pt-br\/#website\"},\"primaryImageOfPage\":{\"@id\":\"https:\/\/www.addplus.it\/pt-br\/solucoes\/paginas-web\/#primaryimage\"},\"image\":{\"@id\":\"https:\/\/www.addplus.it\/pt-br\/solucoes\/paginas-web\/#primaryimage\"},\"thumbnailUrl\":\"https:\/\/www.addplus.it\/wp-content\/uploads\/2020\/07\/web-page-immediata.png\",\"datePublished\":\"2021-08-04T08:57:05+00:00\",\"dateModified\":\"2025-11-19T11:24:12+00:00\",\"description\":\"Descubra como criar uma ou mais p\u00e1ginas da web. Promova seus servi\u00e7os profissionalmente sem comprar servidores.\",\"breadcrumb\":{\"@id\":\"https:\/\/www.addplus.it\/pt-br\/solucoes\/paginas-web\/#breadcrumb\"},\"inLanguage\":\"pt-BR\",\"potentialAction\":[{\"@type\":\"ReadAction\",\"target\":[\"https:\/\/www.addplus.it\/pt-br\/solucoes\/paginas-web\/\"]}]},{\"@type\":\"ImageObject\",\"inLanguage\":\"pt-BR\",\"@id\":\"https:\/\/www.addplus.it\/pt-br\/solucoes\/paginas-web\/#primaryimage\",\"url\":\"https:\/\/www.addplus.it\/wp-content\/uploads\/2020\/07\/web-page-immediata.png\",\"contentUrl\":\"https:\/\/www.addplus.it\/wp-content\/uploads\/2020\/07\/web-page-immediata.png\",\"width\":1353,\"height\":969},{\"@type\":\"BreadcrumbList\",\"@id\":\"https:\/\/www.addplus.it\/pt-br\/solucoes\/paginas-web\/#breadcrumb\",\"itemListElement\":[{\"@type\":\"ListItem\",\"position\":1,\"name\":\"Home\",\"item\":\"https:\/\/www.addplus.it\/pt-br\/\"},{\"@type\":\"ListItem\",\"position\":2,\"name\":\"Solu\u00e7\u00f5es\",\"item\":\"https:\/\/www.addplus.it\/pt-br\/solucoes\/\"},{\"@type\":\"ListItem\",\"position\":3,\"name\":\"Paginas web\"}]},{\"@type\":\"WebSite\",\"@id\":\"https:\/\/www.addplus.it\/pt-br\/#website\",\"url\":\"https:\/\/www.addplus.it\/pt-br\/\",\"name\":\"Add plus\",\"description\":\"Il primo Gestore Multi-link per Professionisti e PMI\",\"publisher\":{\"@id\":\"https:\/\/www.addplus.it\/pt-br\/#organization\"},\"potentialAction\":[{\"@type\":\"SearchAction\",\"target\":{\"@type\":\"EntryPoint\",\"urlTemplate\":\"https:\/\/www.addplus.it\/pt-br\/?s={search_term_string}\"},\"query-input\":{\"@type\":\"PropertyValueSpecification\",\"valueRequired\":true,\"valueName\":\"search_term_string\"}}],\"inLanguage\":\"pt-BR\"},{\"@type\":\"Organization\",\"@id\":\"https:\/\/www.addplus.it\/pt-br\/#organization\",\"name\":\"Add plus\",\"url\":\"https:\/\/www.addplus.it\/pt-br\/\",\"logo\":{\"@type\":\"ImageObject\",\"inLanguage\":\"pt-BR\",\"@id\":\"https:\/\/www.addplus.it\/pt-br\/#\/schema\/logo\/image\/\",\"url\":\"https:\/\/www.addplus.it\/wp-content\/uploads\/2019\/09\/logo-add-plus.png\",\"contentUrl\":\"https:\/\/www.addplus.it\/wp-content\/uploads\/2019\/09\/logo-add-plus.png\",\"width\":400,\"height\":300,\"caption\":\"Add plus\"},\"image\":{\"@id\":\"https:\/\/www.addplus.it\/pt-br\/#\/schema\/logo\/image\/\"}}]}<\/script>\n<!-- \/ Yoast SEO plugin. -->","yoast_head_json":{"title":"Como criar p\u00e1ginas da web de maneira f\u00e1cil | Add plus","description":"Descubra como criar uma ou mais p\u00e1ginas da web. Promova seus servi\u00e7os profissionalmente sem comprar servidores.","robots":{"index":"index","follow":"follow","max-snippet":"max-snippet:-1","max-image-preview":"max-image-preview:large","max-video-preview":"max-video-preview:-1"},"canonical":"https:\/\/www.addplus.it\/pt-br\/solucoes\/paginas-web\/","og_locale":"pt_BR","og_type":"article","og_title":"Como criar p\u00e1ginas da web de maneira f\u00e1cil | Add plus","og_description":"Descubra como criar uma ou mais p\u00e1ginas da web. Promova seus servi\u00e7os profissionalmente sem comprar servidores.","og_url":"https:\/\/www.addplus.it\/pt-br\/solucoes\/paginas-web\/","og_site_name":"Add plus","article_modified_time":"2025-11-19T11:24:12+00:00","og_image":[{"width":1353,"height":969,"url":"https:\/\/www.addplus.it\/wp-content\/uploads\/2020\/07\/web-page-immediata.png","type":"image\/png"}],"twitter_card":"summary_large_image","twitter_misc":{"Est. tempo de leitura":"3 minutos"},"schema":{"@context":"https:\/\/schema.org","@graph":[{"@type":"WebPage","@id":"https:\/\/www.addplus.it\/pt-br\/solucoes\/paginas-web\/","url":"https:\/\/www.addplus.it\/pt-br\/solucoes\/paginas-web\/","name":"Como criar p\u00e1ginas da web de maneira f\u00e1cil | Add plus","isPartOf":{"@id":"https:\/\/www.addplus.it\/pt-br\/#website"},"primaryImageOfPage":{"@id":"https:\/\/www.addplus.it\/pt-br\/solucoes\/paginas-web\/#primaryimage"},"image":{"@id":"https:\/\/www.addplus.it\/pt-br\/solucoes\/paginas-web\/#primaryimage"},"thumbnailUrl":"https:\/\/www.addplus.it\/wp-content\/uploads\/2020\/07\/web-page-immediata.png","datePublished":"2021-08-04T08:57:05+00:00","dateModified":"2025-11-19T11:24:12+00:00","description":"Descubra como criar uma ou mais p\u00e1ginas da web. Promova seus servi\u00e7os profissionalmente sem comprar servidores.","breadcrumb":{"@id":"https:\/\/www.addplus.it\/pt-br\/solucoes\/paginas-web\/#breadcrumb"},"inLanguage":"pt-BR","potentialAction":[{"@type":"ReadAction","target":["https:\/\/www.addplus.it\/pt-br\/solucoes\/paginas-web\/"]}]},{"@type":"ImageObject","inLanguage":"pt-BR","@id":"https:\/\/www.addplus.it\/pt-br\/solucoes\/paginas-web\/#primaryimage","url":"https:\/\/www.addplus.it\/wp-content\/uploads\/2020\/07\/web-page-immediata.png","contentUrl":"https:\/\/www.addplus.it\/wp-content\/uploads\/2020\/07\/web-page-immediata.png","width":1353,"height":969},{"@type":"BreadcrumbList","@id":"https:\/\/www.addplus.it\/pt-br\/solucoes\/paginas-web\/#breadcrumb","itemListElement":[{"@type":"ListItem","position":1,"name":"Home","item":"https:\/\/www.addplus.it\/pt-br\/"},{"@type":"ListItem","position":2,"name":"Solu\u00e7\u00f5es","item":"https:\/\/www.addplus.it\/pt-br\/solucoes\/"},{"@type":"ListItem","position":3,"name":"Paginas web"}]},{"@type":"WebSite","@id":"https:\/\/www.addplus.it\/pt-br\/#website","url":"https:\/\/www.addplus.it\/pt-br\/","name":"Add plus","description":"Il primo Gestore Multi-link per Professionisti e PMI","publisher":{"@id":"https:\/\/www.addplus.it\/pt-br\/#organization"},"potentialAction":[{"@type":"SearchAction","target":{"@type":"EntryPoint","urlTemplate":"https:\/\/www.addplus.it\/pt-br\/?s={search_term_string}"},"query-input":{"@type":"PropertyValueSpecification","valueRequired":true,"valueName":"search_term_string"}}],"inLanguage":"pt-BR"},{"@type":"Organization","@id":"https:\/\/www.addplus.it\/pt-br\/#organization","name":"Add plus","url":"https:\/\/www.addplus.it\/pt-br\/","logo":{"@type":"ImageObject","inLanguage":"pt-BR","@id":"https:\/\/www.addplus.it\/pt-br\/#\/schema\/logo\/image\/","url":"https:\/\/www.addplus.it\/wp-content\/uploads\/2019\/09\/logo-add-plus.png","contentUrl":"https:\/\/www.addplus.it\/wp-content\/uploads\/2019\/09\/logo-add-plus.png","width":400,"height":300,"caption":"Add plus"},"image":{"@id":"https:\/\/www.addplus.it\/pt-br\/#\/schema\/logo\/image\/"}}]}},"_links":{"self":[{"href":"https:\/\/www.addplus.it\/pt-br\/wp-json\/wp\/v2\/pages\/38054","targetHints":{"allow":["GET"]}}],"collection":[{"href":"https:\/\/www.addplus.it\/pt-br\/wp-json\/wp\/v2\/pages"}],"about":[{"href":"https:\/\/www.addplus.it\/pt-br\/wp-json\/wp\/v2\/types\/page"}],"author":[{"embeddable":true,"href":"https:\/\/www.addplus.it\/pt-br\/wp-json\/wp\/v2\/users\/1"}],"replies":[{"embeddable":true,"href":"https:\/\/www.addplus.it\/pt-br\/wp-json\/wp\/v2\/comments?post=38054"}],"version-history":[{"count":10,"href":"https:\/\/www.addplus.it\/pt-br\/wp-json\/wp\/v2\/pages\/38054\/revisions"}],"predecessor-version":[{"id":73279,"href":"https:\/\/www.addplus.it\/pt-br\/wp-json\/wp\/v2\/pages\/38054\/revisions\/73279"}],"up":[{"embeddable":true,"href":"https:\/\/www.addplus.it\/pt-br\/wp-json\/wp\/v2\/pages\/37941"}],"wp:featuredmedia":[{"embeddable":true,"href":"https:\/\/www.addplus.it\/pt-br\/wp-json\/wp\/v2\/media\/38055"}],"wp:attachment":[{"href":"https:\/\/www.addplus.it\/pt-br\/wp-json\/wp\/v2\/media?parent=38054"}],"curies":[{"name":"wp","href":"https:\/\/api.w.org\/{rel}","templated":true}]}}