{"id":38036,"date":"2021-08-10T10:14:53","date_gmt":"2021-08-10T08:14:53","guid":{"rendered":"https:\/\/www.addplus.it\/solucoes\/lead-generation\/"},"modified":"2025-11-19T12:27:30","modified_gmt":"2025-11-19T11:27:30","slug":"lead-generation","status":"publish","type":"page","link":"https:\/\/www.addplus.it\/pt-br\/solucoes\/lead-generation\/","title":{"rendered":"Lead Generation"},"content":{"rendered":"<div class=\"wpb-content-wrapper\"><p>[vc_row full_width=&#8221;stretch_row&#8221; css=&#8221;.vc_custom_1632218522996{margin-bottom: 0px !important;background-position: center !important;background-repeat: no-repeat !important;background-size: cover !important;}&#8221; el_class=&#8221;sol-first-row&#8221;][vc_column width=&#8221;2\/3&#8243; css_animation=&#8221;top-to-bottom&#8221;][vc_column_text]<\/p>\n<h2>Aumente o envolvimento do seu p\u00fablico.<\/h2>\n<p>[\/vc_column_text][vc_column_text]Com as Landing Pages Multi-link do Add <em>plus <\/em>voc\u00ea pode mostrar todas as informa\u00e7\u00f5es que desejar (textos, v\u00eddeos, imagens, links, etc.) de forma otimizada para PC e dispositivos m\u00f3veis.<\/p>\n<p>A for\u00e7a para a aquisi\u00e7\u00e3o de potenciais clientes est\u00e1 no seu Lead Magnet, aquele valioso conte\u00fado que vai atrair os conte\u00fados da sua criatividade (brochuras, e-books, webinars, etc.).<\/p>\n<p>Com os Media Kits of Add plus, voc\u00ea cria e insere seu valioso conte\u00fado, publica links para suas redes sociais, conecta formul\u00e1rios para pesquisas ou solicita\u00e7\u00f5es de feedback ou contato, envia e-mails, publica na web e em redes sociais e rastreia os cliques.<\/p>\n<p>Seus kits de m\u00eddia &#8230; a melhor ferramenta de postagem na rede para envolver seu p\u00fablico.[\/vc_column_text][\/vc_column][vc_column width=&#8221;1\/3&#8243; css_animation=&#8221;fadeIn&#8221;]<div class=\"centered-box gem-image-centered-box\" ><div class=\"gem-image gem-wrapbox gem-wrapbox-style-default gem-interactions-enabled gem-wrapbox-position-centered  thegem-custom-69e770ae096051243\" data-mouse_effects=\"yes\" data-mouse_effects_direction=\"-1\" data-mouse_effects_speed=\"0.3\" data-disable_effects_tablet=\"disable\" data-disable_effects_mobile=\"disable\"   style=\"width: 250px;\" ><div class=\"gem-wrapbox-inner \" ><img class=\"gem-wrapbox-element img-responsive\" src=\"https:\/\/www.addplus.it\/wp-content\/uploads\/2021\/08\/Creare-campagne-di-lead-generation.png\" alt=\"Come creare un archivio digitale in modo semplificato\"\/><\/div><\/div><\/div>[\/vc_column][\/vc_row][vc_row full_width=&#8221;stretch_row&#8221; css=&#8221;.vc_custom_1632218595595{padding-top: 180px !important;padding-bottom: 50px !important;background-image: url(https:\/\/www.addplus.it\/wp-content\/uploads\/2021\/07\/Sfondo-call-pre-footer.png?id=38436) !important;background-position: center !important;background-repeat: no-repeat !important;background-size: cover !important;}&#8221; el_class=&#8221;sol-pre-footer&#8221;][vc_column][vc_column_text]<\/p>\n<h3 style=\"text-align: center;\"><span style=\"color: #ffffff;\">Seus Media Kits est\u00e3o esperando por voc\u00ea.<\/span><\/h3>\n<p>[\/vc_column_text][vc_row_inner][vc_column_inner width=&#8221;1\/4&#8243; offset=&#8221;vc_hidden-sm vc_hidden-xs&#8221;][\/vc_column_inner][vc_column_inner width=&#8221;1\/2&#8243; offset=&#8221;vc_col-lg-3 vc_col-md-3&#8243;]<style type=\"text\/css\">.thegem-button-69e770ae099a8996.lazy-loading-before-start-animation .lazy-loading-item {opacity: 0;} body.thegem-effects-disabled .thegem-button-69e770ae099a8996.lazy-loading-before-start-animation .lazy-loading-item {opacity: 1;}<\/style><style type=\"text\/css\">.thegem-button-69e770ae099a8996 .gem-button svg {fill: #ffffff;}.thegem-button-69e770ae099a8996 .gem-button:hover svg {fill: #8494c8;}<\/style><div class=\"gem-button-container gem-button-position-center thegem-button-69e770ae099a8996 sol-btn    lazy-loading lazy-loading-before-start-animation\"  ><a title=\"Planos e Pre\u00e7os\" class=\"gem-button gem-button-size-medium gem-button-style-outline gem-button-text-weight-normal gem-button-border-2 lazy-loading-item\" data-ll-effect=\"drop-right-without-wrap\" style=\"border-radius: 8px;border-color: #ffffff;color: #ffffff;\" onmouseleave=\"this.style.borderColor='#ffffff';this.style.backgroundColor='transparent';this.style.color='#ffffff';\" onmouseenter=\"this.style.backgroundColor='#ffffff';this.style.color='#8494c8';\" href=\"https:\/\/www.addplus.it\/pt-br\/planos-e-precos\/\" target=\"_blank\">Escolha o seu plano<\/a><\/div> [\/vc_column_inner][vc_column_inner width=&#8221;1\/2&#8243; offset=&#8221;vc_col-lg-3 vc_col-md-3&#8243;]<style type=\"text\/css\">.thegem-button-69e770ae09a242506.lazy-loading-before-start-animation .lazy-loading-item {opacity: 0;} body.thegem-effects-disabled .thegem-button-69e770ae09a242506.lazy-loading-before-start-animation .lazy-loading-item {opacity: 1;}<\/style><style type=\"text\/css\">.thegem-button-69e770ae09a242506 .gem-button svg {fill: #8494c8;}.thegem-button-69e770ae09a242506 .gem-button:hover svg {fill: #556599;}<\/style><div class=\"gem-button-container gem-button-position-center thegem-button-69e770ae09a242506 sol-btn    lazy-loading lazy-loading-before-start-animation\"  ><a class=\"gem-button gem-button-size-medium gem-button-style-flat gem-button-text-weight-normal lazy-loading-item\" data-ll-effect=\"drop-right-without-wrap\" style=\"border-radius: 8px;background-color: #ffffff;color: #8494c8;\" onmouseleave=\"this.style.backgroundColor='#ffffff';this.style.color='#8494c8';\" onmouseenter=\"this.style.backgroundColor='#ffffff';this.style.color='#556599';\" href=\"https:\/\/qrcode.addplus.it\/public\/registra\/gratuito?lang=pt\" target=\"_blank\">Cadastre-se gratuitamente<\/a><\/div> [\/vc_column_inner][vc_column_inner width=&#8221;1\/4&#8243; offset=&#8221;vc_hidden-sm vc_hidden-xs&#8221;][\/vc_column_inner][\/vc_row_inner][\/vc_column][\/vc_row]<\/p>\n<\/div>","protected":false},"excerpt":{"rendered":"<p>[vc_row full_width=&#8221;stretch_row&#8221; css=&#8221;.vc_custom_1632218522996{margin-bottom: 0px !important;background-position: center !important;background-repeat: no-repeat !important;background-size: cover !important;}&#8221; el_class=&#8221;sol-first-row&#8221;][vc_column width=&#8221;2\/3&#8243; css_animation=&#8221;top-to-bottom&#8221;][vc_column_text] Aumente o envolvimento do seu p\u00fablico&#8230;.<\/p>\n","protected":false},"author":1,"featured_media":37952,"parent":37941,"menu_order":0,"comment_status":"closed","ping_status":"closed","template":"","meta":{"footnotes":""},"class_list":["post-38036","page","type-page","status-publish","has-post-thumbnail"],"yoast_head":"<!-- This site is optimized with the Yoast SEO plugin v26.7 - https:\/\/yoast.com\/wordpress\/plugins\/seo\/ -->\n<title>Gera\u00e7\u00e3o de leads por meio de p\u00e1ginas de destino otimizadas | Add plus<\/title>\n<meta name=\"description\" content=\"Crie campanhas de gera\u00e7\u00e3o de leads com Add plus Landing pages que podem ser compartilhadas por meio de URLs curtos e c\u00f3digos QR.\" \/>\n<meta name=\"robots\" content=\"index, follow, max-snippet:-1, max-image-preview:large, max-video-preview:-1\" \/>\n<link rel=\"canonical\" href=\"https:\/\/www.addplus.it\/pt-br\/solucoes\/lead-generation\/\" \/>\n<meta property=\"og:locale\" content=\"pt_BR\" \/>\n<meta property=\"og:type\" content=\"article\" \/>\n<meta property=\"og:title\" content=\"Gera\u00e7\u00e3o de leads por meio de p\u00e1ginas de destino otimizadas | Add plus\" \/>\n<meta property=\"og:description\" content=\"Crie campanhas de gera\u00e7\u00e3o de leads com Add plus Landing pages que podem ser compartilhadas por meio de URLs curtos e c\u00f3digos QR.\" \/>\n<meta property=\"og:url\" content=\"https:\/\/www.addplus.it\/pt-br\/solucoes\/lead-generation\/\" \/>\n<meta property=\"og:site_name\" content=\"Add plus\" \/>\n<meta property=\"article:modified_time\" content=\"2025-11-19T11:27:30+00:00\" \/>\n<meta property=\"og:image\" content=\"https:\/\/www.addplus.it\/wp-content\/uploads\/2020\/01\/landing-multi-file.png\" \/>\n\t<meta property=\"og:image:width\" content=\"600\" \/>\n\t<meta property=\"og:image:height\" content=\"850\" \/>\n\t<meta property=\"og:image:type\" content=\"image\/png\" \/>\n<meta name=\"twitter:card\" content=\"summary_large_image\" \/>\n<meta name=\"twitter:label1\" content=\"Est. tempo de leitura\" \/>\n\t<meta name=\"twitter:data1\" content=\"2 minutos\" \/>\n<script type=\"application\/ld+json\" class=\"yoast-schema-graph\">{\"@context\":\"https:\/\/schema.org\",\"@graph\":[{\"@type\":\"WebPage\",\"@id\":\"https:\/\/www.addplus.it\/pt-br\/solucoes\/lead-generation\/\",\"url\":\"https:\/\/www.addplus.it\/pt-br\/solucoes\/lead-generation\/\",\"name\":\"Gera\u00e7\u00e3o de leads por meio de p\u00e1ginas de destino otimizadas | Add plus\",\"isPartOf\":{\"@id\":\"https:\/\/www.addplus.it\/pt-br\/#website\"},\"primaryImageOfPage\":{\"@id\":\"https:\/\/www.addplus.it\/pt-br\/solucoes\/lead-generation\/#primaryimage\"},\"image\":{\"@id\":\"https:\/\/www.addplus.it\/pt-br\/solucoes\/lead-generation\/#primaryimage\"},\"thumbnailUrl\":\"https:\/\/www.addplus.it\/wp-content\/uploads\/2020\/01\/landing-multi-file.png\",\"datePublished\":\"2021-08-10T08:14:53+00:00\",\"dateModified\":\"2025-11-19T11:27:30+00:00\",\"description\":\"Crie campanhas de gera\u00e7\u00e3o de leads com Add plus Landing pages que podem ser compartilhadas por meio de URLs curtos e c\u00f3digos QR.\",\"breadcrumb\":{\"@id\":\"https:\/\/www.addplus.it\/pt-br\/solucoes\/lead-generation\/#breadcrumb\"},\"inLanguage\":\"pt-BR\",\"potentialAction\":[{\"@type\":\"ReadAction\",\"target\":[\"https:\/\/www.addplus.it\/pt-br\/solucoes\/lead-generation\/\"]}]},{\"@type\":\"ImageObject\",\"inLanguage\":\"pt-BR\",\"@id\":\"https:\/\/www.addplus.it\/pt-br\/solucoes\/lead-generation\/#primaryimage\",\"url\":\"https:\/\/www.addplus.it\/wp-content\/uploads\/2020\/01\/landing-multi-file.png\",\"contentUrl\":\"https:\/\/www.addplus.it\/wp-content\/uploads\/2020\/01\/landing-multi-file.png\",\"width\":600,\"height\":850},{\"@type\":\"BreadcrumbList\",\"@id\":\"https:\/\/www.addplus.it\/pt-br\/solucoes\/lead-generation\/#breadcrumb\",\"itemListElement\":[{\"@type\":\"ListItem\",\"position\":1,\"name\":\"Home\",\"item\":\"https:\/\/www.addplus.it\/pt-br\/\"},{\"@type\":\"ListItem\",\"position\":2,\"name\":\"Solu\u00e7\u00f5es\",\"item\":\"https:\/\/www.addplus.it\/pt-br\/solucoes\/\"},{\"@type\":\"ListItem\",\"position\":3,\"name\":\"Lead Generation\"}]},{\"@type\":\"WebSite\",\"@id\":\"https:\/\/www.addplus.it\/pt-br\/#website\",\"url\":\"https:\/\/www.addplus.it\/pt-br\/\",\"name\":\"Add plus\",\"description\":\"Il primo Gestore Multi-link per Professionisti e PMI\",\"publisher\":{\"@id\":\"https:\/\/www.addplus.it\/pt-br\/#organization\"},\"potentialAction\":[{\"@type\":\"SearchAction\",\"target\":{\"@type\":\"EntryPoint\",\"urlTemplate\":\"https:\/\/www.addplus.it\/pt-br\/?s={search_term_string}\"},\"query-input\":{\"@type\":\"PropertyValueSpecification\",\"valueRequired\":true,\"valueName\":\"search_term_string\"}}],\"inLanguage\":\"pt-BR\"},{\"@type\":\"Organization\",\"@id\":\"https:\/\/www.addplus.it\/pt-br\/#organization\",\"name\":\"Add plus\",\"url\":\"https:\/\/www.addplus.it\/pt-br\/\",\"logo\":{\"@type\":\"ImageObject\",\"inLanguage\":\"pt-BR\",\"@id\":\"https:\/\/www.addplus.it\/pt-br\/#\/schema\/logo\/image\/\",\"url\":\"https:\/\/www.addplus.it\/wp-content\/uploads\/2019\/09\/logo-add-plus.png\",\"contentUrl\":\"https:\/\/www.addplus.it\/wp-content\/uploads\/2019\/09\/logo-add-plus.png\",\"width\":400,\"height\":300,\"caption\":\"Add plus\"},\"image\":{\"@id\":\"https:\/\/www.addplus.it\/pt-br\/#\/schema\/logo\/image\/\"}}]}<\/script>\n<!-- \/ Yoast SEO plugin. -->","yoast_head_json":{"title":"Gera\u00e7\u00e3o de leads por meio de p\u00e1ginas de destino otimizadas | Add plus","description":"Crie campanhas de gera\u00e7\u00e3o de leads com Add plus Landing pages que podem ser compartilhadas por meio de URLs curtos e c\u00f3digos QR.","robots":{"index":"index","follow":"follow","max-snippet":"max-snippet:-1","max-image-preview":"max-image-preview:large","max-video-preview":"max-video-preview:-1"},"canonical":"https:\/\/www.addplus.it\/pt-br\/solucoes\/lead-generation\/","og_locale":"pt_BR","og_type":"article","og_title":"Gera\u00e7\u00e3o de leads por meio de p\u00e1ginas de destino otimizadas | Add plus","og_description":"Crie campanhas de gera\u00e7\u00e3o de leads com Add plus Landing pages que podem ser compartilhadas por meio de URLs curtos e c\u00f3digos QR.","og_url":"https:\/\/www.addplus.it\/pt-br\/solucoes\/lead-generation\/","og_site_name":"Add plus","article_modified_time":"2025-11-19T11:27:30+00:00","og_image":[{"width":600,"height":850,"url":"https:\/\/www.addplus.it\/wp-content\/uploads\/2020\/01\/landing-multi-file.png","type":"image\/png"}],"twitter_card":"summary_large_image","twitter_misc":{"Est. tempo de leitura":"2 minutos"},"schema":{"@context":"https:\/\/schema.org","@graph":[{"@type":"WebPage","@id":"https:\/\/www.addplus.it\/pt-br\/solucoes\/lead-generation\/","url":"https:\/\/www.addplus.it\/pt-br\/solucoes\/lead-generation\/","name":"Gera\u00e7\u00e3o de leads por meio de p\u00e1ginas de destino otimizadas | Add plus","isPartOf":{"@id":"https:\/\/www.addplus.it\/pt-br\/#website"},"primaryImageOfPage":{"@id":"https:\/\/www.addplus.it\/pt-br\/solucoes\/lead-generation\/#primaryimage"},"image":{"@id":"https:\/\/www.addplus.it\/pt-br\/solucoes\/lead-generation\/#primaryimage"},"thumbnailUrl":"https:\/\/www.addplus.it\/wp-content\/uploads\/2020\/01\/landing-multi-file.png","datePublished":"2021-08-10T08:14:53+00:00","dateModified":"2025-11-19T11:27:30+00:00","description":"Crie campanhas de gera\u00e7\u00e3o de leads com Add plus Landing pages que podem ser compartilhadas por meio de URLs curtos e c\u00f3digos QR.","breadcrumb":{"@id":"https:\/\/www.addplus.it\/pt-br\/solucoes\/lead-generation\/#breadcrumb"},"inLanguage":"pt-BR","potentialAction":[{"@type":"ReadAction","target":["https:\/\/www.addplus.it\/pt-br\/solucoes\/lead-generation\/"]}]},{"@type":"ImageObject","inLanguage":"pt-BR","@id":"https:\/\/www.addplus.it\/pt-br\/solucoes\/lead-generation\/#primaryimage","url":"https:\/\/www.addplus.it\/wp-content\/uploads\/2020\/01\/landing-multi-file.png","contentUrl":"https:\/\/www.addplus.it\/wp-content\/uploads\/2020\/01\/landing-multi-file.png","width":600,"height":850},{"@type":"BreadcrumbList","@id":"https:\/\/www.addplus.it\/pt-br\/solucoes\/lead-generation\/#breadcrumb","itemListElement":[{"@type":"ListItem","position":1,"name":"Home","item":"https:\/\/www.addplus.it\/pt-br\/"},{"@type":"ListItem","position":2,"name":"Solu\u00e7\u00f5es","item":"https:\/\/www.addplus.it\/pt-br\/solucoes\/"},{"@type":"ListItem","position":3,"name":"Lead Generation"}]},{"@type":"WebSite","@id":"https:\/\/www.addplus.it\/pt-br\/#website","url":"https:\/\/www.addplus.it\/pt-br\/","name":"Add plus","description":"Il primo Gestore Multi-link per Professionisti e PMI","publisher":{"@id":"https:\/\/www.addplus.it\/pt-br\/#organization"},"potentialAction":[{"@type":"SearchAction","target":{"@type":"EntryPoint","urlTemplate":"https:\/\/www.addplus.it\/pt-br\/?s={search_term_string}"},"query-input":{"@type":"PropertyValueSpecification","valueRequired":true,"valueName":"search_term_string"}}],"inLanguage":"pt-BR"},{"@type":"Organization","@id":"https:\/\/www.addplus.it\/pt-br\/#organization","name":"Add plus","url":"https:\/\/www.addplus.it\/pt-br\/","logo":{"@type":"ImageObject","inLanguage":"pt-BR","@id":"https:\/\/www.addplus.it\/pt-br\/#\/schema\/logo\/image\/","url":"https:\/\/www.addplus.it\/wp-content\/uploads\/2019\/09\/logo-add-plus.png","contentUrl":"https:\/\/www.addplus.it\/wp-content\/uploads\/2019\/09\/logo-add-plus.png","width":400,"height":300,"caption":"Add plus"},"image":{"@id":"https:\/\/www.addplus.it\/pt-br\/#\/schema\/logo\/image\/"}}]}},"_links":{"self":[{"href":"https:\/\/www.addplus.it\/pt-br\/wp-json\/wp\/v2\/pages\/38036","targetHints":{"allow":["GET"]}}],"collection":[{"href":"https:\/\/www.addplus.it\/pt-br\/wp-json\/wp\/v2\/pages"}],"about":[{"href":"https:\/\/www.addplus.it\/pt-br\/wp-json\/wp\/v2\/types\/page"}],"author":[{"embeddable":true,"href":"https:\/\/www.addplus.it\/pt-br\/wp-json\/wp\/v2\/users\/1"}],"replies":[{"embeddable":true,"href":"https:\/\/www.addplus.it\/pt-br\/wp-json\/wp\/v2\/comments?post=38036"}],"version-history":[{"count":7,"href":"https:\/\/www.addplus.it\/pt-br\/wp-json\/wp\/v2\/pages\/38036\/revisions"}],"predecessor-version":[{"id":73285,"href":"https:\/\/www.addplus.it\/pt-br\/wp-json\/wp\/v2\/pages\/38036\/revisions\/73285"}],"up":[{"embeddable":true,"href":"https:\/\/www.addplus.it\/pt-br\/wp-json\/wp\/v2\/pages\/37941"}],"wp:featuredmedia":[{"embeddable":true,"href":"https:\/\/www.addplus.it\/pt-br\/wp-json\/wp\/v2\/media\/37952"}],"wp:attachment":[{"href":"https:\/\/www.addplus.it\/pt-br\/wp-json\/wp\/v2\/media?parent=38036"}],"curies":[{"name":"wp","href":"https:\/\/api.w.org\/{rel}","templated":true}]}}