{"id":38017,"date":"2021-08-10T14:48:05","date_gmt":"2021-08-10T12:48:05","guid":{"rendered":"https:\/\/www.addplus.it\/solucoes\/etichette-digitali\/"},"modified":"2025-11-19T12:25:52","modified_gmt":"2025-11-19T11:25:52","slug":"rotulos-falantes","status":"publish","type":"page","link":"https:\/\/www.addplus.it\/pt-br\/solucoes\/rotulos-falantes\/","title":{"rendered":"R\u00f3tulos falantes"},"content":{"rendered":"<div class=\"wpb-content-wrapper\"><p>[vc_row full_width=&#8221;stretch_row&#8221; css=&#8221;.vc_custom_1632217445067{margin-bottom: 0px !important;background-position: center !important;background-repeat: no-repeat !important;background-size: cover !important;}&#8221; el_class=&#8221;sol-first-row&#8221;][vc_column width=&#8221;1\/2&#8243; css_animation=&#8221;top-to-bottom&#8221;][vc_column_text]<\/p>\n<h2>As vantagens de um r\u00f3tulo &#8220;falante&#8221;.<\/h2>\n<p>[\/vc_column_text][vc_column_text]Contando sobre suas excel\u00eancias, descrevendo os processos de valor, informando da melhor forma poss\u00edvel. Ou seja, d\u00ea voz aos seus produtos e servi\u00e7os com um sistema de transmiss\u00e3o multim\u00eddia que permitir\u00e1 ao seu p\u00fablico acessar uma infinidade de informa\u00e7\u00f5es e acompanhar as visualiza\u00e7\u00f5es e gostos.<\/p>\n<p>DESTAQUE SEU TRABALHO, crie a melhor informa\u00e7\u00e3o para seus clientes, sua Embalagem ser\u00e1 o melhor megafone para divulg\u00e1-la.<\/p>\n<p>As r\u00f3tulos &#8220;narrativas&#8221; permitem que seus produtos falem, visualize-os no QR Code ou compartilhe-os por e-mail, chat e redes sociais e verifique as estat\u00edsticas de satisfa\u00e7\u00e3o.<\/p>\n<p>Do campo ao consumidor&#8230; digitalmente com Add <em>plus<\/em>.[\/vc_column_text][\/vc_column][vc_column width=&#8221;1\/2&#8243; css_animation=&#8221;fadeIn&#8221; el_class=&#8221;entry-video-sol&#8221;][vc_raw_html]JTNDdmlkZW8lMjB3aWR0aCUzRCUyMjM1MCUyMiUyMGhlaWdodCUzRCUyMmF1dG8lMjIlMjBpZCUzRCUyMnZpZCUyMiUyMGRhdGEta2VlcHBsYXlpbmclMjBwbGF5c2lubGluZSUyMGF1dG9wbGF5JTIwbXV0ZWQlMjBsb29wJTIwJTNFJTBBJTIwJTIwJTNDc291cmNlJTIwc3JjJTNEJTIyaHR0cHMlM0ElMkYlMkZ3d3cuYWRkcGx1cy5pdCUyRndwLWNvbnRlbnQlMkZ1cGxvYWRzJTJGMjAyMSUyRjA4JTJGU2NhbnNpb25lLXFyLWNvZGUtbWllbGUtYWRkcGx1cy5tcDQlMjIlMjB0eXBlJTNEJTIydmlkZW8lMkZtcDQlMjIlM0UlMEElMjAlMjAlM0Nzb3VyY2UlMjBzcmMlM0QlMjJtb3ZpZS5vZ2clMjIlMjB0eXBlJTNEJTIydmlkZW8lMkZvZ2clMjIlM0UlMEElMjAlMjBZb3VyJTIwYnJvd3NlciUyMGRvZXMlMjBub3QlMjBzdXBwb3J0JTIwdGhlJTIwdmlkZW8lMjB0YWcuJTBBJTNDJTJGdmlkZW8lM0U=[\/vc_raw_html][\/vc_column][\/vc_row][vc_row full_width=&#8221;stretch_row&#8221; css=&#8221;.vc_custom_1632217499243{padding-top: 180px !important;padding-bottom: 50px !important;background-image: url(https:\/\/www.addplus.it\/wp-content\/uploads\/2021\/07\/Sfondo-call-pre-footer.png?id=38436) !important;background-position: center !important;background-repeat: no-repeat !important;background-size: cover !important;}&#8221; el_class=&#8221;sol-pre-footer&#8221;][vc_column][vc_column_text]<\/p>\n<h3 style=\"text-align: center;\"><span style=\"color: #ffffff;\">Seus Media Kits est\u00e3o esperando por voc\u00ea.<\/span><\/h3>\n<p>[\/vc_column_text][vc_row_inner][vc_column_inner width=&#8221;1\/4&#8243; offset=&#8221;vc_hidden-sm vc_hidden-xs&#8221;][\/vc_column_inner][vc_column_inner width=&#8221;1\/2&#8243; offset=&#8221;vc_col-lg-3 vc_col-md-3&#8243;]<style type=\"text\/css\">.thegem-button-69e76f963fa896379.lazy-loading-before-start-animation .lazy-loading-item {opacity: 0;} body.thegem-effects-disabled .thegem-button-69e76f963fa896379.lazy-loading-before-start-animation .lazy-loading-item {opacity: 1;}<\/style><style type=\"text\/css\">.thegem-button-69e76f963fa896379 .gem-button svg {fill: #ffffff;}.thegem-button-69e76f963fa896379 .gem-button:hover svg {fill: #8494c8;}<\/style><div class=\"gem-button-container gem-button-position-center thegem-button-69e76f963fa896379 sol-btn    lazy-loading lazy-loading-before-start-animation\"  ><a title=\"Planos e Pre\u00e7os\" class=\"gem-button gem-button-size-medium gem-button-style-outline gem-button-text-weight-normal gem-button-border-2 lazy-loading-item\" data-ll-effect=\"drop-right-without-wrap\" style=\"border-radius: 8px;border-color: #ffffff;color: #ffffff;\" onmouseleave=\"this.style.borderColor='#ffffff';this.style.backgroundColor='transparent';this.style.color='#ffffff';\" onmouseenter=\"this.style.backgroundColor='#ffffff';this.style.color='#8494c8';\" href=\"https:\/\/www.addplus.it\/pt-br\/planos-e-precos\/\" target=\"_blank\">Escolha o seu plano<\/a><\/div> [\/vc_column_inner][vc_column_inner width=&#8221;1\/2&#8243; offset=&#8221;vc_col-lg-3 vc_col-md-3&#8243;]<style type=\"text\/css\">.thegem-button-69e76f963fb0b5899.lazy-loading-before-start-animation .lazy-loading-item {opacity: 0;} body.thegem-effects-disabled .thegem-button-69e76f963fb0b5899.lazy-loading-before-start-animation .lazy-loading-item {opacity: 1;}<\/style><style type=\"text\/css\">.thegem-button-69e76f963fb0b5899 .gem-button svg {fill: #8494c8;}.thegem-button-69e76f963fb0b5899 .gem-button:hover svg {fill: #556599;}<\/style><div class=\"gem-button-container gem-button-position-center thegem-button-69e76f963fb0b5899 sol-btn    lazy-loading lazy-loading-before-start-animation\"  ><a class=\"gem-button gem-button-size-medium gem-button-style-flat gem-button-text-weight-normal lazy-loading-item\" data-ll-effect=\"drop-right-without-wrap\" style=\"border-radius: 8px;background-color: #ffffff;color: #8494c8;\" onmouseleave=\"this.style.backgroundColor='#ffffff';this.style.color='#8494c8';\" onmouseenter=\"this.style.backgroundColor='#ffffff';this.style.color='#556599';\" href=\"https:\/\/qrcode.addplus.it\/public\/registra\/gratuito?lang=pt\" target=\"_blank\">Cadastre-se gratuitamente<\/a><\/div> [\/vc_column_inner][vc_column_inner width=&#8221;1\/4&#8243; offset=&#8221;vc_hidden-sm vc_hidden-xs&#8221;][\/vc_column_inner][\/vc_row_inner][\/vc_column][\/vc_row]<\/p>\n<\/div>","protected":false},"excerpt":{"rendered":"<p>[vc_row full_width=&#8221;stretch_row&#8221; css=&#8221;.vc_custom_1632217445067{margin-bottom: 0px !important;background-position: center !important;background-repeat: no-repeat !important;background-size: cover !important;}&#8221; el_class=&#8221;sol-first-row&#8221;][vc_column width=&#8221;1\/2&#8243; css_animation=&#8221;top-to-bottom&#8221;][vc_column_text] As vantagens de um r\u00f3tulo &#8220;falante&#8221;&#8230;.<\/p>\n","protected":false},"author":1,"featured_media":73938,"parent":37941,"menu_order":0,"comment_status":"closed","ping_status":"closed","template":"","meta":{"footnotes":""},"class_list":["post-38017","page","type-page","status-publish","has-post-thumbnail"],"yoast_head":"<!-- This site is optimized with the Yoast SEO plugin v26.7 - https:\/\/yoast.com\/wordpress\/plugins\/seo\/ -->\n<title>Crie R\u00f3tulos falantes para seus produtos | Add plus<\/title>\n<meta name=\"description\" content=\"Crie e gerencie r\u00f3tulos falantes com facilidade. Aumente suas informa\u00e7\u00f5es de embalagem por meio de c\u00f3digos QR personaliz\u00e1veis.\" \/>\n<meta name=\"robots\" content=\"index, follow, max-snippet:-1, max-image-preview:large, max-video-preview:-1\" \/>\n<link rel=\"canonical\" href=\"https:\/\/www.addplus.it\/pt-br\/solucoes\/rotulos-falantes\/\" \/>\n<meta property=\"og:locale\" content=\"pt_BR\" \/>\n<meta property=\"og:type\" content=\"article\" \/>\n<meta property=\"og:title\" content=\"Crie R\u00f3tulos falantes para seus produtos | Add plus\" \/>\n<meta property=\"og:description\" content=\"Crie e gerencie r\u00f3tulos falantes com facilidade. Aumente suas informa\u00e7\u00f5es de embalagem por meio de c\u00f3digos QR personaliz\u00e1veis.\" \/>\n<meta property=\"og:url\" content=\"https:\/\/www.addplus.it\/pt-br\/solucoes\/rotulos-falantes\/\" \/>\n<meta property=\"og:site_name\" content=\"Add plus\" \/>\n<meta property=\"article:modified_time\" content=\"2025-11-19T11:25:52+00:00\" \/>\n<meta property=\"og:image\" content=\"https:\/\/www.addplus.it\/wp-content\/uploads\/2021\/08\/Etichette-digitali.png\" \/>\n\t<meta property=\"og:image:width\" content=\"1273\" \/>\n\t<meta property=\"og:image:height\" content=\"2564\" \/>\n\t<meta property=\"og:image:type\" content=\"image\/png\" \/>\n<meta name=\"twitter:card\" content=\"summary_large_image\" \/>\n<meta name=\"twitter:label1\" content=\"Est. tempo de leitura\" \/>\n\t<meta name=\"twitter:data1\" content=\"2 minutos\" \/>\n<script type=\"application\/ld+json\" class=\"yoast-schema-graph\">{\"@context\":\"https:\/\/schema.org\",\"@graph\":[{\"@type\":\"WebPage\",\"@id\":\"https:\/\/www.addplus.it\/pt-br\/solucoes\/rotulos-falantes\/\",\"url\":\"https:\/\/www.addplus.it\/pt-br\/solucoes\/rotulos-falantes\/\",\"name\":\"Crie R\u00f3tulos falantes para seus produtos | Add plus\",\"isPartOf\":{\"@id\":\"https:\/\/www.addplus.it\/pt-br\/#website\"},\"primaryImageOfPage\":{\"@id\":\"https:\/\/www.addplus.it\/pt-br\/solucoes\/rotulos-falantes\/#primaryimage\"},\"image\":{\"@id\":\"https:\/\/www.addplus.it\/pt-br\/solucoes\/rotulos-falantes\/#primaryimage\"},\"thumbnailUrl\":\"https:\/\/www.addplus.it\/wp-content\/uploads\/2026\/01\/Soluzione_Icone_QR_Addplus.png\",\"datePublished\":\"2021-08-10T12:48:05+00:00\",\"dateModified\":\"2025-11-19T11:25:52+00:00\",\"description\":\"Crie e gerencie r\u00f3tulos falantes com facilidade. Aumente suas informa\u00e7\u00f5es de embalagem por meio de c\u00f3digos QR personaliz\u00e1veis.\",\"breadcrumb\":{\"@id\":\"https:\/\/www.addplus.it\/pt-br\/solucoes\/rotulos-falantes\/#breadcrumb\"},\"inLanguage\":\"pt-BR\",\"potentialAction\":[{\"@type\":\"ReadAction\",\"target\":[\"https:\/\/www.addplus.it\/pt-br\/solucoes\/rotulos-falantes\/\"]}]},{\"@type\":\"ImageObject\",\"inLanguage\":\"pt-BR\",\"@id\":\"https:\/\/www.addplus.it\/pt-br\/solucoes\/rotulos-falantes\/#primaryimage\",\"url\":\"https:\/\/www.addplus.it\/wp-content\/uploads\/2026\/01\/Soluzione_Icone_QR_Addplus.png\",\"contentUrl\":\"https:\/\/www.addplus.it\/wp-content\/uploads\/2026\/01\/Soluzione_Icone_QR_Addplus.png\",\"width\":1024,\"height\":1024,\"caption\":\"QR Code Parlanti\"},{\"@type\":\"BreadcrumbList\",\"@id\":\"https:\/\/www.addplus.it\/pt-br\/solucoes\/rotulos-falantes\/#breadcrumb\",\"itemListElement\":[{\"@type\":\"ListItem\",\"position\":1,\"name\":\"Home\",\"item\":\"https:\/\/www.addplus.it\/pt-br\/\"},{\"@type\":\"ListItem\",\"position\":2,\"name\":\"Solu\u00e7\u00f5es\",\"item\":\"https:\/\/www.addplus.it\/pt-br\/solucoes\/\"},{\"@type\":\"ListItem\",\"position\":3,\"name\":\"R\u00f3tulos falantes\"}]},{\"@type\":\"WebSite\",\"@id\":\"https:\/\/www.addplus.it\/pt-br\/#website\",\"url\":\"https:\/\/www.addplus.it\/pt-br\/\",\"name\":\"Add plus\",\"description\":\"Il primo Gestore Multi-link per Professionisti e PMI\",\"publisher\":{\"@id\":\"https:\/\/www.addplus.it\/pt-br\/#organization\"},\"potentialAction\":[{\"@type\":\"SearchAction\",\"target\":{\"@type\":\"EntryPoint\",\"urlTemplate\":\"https:\/\/www.addplus.it\/pt-br\/?s={search_term_string}\"},\"query-input\":{\"@type\":\"PropertyValueSpecification\",\"valueRequired\":true,\"valueName\":\"search_term_string\"}}],\"inLanguage\":\"pt-BR\"},{\"@type\":\"Organization\",\"@id\":\"https:\/\/www.addplus.it\/pt-br\/#organization\",\"name\":\"Add plus\",\"url\":\"https:\/\/www.addplus.it\/pt-br\/\",\"logo\":{\"@type\":\"ImageObject\",\"inLanguage\":\"pt-BR\",\"@id\":\"https:\/\/www.addplus.it\/pt-br\/#\/schema\/logo\/image\/\",\"url\":\"https:\/\/www.addplus.it\/wp-content\/uploads\/2019\/09\/logo-add-plus.png\",\"contentUrl\":\"https:\/\/www.addplus.it\/wp-content\/uploads\/2019\/09\/logo-add-plus.png\",\"width\":400,\"height\":300,\"caption\":\"Add plus\"},\"image\":{\"@id\":\"https:\/\/www.addplus.it\/pt-br\/#\/schema\/logo\/image\/\"}}]}<\/script>\n<!-- \/ Yoast SEO plugin. -->","yoast_head_json":{"title":"Crie R\u00f3tulos falantes para seus produtos | Add plus","description":"Crie e gerencie r\u00f3tulos falantes com facilidade. Aumente suas informa\u00e7\u00f5es de embalagem por meio de c\u00f3digos QR personaliz\u00e1veis.","robots":{"index":"index","follow":"follow","max-snippet":"max-snippet:-1","max-image-preview":"max-image-preview:large","max-video-preview":"max-video-preview:-1"},"canonical":"https:\/\/www.addplus.it\/pt-br\/solucoes\/rotulos-falantes\/","og_locale":"pt_BR","og_type":"article","og_title":"Crie R\u00f3tulos falantes para seus produtos | Add plus","og_description":"Crie e gerencie r\u00f3tulos falantes com facilidade. Aumente suas informa\u00e7\u00f5es de embalagem por meio de c\u00f3digos QR personaliz\u00e1veis.","og_url":"https:\/\/www.addplus.it\/pt-br\/solucoes\/rotulos-falantes\/","og_site_name":"Add plus","article_modified_time":"2025-11-19T11:25:52+00:00","og_image":[{"width":1273,"height":2564,"url":"https:\/\/www.addplus.it\/wp-content\/uploads\/2021\/08\/Etichette-digitali.png","type":"image\/png"}],"twitter_card":"summary_large_image","twitter_misc":{"Est. tempo de leitura":"2 minutos"},"schema":{"@context":"https:\/\/schema.org","@graph":[{"@type":"WebPage","@id":"https:\/\/www.addplus.it\/pt-br\/solucoes\/rotulos-falantes\/","url":"https:\/\/www.addplus.it\/pt-br\/solucoes\/rotulos-falantes\/","name":"Crie R\u00f3tulos falantes para seus produtos | Add plus","isPartOf":{"@id":"https:\/\/www.addplus.it\/pt-br\/#website"},"primaryImageOfPage":{"@id":"https:\/\/www.addplus.it\/pt-br\/solucoes\/rotulos-falantes\/#primaryimage"},"image":{"@id":"https:\/\/www.addplus.it\/pt-br\/solucoes\/rotulos-falantes\/#primaryimage"},"thumbnailUrl":"https:\/\/www.addplus.it\/wp-content\/uploads\/2026\/01\/Soluzione_Icone_QR_Addplus.png","datePublished":"2021-08-10T12:48:05+00:00","dateModified":"2025-11-19T11:25:52+00:00","description":"Crie e gerencie r\u00f3tulos falantes com facilidade. Aumente suas informa\u00e7\u00f5es de embalagem por meio de c\u00f3digos QR personaliz\u00e1veis.","breadcrumb":{"@id":"https:\/\/www.addplus.it\/pt-br\/solucoes\/rotulos-falantes\/#breadcrumb"},"inLanguage":"pt-BR","potentialAction":[{"@type":"ReadAction","target":["https:\/\/www.addplus.it\/pt-br\/solucoes\/rotulos-falantes\/"]}]},{"@type":"ImageObject","inLanguage":"pt-BR","@id":"https:\/\/www.addplus.it\/pt-br\/solucoes\/rotulos-falantes\/#primaryimage","url":"https:\/\/www.addplus.it\/wp-content\/uploads\/2026\/01\/Soluzione_Icone_QR_Addplus.png","contentUrl":"https:\/\/www.addplus.it\/wp-content\/uploads\/2026\/01\/Soluzione_Icone_QR_Addplus.png","width":1024,"height":1024,"caption":"QR Code Parlanti"},{"@type":"BreadcrumbList","@id":"https:\/\/www.addplus.it\/pt-br\/solucoes\/rotulos-falantes\/#breadcrumb","itemListElement":[{"@type":"ListItem","position":1,"name":"Home","item":"https:\/\/www.addplus.it\/pt-br\/"},{"@type":"ListItem","position":2,"name":"Solu\u00e7\u00f5es","item":"https:\/\/www.addplus.it\/pt-br\/solucoes\/"},{"@type":"ListItem","position":3,"name":"R\u00f3tulos falantes"}]},{"@type":"WebSite","@id":"https:\/\/www.addplus.it\/pt-br\/#website","url":"https:\/\/www.addplus.it\/pt-br\/","name":"Add plus","description":"Il primo Gestore Multi-link per Professionisti e PMI","publisher":{"@id":"https:\/\/www.addplus.it\/pt-br\/#organization"},"potentialAction":[{"@type":"SearchAction","target":{"@type":"EntryPoint","urlTemplate":"https:\/\/www.addplus.it\/pt-br\/?s={search_term_string}"},"query-input":{"@type":"PropertyValueSpecification","valueRequired":true,"valueName":"search_term_string"}}],"inLanguage":"pt-BR"},{"@type":"Organization","@id":"https:\/\/www.addplus.it\/pt-br\/#organization","name":"Add plus","url":"https:\/\/www.addplus.it\/pt-br\/","logo":{"@type":"ImageObject","inLanguage":"pt-BR","@id":"https:\/\/www.addplus.it\/pt-br\/#\/schema\/logo\/image\/","url":"https:\/\/www.addplus.it\/wp-content\/uploads\/2019\/09\/logo-add-plus.png","contentUrl":"https:\/\/www.addplus.it\/wp-content\/uploads\/2019\/09\/logo-add-plus.png","width":400,"height":300,"caption":"Add plus"},"image":{"@id":"https:\/\/www.addplus.it\/pt-br\/#\/schema\/logo\/image\/"}}]}},"_links":{"self":[{"href":"https:\/\/www.addplus.it\/pt-br\/wp-json\/wp\/v2\/pages\/38017","targetHints":{"allow":["GET"]}}],"collection":[{"href":"https:\/\/www.addplus.it\/pt-br\/wp-json\/wp\/v2\/pages"}],"about":[{"href":"https:\/\/www.addplus.it\/pt-br\/wp-json\/wp\/v2\/types\/page"}],"author":[{"embeddable":true,"href":"https:\/\/www.addplus.it\/pt-br\/wp-json\/wp\/v2\/users\/1"}],"replies":[{"embeddable":true,"href":"https:\/\/www.addplus.it\/pt-br\/wp-json\/wp\/v2\/comments?post=38017"}],"version-history":[{"count":12,"href":"https:\/\/www.addplus.it\/pt-br\/wp-json\/wp\/v2\/pages\/38017\/revisions"}],"predecessor-version":[{"id":73282,"href":"https:\/\/www.addplus.it\/pt-br\/wp-json\/wp\/v2\/pages\/38017\/revisions\/73282"}],"up":[{"embeddable":true,"href":"https:\/\/www.addplus.it\/pt-br\/wp-json\/wp\/v2\/pages\/37941"}],"wp:featuredmedia":[{"embeddable":true,"href":"https:\/\/www.addplus.it\/pt-br\/wp-json\/wp\/v2\/media\/73938"}],"wp:attachment":[{"href":"https:\/\/www.addplus.it\/pt-br\/wp-json\/wp\/v2\/media?parent=38017"}],"curies":[{"name":"wp","href":"https:\/\/api.w.org\/{rel}","templated":true}]}}