{"id":37962,"date":"2021-08-05T16:48:53","date_gmt":"2021-08-05T14:48:53","guid":{"rendered":"https:\/\/www.addplus.it\/solucoes\/catalogo-prodotti\/"},"modified":"2025-11-19T12:29:08","modified_gmt":"2025-11-19T11:29:08","slug":"catalogo-de-produtos","status":"publish","type":"page","link":"https:\/\/www.addplus.it\/pt-br\/solucoes\/catalogo-de-produtos\/","title":{"rendered":"Cat\u00e1logos multim\u00eddia"},"content":{"rendered":"<div class=\"wpb-content-wrapper\"><p>[vc_row full_width=&#8221;stretch_row&#8221; css=&#8221;.vc_custom_1631518161522{margin-bottom: 0px !important;background-position: center !important;background-repeat: no-repeat !important;background-size: cover !important;}&#8221; el_class=&#8221;sol-first-row&#8221;][vc_column width=&#8221;1\/2&#8243; css_animation=&#8221;top-to-bottom&#8221;][vc_column_text]<\/p>\n<h2>As vantagens de um cat\u00e1logo multim\u00eddia.<\/h2>\n<p>[\/vc_column_text][vc_column_text]Importe templates de cat\u00e1logo multim\u00eddia prontos: insira suas imagens, v\u00eddeos, defina os textos e sua CHAMADA \u00c0 A\u00c7\u00c3O. Informe a cada produto todo o conte\u00fado que voc\u00ea possui e permita que seus clientes comprem conectando-se ao seu e-commerce ou diretamente do Media-Kit com o PayPal:<\/p>\n<ul>\n<li>reduzir custos;<\/li>\n<li>encurte a dist\u00e2ncia;<\/li>\n<li>finalize imediatamente.<\/li>\n<\/ul>\n<p>Com o Add <em>plus<\/em>, a &#8220;experi\u00eancia do cliente&#8221; de seus clientes ser\u00e1 mais rica.[\/vc_column_text][\/vc_column][vc_column width=&#8221;1\/2&#8243; css_animation=&#8221;fadeIn&#8221;]<div class=\"centered-box gem-image-centered-box\" ><div class=\"gem-image gem-wrapbox gem-wrapbox-style-default gem-interactions-enabled gem-wrapbox-position-centered  thegem-custom-69e76fd51ed699538\" data-mouse_effects=\"yes\" data-mouse_effects_direction=\"-1\" data-mouse_effects_speed=\"0.3\" data-disable_effects_tablet=\"disable\" data-disable_effects_mobile=\"disable\"   style=\"width: 250px;\" ><div class=\"gem-wrapbox-inner \" ><img class=\"gem-wrapbox-element img-responsive\" src=\"https:\/\/www.addplus.it\/wp-content\/uploads\/2021\/08\/creare-un-catalogo-digitale.png\" alt=\"Crie um cat\u00e1logo digital de produtos e \/ ou servi\u00e7os\"\/><\/div><\/div><\/div>[\/vc_column][\/vc_row][vc_row full_width=&#8221;stretch_row&#8221; disable_element=&#8221;yes&#8221; css=&#8221;.vc_custom_1631517995722{margin-bottom: 0px !important;background-image: url(https:\/\/www.addplus.it\/wp-content\/uploads\/2021\/07\/Pocket-Media-Add-Plus-back1.jpg?id=37108) !important;background-position: center !important;background-repeat: no-repeat !important;background-size: cover !important;}&#8221; el_class=&#8221;sol-first-row&#8221;][vc_column width=&#8221;1\/2&#8243; css_animation=&#8221;top-to-bottom&#8221;][vc_column_text]<\/p>\n<h2>Crie o Cat\u00e1logo Digital para o seu neg\u00f3cio<\/h2>\n<p>[\/vc_column_text][vc_column_text]Elimine custos de impress\u00e3o, atualize em tempo real e compartilhe em poucos cliques.[\/vc_column_text]<style type=\"text\/css\">.thegem-button-69e76fd51f1364569.lazy-loading-before-start-animation .lazy-loading-item {opacity: 0;} body.thegem-effects-disabled .thegem-button-69e76fd51f1364569.lazy-loading-before-start-animation .lazy-loading-item {opacity: 1;}<\/style><div class=\"gem-button-container gem-button-position-inline thegem-button-69e76fd51f1364569 sol-btn    lazy-loading lazy-loading-before-start-animation\"  ><a class=\"gem-button gem-button-size-medium gem-button-style-flat gem-button-text-weight-normal lazy-loading-item\" data-ll-effect=\"drop-right-without-wrap\" style=\"border-radius: 8px;background-color: #009166;\" onmouseleave=\"this.style.backgroundColor='#009166';\" onmouseenter=\"this.style.backgroundColor='#007754';\" href=\"https:\/\/qrcode.addplus.it\/public\/registra\" target=\"_blank\">Registrati<\/a><\/div> [\/vc_column][vc_column width=&#8221;1\/2&#8243; css_animation=&#8221;fadeIn&#8221;]<div class=\"centered-box gem-image-centered-box\" ><div class=\"gem-image gem-wrapbox gem-wrapbox-style-default gem-interactions-enabled gem-wrapbox-position-centered  thegem-custom-69e76fd51f19b1361\" data-mouse_effects=\"yes\" data-mouse_effects_direction=\"-1\" data-mouse_effects_speed=\"0.3\" data-disable_effects_tablet=\"disable\" data-disable_effects_mobile=\"disable\"   style=\"width: 250px;\" ><div class=\"gem-wrapbox-inner \" ><img class=\"gem-wrapbox-element img-responsive\" src=\"https:\/\/www.addplus.it\/wp-content\/uploads\/2021\/08\/creare-un-catalogo-digitale.png\" alt=\"Crie um cat\u00e1logo digital de produtos e \/ ou servi\u00e7os\"\/><\/div><\/div><\/div>[\/vc_column][\/vc_row][vc_row full_width=&#8221;stretch_row&#8221; disable_element=&#8221;yes&#8221; css=&#8221;.vc_custom_1631518051323{margin-bottom: 0px !important;background-color: #556599 !important;}&#8221; el_class=&#8221;blue-area&#8221;][vc_column][vc_column_text]<\/p>\n<h3 style=\"text-align: center;\"><span class=\"light\">I vantaggi di un catalogo con Add <em>plus<\/em><\/span><\/h3>\n<p>[\/vc_column_text][\/vc_column][vc_column width=&#8221;1\/2&#8243; interactions_enabled=&#8221;1&#8243; horizontal_scroll=&#8221;1&#8243; horizontal_scroll_direction=&#8221;horizontal_scroll_direction_right&#8221; horizontal_scroll_speed=&#8221;10&#8243; horizontal_scroll_viewport_top=&#8221;50&#8243; disable_effects_tablet=&#8221;1&#8243; disable_effects_mobile=&#8221;1&#8243; offset=&#8221;vc_hidden-sm vc_hidden-xs&#8221;]<div class=\"centered-box gem-image-centered-box\" ><div class=\"gem-image gem-wrapbox gem-wrapbox-style-default gem-interactions-enabled gem-wrapbox-position-centered  thegem-custom-69e76fd51f23d4773\" data-mouse_effects=\"yes\" data-mouse_effects_direction=\"-1\" data-mouse_effects_speed=\"0.3\" data-disable_effects_tablet=\"disable\" data-disable_effects_mobile=\"disable\"   style=\"width: 250px;\" ><div class=\"gem-wrapbox-inner \" ><img class=\"gem-wrapbox-element img-responsive\" src=\"https:\/\/www.addplus.it\/wp-content\/uploads\/2021\/08\/catalogo-digitale-addplus.png\" alt=\"Vantagens de um cat\u00e1logo digital\"\/><\/div><\/div><\/div>[\/vc_column][vc_column width=&#8221;1\/2&#8243;][vc_column_text]Ao contr\u00e1rio de outros Cat\u00e1logos de Produtos Digitais na web, Adicionar<em> mais<\/em> oferece uma s\u00e9rie de ferramentas \u00fateis para que o cliente possa consultar os diversos produtos da melhor forma poss\u00edvel, sem os atrasos causados por intera\u00e7\u00f5es desnecess\u00e1rias ou PDFs pesados.<\/p>\n<p>A solu\u00e7\u00e3o \u00e9 a cria\u00e7\u00e3o de uma landing page na qual cada produto possa ser inserido de diferentes formas de acordo com as necessidades individuais. Cada produto pode ser contado atrav\u00e9s de textos, v\u00eddeos, imagens mas sobretudo podem ter chaves para venda e \/ ou contacto direto.<\/p>\n<p>Cada cat\u00e1logo digital pode ser personalizado com logotipo, \u00edcones e cores e enriquecido com conte\u00fado adicional, como:<\/p>\n<ul>\n<li>Vers\u00e3o PDF do cat\u00e1logo, vis\u00edvel e para download;<\/li>\n<li>Links para sites;<\/li>\n<li>Vcard para download para adicionar ao livro de endere\u00e7os;<\/li>\n<li>\u00cdcones sociais a serem seguidos nas suas redes sociais favoritas;<\/li>\n<\/ul>\n<p>As vantagens de usar o Add plus para criar um cat\u00e1logo digital de produtos s\u00e3o:<\/p>\n<ul>\n<li>Redu\u00e7\u00e3o de custos em compara\u00e7\u00e3o com a impress\u00e3o tradicional;<\/li>\n<li>Maior envolvimento do cliente;<\/li>\n<li>Conte\u00fado sempre atualizado a qualquer momento;<\/li>\n<li>Utiliza\u00e7\u00e3o de conte\u00fados tamb\u00e9m em dispositivos m\u00f3veis;<\/li>\n<li>Receba um contato ou venda direta;<\/li>\n<li>Compartilhamento do cat\u00e1logo digital por meio de um URL curto ou um c\u00f3digo QR imprim\u00edvel;<\/li>\n<li>An\u00e1lise de cliques e, portanto, das visualiza\u00e7\u00f5es do cat\u00e1logo digital.<\/li>\n<\/ul>\n<p>[\/vc_column_text][\/vc_column][vc_column offset=&#8221;vc_hidden-lg vc_hidden-md&#8221;]<div class=\"centered-box gem-image-centered-box\" ><div class=\"gem-image gem-wrapbox gem-wrapbox-style-default gem-interactions-enabled gem-wrapbox-position-centered  thegem-custom-69e76fd51f47b6920\" data-mouse_effects=\"yes\" data-mouse_effects_direction=\"-1\" data-mouse_effects_speed=\"0.3\" data-disable_effects_tablet=\"disable\" data-disable_effects_mobile=\"disable\"   style=\"width: 250px;\" ><div class=\"gem-wrapbox-inner \" ><img class=\"gem-wrapbox-element img-responsive\" src=\"https:\/\/www.addplus.it\/wp-content\/uploads\/2021\/08\/catalogo-digitale-addplus.png\" alt=\"Vantagens de um cat\u00e1logo digital\"\/><\/div><\/div><\/div>[\/vc_column][\/vc_row][vc_row full_width=&#8221;stretch_row&#8221; css=&#8221;.vc_custom_1631518307650{padding-top: 180px !important;padding-bottom: 50px !important;background-image: url(https:\/\/www.addplus.it\/wp-content\/uploads\/2021\/07\/Sfondo-call-pre-footer.png?id=37196) !important;background-position: center !important;background-repeat: no-repeat !important;background-size: cover !important;}&#8221; el_class=&#8221;sol-pre-footer&#8221;][vc_column][vc_column_text]<\/p>\n<h3 style=\"text-align: center;\"><span style=\"color: #ffffff;\">Seus Media Kits est\u00e3o esperando por voc\u00ea.<\/span><\/h3>\n<p>[\/vc_column_text][vc_row_inner][vc_column_inner width=&#8221;1\/4&#8243; offset=&#8221;vc_hidden-sm vc_hidden-xs&#8221;][\/vc_column_inner][vc_column_inner width=&#8221;1\/2&#8243; offset=&#8221;vc_col-lg-3 vc_col-md-3&#8243;]<style type=\"text\/css\">.thegem-button-69e76fd51f5089808.lazy-loading-before-start-animation .lazy-loading-item {opacity: 0;} body.thegem-effects-disabled .thegem-button-69e76fd51f5089808.lazy-loading-before-start-animation .lazy-loading-item {opacity: 1;}<\/style><style type=\"text\/css\">.thegem-button-69e76fd51f5089808 .gem-button svg {fill: #ffffff;}.thegem-button-69e76fd51f5089808 .gem-button:hover svg {fill: #8494c8;}<\/style><div class=\"gem-button-container gem-button-position-center thegem-button-69e76fd51f5089808 sol-btn    lazy-loading lazy-loading-before-start-animation\"  ><a title=\"Planos e Pre\u00e7os\" class=\"gem-button gem-button-size-medium gem-button-style-outline gem-button-text-weight-normal gem-button-border-2 lazy-loading-item\" data-ll-effect=\"drop-right-without-wrap\" style=\"border-radius: 8px;border-color: #ffffff;color: #ffffff;\" onmouseleave=\"this.style.borderColor='#ffffff';this.style.backgroundColor='transparent';this.style.color='#ffffff';\" onmouseenter=\"this.style.backgroundColor='#ffffff';this.style.color='#8494c8';\" href=\"https:\/\/www.addplus.it\/pt-br\/planos-e-precos\/\" target=\"_blank\">Escolha o seu plano<\/a><\/div> [\/vc_column_inner][vc_column_inner width=&#8221;1\/2&#8243; offset=&#8221;vc_col-lg-3 vc_col-md-3&#8243;]<style type=\"text\/css\">.thegem-button-69e76fd51f5792285.lazy-loading-before-start-animation .lazy-loading-item {opacity: 0;} body.thegem-effects-disabled .thegem-button-69e76fd51f5792285.lazy-loading-before-start-animation .lazy-loading-item {opacity: 1;}<\/style><style type=\"text\/css\">.thegem-button-69e76fd51f5792285 .gem-button svg {fill: #8494c8;}.thegem-button-69e76fd51f5792285 .gem-button:hover svg {fill: #556599;}<\/style><div class=\"gem-button-container gem-button-position-center thegem-button-69e76fd51f5792285 sol-btn    lazy-loading lazy-loading-before-start-animation\"  ><a class=\"gem-button gem-button-size-medium gem-button-style-flat gem-button-text-weight-normal lazy-loading-item\" data-ll-effect=\"drop-right-without-wrap\" style=\"border-radius: 8px;background-color: #ffffff;color: #8494c8;\" onmouseleave=\"this.style.backgroundColor='#ffffff';this.style.color='#8494c8';\" onmouseenter=\"this.style.backgroundColor='#ffffff';this.style.color='#556599';\" href=\"https:\/\/qrcode.addplus.it\/public\/registra\/gratuito?lang=pt\" target=\"_blank\">Cadastre-se gratuitamente<\/a><\/div> [\/vc_column_inner][vc_column_inner width=&#8221;1\/4&#8243; offset=&#8221;vc_hidden-sm vc_hidden-xs&#8221;][\/vc_column_inner][\/vc_row_inner][\/vc_column][\/vc_row]<\/p>\n<\/div>","protected":false},"excerpt":{"rendered":"<p>[vc_row full_width=&#8221;stretch_row&#8221; css=&#8221;.vc_custom_1631518161522{margin-bottom: 0px !important;background-position: center !important;background-repeat: no-repeat !important;background-size: cover !important;}&#8221; el_class=&#8221;sol-first-row&#8221;][vc_column width=&#8221;1\/2&#8243; css_animation=&#8221;top-to-bottom&#8221;][vc_column_text] As vantagens de um cat\u00e1logo multim\u00eddia&#8230;.<\/p>\n","protected":false},"author":1,"featured_media":37963,"parent":37941,"menu_order":0,"comment_status":"closed","ping_status":"closed","template":"","meta":{"footnotes":""},"class_list":["post-37962","page","type-page","status-publish","has-post-thumbnail"],"yoast_head":"<!-- This site is optimized with the Yoast SEO plugin v26.7 - https:\/\/yoast.com\/wordpress\/plugins\/seo\/ -->\n<title>Crie um cat\u00e1logos multim\u00eddia para seus produtos | Add plus<\/title>\n<meta name=\"description\" content=\"Com o Add plus, voc\u00ea elimina os custos de impress\u00e3o, compartilhe em alguns cliques e receba feedback sobre seus cat\u00e1logos multim\u00eddia.\" \/>\n<meta name=\"robots\" content=\"index, follow, max-snippet:-1, max-image-preview:large, max-video-preview:-1\" \/>\n<link rel=\"canonical\" href=\"https:\/\/www.addplus.it\/pt-br\/solucoes\/catalogo-de-produtos\/\" \/>\n<meta property=\"og:locale\" content=\"pt_BR\" \/>\n<meta property=\"og:type\" content=\"article\" \/>\n<meta property=\"og:title\" content=\"Crie um cat\u00e1logos multim\u00eddia para seus produtos | Add plus\" \/>\n<meta property=\"og:description\" content=\"Com o Add plus, voc\u00ea elimina os custos de impress\u00e3o, compartilhe em alguns cliques e receba feedback sobre seus cat\u00e1logos multim\u00eddia.\" \/>\n<meta property=\"og:url\" content=\"https:\/\/www.addplus.it\/pt-br\/solucoes\/catalogo-de-produtos\/\" \/>\n<meta property=\"og:site_name\" content=\"Add plus\" \/>\n<meta property=\"article:modified_time\" content=\"2025-11-19T11:29:08+00:00\" \/>\n<meta property=\"og:image\" content=\"https:\/\/www.addplus.it\/wp-content\/uploads\/2021\/08\/creare-un-catalogo-digitale.png\" \/>\n\t<meta property=\"og:image:width\" content=\"1273\" \/>\n\t<meta property=\"og:image:height\" content=\"2564\" \/>\n\t<meta property=\"og:image:type\" content=\"image\/png\" \/>\n<meta name=\"twitter:card\" content=\"summary_large_image\" \/>\n<meta name=\"twitter:label1\" content=\"Est. tempo de leitura\" \/>\n\t<meta name=\"twitter:data1\" content=\"4 minutos\" \/>\n<script type=\"application\/ld+json\" class=\"yoast-schema-graph\">{\"@context\":\"https:\/\/schema.org\",\"@graph\":[{\"@type\":\"WebPage\",\"@id\":\"https:\/\/www.addplus.it\/pt-br\/solucoes\/catalogo-de-produtos\/\",\"url\":\"https:\/\/www.addplus.it\/pt-br\/solucoes\/catalogo-de-produtos\/\",\"name\":\"Crie um cat\u00e1logos multim\u00eddia para seus produtos | Add plus\",\"isPartOf\":{\"@id\":\"https:\/\/www.addplus.it\/pt-br\/#website\"},\"primaryImageOfPage\":{\"@id\":\"https:\/\/www.addplus.it\/pt-br\/solucoes\/catalogo-de-produtos\/#primaryimage\"},\"image\":{\"@id\":\"https:\/\/www.addplus.it\/pt-br\/solucoes\/catalogo-de-produtos\/#primaryimage\"},\"thumbnailUrl\":\"https:\/\/www.addplus.it\/wp-content\/uploads\/2021\/08\/creare-un-catalogo-digitale.png\",\"datePublished\":\"2021-08-05T14:48:53+00:00\",\"dateModified\":\"2025-11-19T11:29:08+00:00\",\"description\":\"Com o Add plus, voc\u00ea elimina os custos de impress\u00e3o, compartilhe em alguns cliques e receba feedback sobre seus cat\u00e1logos multim\u00eddia.\",\"breadcrumb\":{\"@id\":\"https:\/\/www.addplus.it\/pt-br\/solucoes\/catalogo-de-produtos\/#breadcrumb\"},\"inLanguage\":\"pt-BR\",\"potentialAction\":[{\"@type\":\"ReadAction\",\"target\":[\"https:\/\/www.addplus.it\/pt-br\/solucoes\/catalogo-de-produtos\/\"]}]},{\"@type\":\"ImageObject\",\"inLanguage\":\"pt-BR\",\"@id\":\"https:\/\/www.addplus.it\/pt-br\/solucoes\/catalogo-de-produtos\/#primaryimage\",\"url\":\"https:\/\/www.addplus.it\/wp-content\/uploads\/2021\/08\/creare-un-catalogo-digitale.png\",\"contentUrl\":\"https:\/\/www.addplus.it\/wp-content\/uploads\/2021\/08\/creare-un-catalogo-digitale.png\",\"width\":1273,\"height\":2564,\"caption\":\"Crie um cat\u00e1logo digital de produtos e \/ ou servi\u00e7os\"},{\"@type\":\"BreadcrumbList\",\"@id\":\"https:\/\/www.addplus.it\/pt-br\/solucoes\/catalogo-de-produtos\/#breadcrumb\",\"itemListElement\":[{\"@type\":\"ListItem\",\"position\":1,\"name\":\"Home\",\"item\":\"https:\/\/www.addplus.it\/pt-br\/\"},{\"@type\":\"ListItem\",\"position\":2,\"name\":\"Solu\u00e7\u00f5es\",\"item\":\"https:\/\/www.addplus.it\/pt-br\/solucoes\/\"},{\"@type\":\"ListItem\",\"position\":3,\"name\":\"Cat\u00e1logos multim\u00eddia\"}]},{\"@type\":\"WebSite\",\"@id\":\"https:\/\/www.addplus.it\/pt-br\/#website\",\"url\":\"https:\/\/www.addplus.it\/pt-br\/\",\"name\":\"Add plus\",\"description\":\"Il primo Gestore Multi-link per Professionisti e PMI\",\"publisher\":{\"@id\":\"https:\/\/www.addplus.it\/pt-br\/#organization\"},\"potentialAction\":[{\"@type\":\"SearchAction\",\"target\":{\"@type\":\"EntryPoint\",\"urlTemplate\":\"https:\/\/www.addplus.it\/pt-br\/?s={search_term_string}\"},\"query-input\":{\"@type\":\"PropertyValueSpecification\",\"valueRequired\":true,\"valueName\":\"search_term_string\"}}],\"inLanguage\":\"pt-BR\"},{\"@type\":\"Organization\",\"@id\":\"https:\/\/www.addplus.it\/pt-br\/#organization\",\"name\":\"Add plus\",\"url\":\"https:\/\/www.addplus.it\/pt-br\/\",\"logo\":{\"@type\":\"ImageObject\",\"inLanguage\":\"pt-BR\",\"@id\":\"https:\/\/www.addplus.it\/pt-br\/#\/schema\/logo\/image\/\",\"url\":\"https:\/\/www.addplus.it\/wp-content\/uploads\/2019\/09\/logo-add-plus.png\",\"contentUrl\":\"https:\/\/www.addplus.it\/wp-content\/uploads\/2019\/09\/logo-add-plus.png\",\"width\":400,\"height\":300,\"caption\":\"Add plus\"},\"image\":{\"@id\":\"https:\/\/www.addplus.it\/pt-br\/#\/schema\/logo\/image\/\"}}]}<\/script>\n<!-- \/ Yoast SEO plugin. -->","yoast_head_json":{"title":"Crie um cat\u00e1logos multim\u00eddia para seus produtos | Add plus","description":"Com o Add plus, voc\u00ea elimina os custos de impress\u00e3o, compartilhe em alguns cliques e receba feedback sobre seus cat\u00e1logos multim\u00eddia.","robots":{"index":"index","follow":"follow","max-snippet":"max-snippet:-1","max-image-preview":"max-image-preview:large","max-video-preview":"max-video-preview:-1"},"canonical":"https:\/\/www.addplus.it\/pt-br\/solucoes\/catalogo-de-produtos\/","og_locale":"pt_BR","og_type":"article","og_title":"Crie um cat\u00e1logos multim\u00eddia para seus produtos | Add plus","og_description":"Com o Add plus, voc\u00ea elimina os custos de impress\u00e3o, compartilhe em alguns cliques e receba feedback sobre seus cat\u00e1logos multim\u00eddia.","og_url":"https:\/\/www.addplus.it\/pt-br\/solucoes\/catalogo-de-produtos\/","og_site_name":"Add plus","article_modified_time":"2025-11-19T11:29:08+00:00","og_image":[{"width":1273,"height":2564,"url":"https:\/\/www.addplus.it\/wp-content\/uploads\/2021\/08\/creare-un-catalogo-digitale.png","type":"image\/png"}],"twitter_card":"summary_large_image","twitter_misc":{"Est. tempo de leitura":"4 minutos"},"schema":{"@context":"https:\/\/schema.org","@graph":[{"@type":"WebPage","@id":"https:\/\/www.addplus.it\/pt-br\/solucoes\/catalogo-de-produtos\/","url":"https:\/\/www.addplus.it\/pt-br\/solucoes\/catalogo-de-produtos\/","name":"Crie um cat\u00e1logos multim\u00eddia para seus produtos | Add plus","isPartOf":{"@id":"https:\/\/www.addplus.it\/pt-br\/#website"},"primaryImageOfPage":{"@id":"https:\/\/www.addplus.it\/pt-br\/solucoes\/catalogo-de-produtos\/#primaryimage"},"image":{"@id":"https:\/\/www.addplus.it\/pt-br\/solucoes\/catalogo-de-produtos\/#primaryimage"},"thumbnailUrl":"https:\/\/www.addplus.it\/wp-content\/uploads\/2021\/08\/creare-un-catalogo-digitale.png","datePublished":"2021-08-05T14:48:53+00:00","dateModified":"2025-11-19T11:29:08+00:00","description":"Com o Add plus, voc\u00ea elimina os custos de impress\u00e3o, compartilhe em alguns cliques e receba feedback sobre seus cat\u00e1logos multim\u00eddia.","breadcrumb":{"@id":"https:\/\/www.addplus.it\/pt-br\/solucoes\/catalogo-de-produtos\/#breadcrumb"},"inLanguage":"pt-BR","potentialAction":[{"@type":"ReadAction","target":["https:\/\/www.addplus.it\/pt-br\/solucoes\/catalogo-de-produtos\/"]}]},{"@type":"ImageObject","inLanguage":"pt-BR","@id":"https:\/\/www.addplus.it\/pt-br\/solucoes\/catalogo-de-produtos\/#primaryimage","url":"https:\/\/www.addplus.it\/wp-content\/uploads\/2021\/08\/creare-un-catalogo-digitale.png","contentUrl":"https:\/\/www.addplus.it\/wp-content\/uploads\/2021\/08\/creare-un-catalogo-digitale.png","width":1273,"height":2564,"caption":"Crie um cat\u00e1logo digital de produtos e \/ ou servi\u00e7os"},{"@type":"BreadcrumbList","@id":"https:\/\/www.addplus.it\/pt-br\/solucoes\/catalogo-de-produtos\/#breadcrumb","itemListElement":[{"@type":"ListItem","position":1,"name":"Home","item":"https:\/\/www.addplus.it\/pt-br\/"},{"@type":"ListItem","position":2,"name":"Solu\u00e7\u00f5es","item":"https:\/\/www.addplus.it\/pt-br\/solucoes\/"},{"@type":"ListItem","position":3,"name":"Cat\u00e1logos multim\u00eddia"}]},{"@type":"WebSite","@id":"https:\/\/www.addplus.it\/pt-br\/#website","url":"https:\/\/www.addplus.it\/pt-br\/","name":"Add plus","description":"Il primo Gestore Multi-link per Professionisti e PMI","publisher":{"@id":"https:\/\/www.addplus.it\/pt-br\/#organization"},"potentialAction":[{"@type":"SearchAction","target":{"@type":"EntryPoint","urlTemplate":"https:\/\/www.addplus.it\/pt-br\/?s={search_term_string}"},"query-input":{"@type":"PropertyValueSpecification","valueRequired":true,"valueName":"search_term_string"}}],"inLanguage":"pt-BR"},{"@type":"Organization","@id":"https:\/\/www.addplus.it\/pt-br\/#organization","name":"Add plus","url":"https:\/\/www.addplus.it\/pt-br\/","logo":{"@type":"ImageObject","inLanguage":"pt-BR","@id":"https:\/\/www.addplus.it\/pt-br\/#\/schema\/logo\/image\/","url":"https:\/\/www.addplus.it\/wp-content\/uploads\/2019\/09\/logo-add-plus.png","contentUrl":"https:\/\/www.addplus.it\/wp-content\/uploads\/2019\/09\/logo-add-plus.png","width":400,"height":300,"caption":"Add plus"},"image":{"@id":"https:\/\/www.addplus.it\/pt-br\/#\/schema\/logo\/image\/"}}]}},"_links":{"self":[{"href":"https:\/\/www.addplus.it\/pt-br\/wp-json\/wp\/v2\/pages\/37962","targetHints":{"allow":["GET"]}}],"collection":[{"href":"https:\/\/www.addplus.it\/pt-br\/wp-json\/wp\/v2\/pages"}],"about":[{"href":"https:\/\/www.addplus.it\/pt-br\/wp-json\/wp\/v2\/types\/page"}],"author":[{"embeddable":true,"href":"https:\/\/www.addplus.it\/pt-br\/wp-json\/wp\/v2\/users\/1"}],"replies":[{"embeddable":true,"href":"https:\/\/www.addplus.it\/pt-br\/wp-json\/wp\/v2\/comments?post=37962"}],"version-history":[{"count":15,"href":"https:\/\/www.addplus.it\/pt-br\/wp-json\/wp\/v2\/pages\/37962\/revisions"}],"predecessor-version":[{"id":73288,"href":"https:\/\/www.addplus.it\/pt-br\/wp-json\/wp\/v2\/pages\/37962\/revisions\/73288"}],"up":[{"embeddable":true,"href":"https:\/\/www.addplus.it\/pt-br\/wp-json\/wp\/v2\/pages\/37941"}],"wp:featuredmedia":[{"embeddable":true,"href":"https:\/\/www.addplus.it\/pt-br\/wp-json\/wp\/v2\/media\/37963"}],"wp:attachment":[{"href":"https:\/\/www.addplus.it\/pt-br\/wp-json\/wp\/v2\/media?parent=37962"}],"curies":[{"name":"wp","href":"https:\/\/api.w.org\/{rel}","templated":true}]}}