{"id":37919,"date":"2020-03-02T12:09:02","date_gmt":"2020-03-02T11:09:02","guid":{"rendered":"https:\/\/www.addplus.it\/modalita-di-pagamento-dei-servizi\/"},"modified":"2021-10-05T11:00:03","modified_gmt":"2021-10-05T09:00:03","slug":"metodos-de-pagamento-por-servicos","status":"publish","type":"page","link":"https:\/\/www.addplus.it\/pt-br\/metodos-de-pagamento-por-servicos\/","title":{"rendered":"M\u00e9todos de pagamento por servi\u00e7os"},"content":{"rendered":"<div class=\"wpb-content-wrapper\"><p>[vc_row][vc_column][vc_column_text]<\/p>\n<h1 class=\"title-h1\" style=\"line-height: 60px;\">Services payment methods.<br \/>\nAltera Fabrica<\/h1>\n<p>[\/vc_column_text][vc_empty_space][vc_column_text]<\/p>\n<h2>CHOOSE HOW TO PAY ALTERA FABRICA SERVICES.<\/h2>\n<p>[\/vc_column_text][vc_column_text]You can choose how to pay using the methods currently active and indicated below:<\/p>\n<ul>\n<li>PAYMENT WITH PAYPAL<br \/>\nIt is the system of more diffused payment in the world and it allows to effect transactions in total safety. If you choose this type of payment, at the end of the order, you will be directed to the PayPal login page. If you do not already have an account, register on the PayPal website by opening your profile: enter your email address and choose the password. The amount of the order will be debited on the account PayPal activating the purchased service. The PayPal platform also allows payment by credit card, managing transactions. In case of cancellation by the Client or in case of missed acceptance of payment by Altera Fabrica, the amount paid can be returned through the same platform. PayPal protects the buyer\u2019s information by adopting its security systems.<\/li>\n<li>PAYMENT BY BANK TRANSFER<br \/>\nIf you choose to pay by bank transfer, using the data communicated at the end of the procedure, the order will NOT be generate contextually to the payment. It will be necessary to wait for the bank inquiry to complete the transfer. The registration and activation procedure of the Service ends after payment verification by sending the confirmation of the transfer receipt, complete with CRO, to the email account <a href=\"mailto:info@addplus.it\" target=\"_blank\" rel=\"noopener noreferrer\">info@addplus.it<\/a>, according to the specifications described in the<a href=\"https:\/\/www.addplus.it\/en\/general-condition\/\" target=\"_blank\" rel=\"noopener noreferrer\"> General conditions of service<\/a>.<\/li>\n<\/ul>\n<p>[\/vc_column_text][\/vc_column][\/vc_row]<\/p>\n<\/div>","protected":false},"excerpt":{"rendered":"<p>[vc_row][vc_column][vc_column_text] Services payment methods. Altera Fabrica [\/vc_column_text][vc_empty_space][vc_column_text] CHOOSE HOW TO PAY ALTERA FABRICA SERVICES. [\/vc_column_text][vc_column_text]You can choose how to pay&#8230;<\/p>\n","protected":false},"author":1,"featured_media":0,"parent":0,"menu_order":0,"comment_status":"closed","ping_status":"closed","template":"","meta":{"footnotes":""},"class_list":["post-37919","page","type-page","status-publish"],"yoast_head":"<!-- This site is optimized with the Yoast SEO plugin v26.7 - https:\/\/yoast.com\/wordpress\/plugins\/seo\/ -->\n<title>M\u00e9todos de pagamento por servi\u00e7os | Add plus<\/title>\n<meta name=\"description\" content=\"Voc\u00ea escolhe como pagar pelos servi\u00e7os da Altera Fabrica. Voc\u00ea pode escolher como pagar com seguran\u00e7a por meio dos m\u00e9todos ativos hoje.\" \/>\n<meta name=\"robots\" content=\"index, follow, max-snippet:-1, max-image-preview:large, max-video-preview:-1\" \/>\n<link rel=\"canonical\" href=\"https:\/\/www.addplus.it\/pt-br\/metodos-de-pagamento-por-servicos\/\" \/>\n<meta property=\"og:locale\" content=\"pt_BR\" \/>\n<meta property=\"og:type\" content=\"article\" \/>\n<meta property=\"og:title\" content=\"M\u00e9todos de pagamento por servi\u00e7os | Add plus\" \/>\n<meta property=\"og:description\" content=\"Voc\u00ea escolhe como pagar pelos servi\u00e7os da Altera Fabrica. Voc\u00ea pode escolher como pagar com seguran\u00e7a por meio dos m\u00e9todos ativos hoje.\" \/>\n<meta property=\"og:url\" content=\"https:\/\/www.addplus.it\/pt-br\/metodos-de-pagamento-por-servicos\/\" \/>\n<meta property=\"og:site_name\" content=\"Add plus\" \/>\n<meta property=\"article:modified_time\" content=\"2021-10-05T09:00:03+00:00\" \/>\n<meta name=\"twitter:card\" content=\"summary_large_image\" \/>\n<meta name=\"twitter:label1\" content=\"Est. tempo de leitura\" \/>\n\t<meta name=\"twitter:data1\" content=\"2 minutos\" \/>\n<script type=\"application\/ld+json\" class=\"yoast-schema-graph\">{\"@context\":\"https:\/\/schema.org\",\"@graph\":[{\"@type\":\"WebPage\",\"@id\":\"https:\/\/www.addplus.it\/pt-br\/metodos-de-pagamento-por-servicos\/\",\"url\":\"https:\/\/www.addplus.it\/pt-br\/metodos-de-pagamento-por-servicos\/\",\"name\":\"M\u00e9todos de pagamento por servi\u00e7os | Add plus\",\"isPartOf\":{\"@id\":\"https:\/\/www.addplus.it\/pt-br\/#website\"},\"datePublished\":\"2020-03-02T11:09:02+00:00\",\"dateModified\":\"2021-10-05T09:00:03+00:00\",\"description\":\"Voc\u00ea escolhe como pagar pelos servi\u00e7os da Altera Fabrica. Voc\u00ea pode escolher como pagar com seguran\u00e7a por meio dos m\u00e9todos ativos hoje.\",\"breadcrumb\":{\"@id\":\"https:\/\/www.addplus.it\/pt-br\/metodos-de-pagamento-por-servicos\/#breadcrumb\"},\"inLanguage\":\"pt-BR\",\"potentialAction\":[{\"@type\":\"ReadAction\",\"target\":[\"https:\/\/www.addplus.it\/pt-br\/metodos-de-pagamento-por-servicos\/\"]}]},{\"@type\":\"BreadcrumbList\",\"@id\":\"https:\/\/www.addplus.it\/pt-br\/metodos-de-pagamento-por-servicos\/#breadcrumb\",\"itemListElement\":[{\"@type\":\"ListItem\",\"position\":1,\"name\":\"Home\",\"item\":\"https:\/\/www.addplus.it\/pt-br\/\"},{\"@type\":\"ListItem\",\"position\":2,\"name\":\"M\u00e9todos de pagamento por servi\u00e7os\"}]},{\"@type\":\"WebSite\",\"@id\":\"https:\/\/www.addplus.it\/pt-br\/#website\",\"url\":\"https:\/\/www.addplus.it\/pt-br\/\",\"name\":\"Add plus\",\"description\":\"Il primo Gestore Multi-link per Professionisti e PMI\",\"publisher\":{\"@id\":\"https:\/\/www.addplus.it\/pt-br\/#organization\"},\"potentialAction\":[{\"@type\":\"SearchAction\",\"target\":{\"@type\":\"EntryPoint\",\"urlTemplate\":\"https:\/\/www.addplus.it\/pt-br\/?s={search_term_string}\"},\"query-input\":{\"@type\":\"PropertyValueSpecification\",\"valueRequired\":true,\"valueName\":\"search_term_string\"}}],\"inLanguage\":\"pt-BR\"},{\"@type\":\"Organization\",\"@id\":\"https:\/\/www.addplus.it\/pt-br\/#organization\",\"name\":\"Add plus\",\"url\":\"https:\/\/www.addplus.it\/pt-br\/\",\"logo\":{\"@type\":\"ImageObject\",\"inLanguage\":\"pt-BR\",\"@id\":\"https:\/\/www.addplus.it\/pt-br\/#\/schema\/logo\/image\/\",\"url\":\"https:\/\/www.addplus.it\/wp-content\/uploads\/2019\/09\/logo-add-plus.png\",\"contentUrl\":\"https:\/\/www.addplus.it\/wp-content\/uploads\/2019\/09\/logo-add-plus.png\",\"width\":400,\"height\":300,\"caption\":\"Add plus\"},\"image\":{\"@id\":\"https:\/\/www.addplus.it\/pt-br\/#\/schema\/logo\/image\/\"}}]}<\/script>\n<!-- \/ Yoast SEO plugin. -->","yoast_head_json":{"title":"M\u00e9todos de pagamento por servi\u00e7os | Add plus","description":"Voc\u00ea escolhe como pagar pelos servi\u00e7os da Altera Fabrica. Voc\u00ea pode escolher como pagar com seguran\u00e7a por meio dos m\u00e9todos ativos hoje.","robots":{"index":"index","follow":"follow","max-snippet":"max-snippet:-1","max-image-preview":"max-image-preview:large","max-video-preview":"max-video-preview:-1"},"canonical":"https:\/\/www.addplus.it\/pt-br\/metodos-de-pagamento-por-servicos\/","og_locale":"pt_BR","og_type":"article","og_title":"M\u00e9todos de pagamento por servi\u00e7os | Add plus","og_description":"Voc\u00ea escolhe como pagar pelos servi\u00e7os da Altera Fabrica. Voc\u00ea pode escolher como pagar com seguran\u00e7a por meio dos m\u00e9todos ativos hoje.","og_url":"https:\/\/www.addplus.it\/pt-br\/metodos-de-pagamento-por-servicos\/","og_site_name":"Add plus","article_modified_time":"2021-10-05T09:00:03+00:00","twitter_card":"summary_large_image","twitter_misc":{"Est. tempo de leitura":"2 minutos"},"schema":{"@context":"https:\/\/schema.org","@graph":[{"@type":"WebPage","@id":"https:\/\/www.addplus.it\/pt-br\/metodos-de-pagamento-por-servicos\/","url":"https:\/\/www.addplus.it\/pt-br\/metodos-de-pagamento-por-servicos\/","name":"M\u00e9todos de pagamento por servi\u00e7os | Add plus","isPartOf":{"@id":"https:\/\/www.addplus.it\/pt-br\/#website"},"datePublished":"2020-03-02T11:09:02+00:00","dateModified":"2021-10-05T09:00:03+00:00","description":"Voc\u00ea escolhe como pagar pelos servi\u00e7os da Altera Fabrica. Voc\u00ea pode escolher como pagar com seguran\u00e7a por meio dos m\u00e9todos ativos hoje.","breadcrumb":{"@id":"https:\/\/www.addplus.it\/pt-br\/metodos-de-pagamento-por-servicos\/#breadcrumb"},"inLanguage":"pt-BR","potentialAction":[{"@type":"ReadAction","target":["https:\/\/www.addplus.it\/pt-br\/metodos-de-pagamento-por-servicos\/"]}]},{"@type":"BreadcrumbList","@id":"https:\/\/www.addplus.it\/pt-br\/metodos-de-pagamento-por-servicos\/#breadcrumb","itemListElement":[{"@type":"ListItem","position":1,"name":"Home","item":"https:\/\/www.addplus.it\/pt-br\/"},{"@type":"ListItem","position":2,"name":"M\u00e9todos de pagamento por servi\u00e7os"}]},{"@type":"WebSite","@id":"https:\/\/www.addplus.it\/pt-br\/#website","url":"https:\/\/www.addplus.it\/pt-br\/","name":"Add plus","description":"Il primo Gestore Multi-link per Professionisti e PMI","publisher":{"@id":"https:\/\/www.addplus.it\/pt-br\/#organization"},"potentialAction":[{"@type":"SearchAction","target":{"@type":"EntryPoint","urlTemplate":"https:\/\/www.addplus.it\/pt-br\/?s={search_term_string}"},"query-input":{"@type":"PropertyValueSpecification","valueRequired":true,"valueName":"search_term_string"}}],"inLanguage":"pt-BR"},{"@type":"Organization","@id":"https:\/\/www.addplus.it\/pt-br\/#organization","name":"Add plus","url":"https:\/\/www.addplus.it\/pt-br\/","logo":{"@type":"ImageObject","inLanguage":"pt-BR","@id":"https:\/\/www.addplus.it\/pt-br\/#\/schema\/logo\/image\/","url":"https:\/\/www.addplus.it\/wp-content\/uploads\/2019\/09\/logo-add-plus.png","contentUrl":"https:\/\/www.addplus.it\/wp-content\/uploads\/2019\/09\/logo-add-plus.png","width":400,"height":300,"caption":"Add plus"},"image":{"@id":"https:\/\/www.addplus.it\/pt-br\/#\/schema\/logo\/image\/"}}]}},"_links":{"self":[{"href":"https:\/\/www.addplus.it\/pt-br\/wp-json\/wp\/v2\/pages\/37919","targetHints":{"allow":["GET"]}}],"collection":[{"href":"https:\/\/www.addplus.it\/pt-br\/wp-json\/wp\/v2\/pages"}],"about":[{"href":"https:\/\/www.addplus.it\/pt-br\/wp-json\/wp\/v2\/types\/page"}],"author":[{"embeddable":true,"href":"https:\/\/www.addplus.it\/pt-br\/wp-json\/wp\/v2\/users\/1"}],"replies":[{"embeddable":true,"href":"https:\/\/www.addplus.it\/pt-br\/wp-json\/wp\/v2\/comments?post=37919"}],"version-history":[{"count":4,"href":"https:\/\/www.addplus.it\/pt-br\/wp-json\/wp\/v2\/pages\/37919\/revisions"}],"predecessor-version":[{"id":39344,"href":"https:\/\/www.addplus.it\/pt-br\/wp-json\/wp\/v2\/pages\/37919\/revisions\/39344"}],"wp:attachment":[{"href":"https:\/\/www.addplus.it\/pt-br\/wp-json\/wp\/v2\/media?parent=37919"}],"curies":[{"name":"wp","href":"https:\/\/api.w.org\/{rel}","templated":true}]}}