{"id":44059,"date":"2023-08-02T15:19:34","date_gmt":"2023-08-02T13:19:34","guid":{"rendered":"https:\/\/www.addplus.it\/?page_id=44059"},"modified":"2025-04-11T11:43:54","modified_gmt":"2025-04-11T09:43:54","slug":"zero-co2","status":"publish","type":"page","link":"https:\/\/www.addplus.it\/en\/zero-co2\/","title":{"rendered":"Zero CO2"},"content":{"rendered":"<div class=\"wpb-content-wrapper\"><p>[vc_row mobile_padding_top=&#8221;35&#8243;][vc_column css=&#8221;.vc_custom_1627300469424{margin-bottom: 80px !important;}&#8221;][vc_column_text css=&#8221;&#8221;]<\/p>\n<h2>Zero CO2, la nostra politica di Neutralit\u00e0 Carbonica.<\/h2>\n<p><em>Guarda il nostro progetto<\/em> <a href=\"https:\/\/qrcode.addplus.it\/user\/view\/NmYxMWFmMjA6MTk0OTI1NDhjMjE6LTdlMmE=\"><img class=\"alignnone wp-image-47232\" src=\"https:\/\/www.addplus.it\/wp-content\/uploads\/2024\/11\/Logo-nEUtra-BiancoBlockfogliablu-300x102.png\" alt=\"\" width=\"94\" height=\"32\" data-wp-editing=\"1\" srcset=\"https:\/\/www.addplus.it\/wp-content\/uploads\/2024\/11\/Logo-nEUtra-BiancoBlockfogliablu-300x102.png 300w, https:\/\/www.addplus.it\/wp-content\/uploads\/2024\/11\/Logo-nEUtra-BiancoBlockfogliablu.png 561w\" sizes=\"(max-width: 94px) 100vw, 94px\" \/><\/a> <em>contattaci se vuoi saperne di pi\u00f9.<\/em><\/p>\n<p>Operare in modo sostenibile per noi significa utilizzare le risorse di cui necessita la nostra attivit\u00e0 in modo da non compromettere il fabbisogno delle future generazioni, rispettando le persone, l\u2019ambiente e della collettivit\u00e0.<\/p>\n<p>Come azienda, nel nostro piccolo, cerchiamo di contenere le emissioni di gas serra adottando scelte sostenibili. I data server sono da sempre fonte di emissione di CO2 per questo sin dal principio per la nostra piattaforma abbiamo scelto di utilizzare tecnologie alimentate ad energia prodotta da fonti rinnovabili (<a href=\"https:\/\/www.hetzner.com\/unternehmen\/umweltschutz\">Hetzner provider<\/a>) azzerando cos\u00ec l&#8217;impronta carbonica a queste associate per l&#8217;offerta dei nostri servizi digitali. Utilizziamo veicoli a propulsione ibrida\/elettrica, non stampiamo su supporti cartacei ed evitiamo sprechi in generale. Tuttavia non riusciamo a neutralizzare la nostra impronta carbonica complessiva e per questo acquistiamo Crediti di Carbonio certificati sostenendo progetti a nostro giudizio meritevoli di attenzione.<\/p>\n<p>Per l&#8217;anno 2024 il nostro sostegno per la riduzione di emissione di CO2 \u00e8 stato indirizzato ai seguenti:<br \/>\n&#8211; <a href=\"https:\/\/registry.verra.org\/app\/projectDetail\/VCS\/1851\" target=\"_blank\" rel=\"noopener\">Renewable Solar Power Project, India; (-1767281 tCO2e)<\/a><br \/>\n&#8211; <a href=\"https:\/\/registry.verra.org\/app\/projectDetail\/VCS\/909\" target=\"_blank\" rel=\"noopener\">Grid Connected Wind Power Project, Bengalore; (-54105 tCO2e)<\/a><br \/>\n&#8211; <a href=\"https:\/\/registry.verra.org\/app\/projectDetail\/VCS\/3308\" target=\"_blank\" rel=\"noopener\">Dongyuan Xiantang Landfill Gas Power Generation, China. (-99589 tCO2e year)<\/a><\/p>\n<p>Per l&#8217;anno 2023 il nostro sostegno per la riduzione di emissione di CO2 \u00e8 stato indirizzato ai seguenti:<br \/>\n&#8211; <a href=\"https:\/\/registry.verra.org\/app\/projectDetail\/VCS\/1622\" target=\"_blank\" rel=\"noopener\">The Conservation Coast, Guatemala; (-728161 tCO2e)<\/a><br \/>\n&#8211; <a href=\"https:\/\/registry.verra.org\/app\/projectDetail\/VCS\/1644\" target=\"_blank\" rel=\"noopener\">Larimar Wind Farm Project, Dominican Republic; (97.8 MW)<\/a><br \/>\n&#8211; <a href=\"https:\/\/registry.verra.org\/app\/projectDetail\/VCS\/1289\" target=\"_blank\" rel=\"noopener\">Talas De Maciel 2 Wind Farm, Uruguay. (-119,427 tCO2e year)<\/a><\/p>\n<p>Per l&#8217;anno 2022 il nostro sostegno per la riduzione di emissione di CO2 \u00e8 stato indirizzato ai seguenti:<br \/>\n&#8211; <a href=\"https:\/\/addtr.ee\/7504\" target=\"_blank\" rel=\"noopener\">Wind project in Maharashtra, India; (-3 364,217 tCO2e year)<\/a><br \/>\n&#8211; <a href=\"https:\/\/addtr.ee\/9299\" target=\"_blank\" rel=\"noopener\">Hydroelectric project in Trabzon, T\u00fcrkiye; (-31.405 tCO2e year)<\/a><br \/>\n&#8211; <a href=\"https:\/\/addtr.ee\/4289\" target=\"_blank\" rel=\"noopener\">Photovoltaic project in 30 provinces, China. (-302,268 tCO2e n year)<\/a><\/p>\n<p>Noi abbiamo intrapreso il nostro percorso per la sostenibilit\u00e0 ambientale e la neutralizzazione della nostra impronta carbonica.<\/p>\n<p><strong>E&#8217; ora che inizi anche tu facendo le giuste scelte.<\/strong>[\/vc_column_text][\/vc_column][vc_column width=&#8221;1\/2&#8243; el_id=&#8221;addplus-accordion&#8221;][vc_tta_accordion color=&#8221;green&#8221; gap=&#8221;10&#8243; autoplay=&#8221;10&#8243; c_icon=&#8221;outlined_rounded&#8221; active_section=&#8221;1&#8243;][vc_tta_section title=&#8221;I DIRITTI UMANI&#8221; tab_id=&#8221;1627293131816-879aa709-631c&#8221;][vc_column_text]Il rispetto dei Diritti Umani, internazionalmente riconosciuti, \u00e8 un paradigma ineludibile nella conduzione delle nostre attivit\u00e0 ed un impegno prioritario che assumiamo quando valutiamo la scelta dei nostri partner e dei fornitori. Un diritto \u00e8 un diritto di chiunque e per chiunque, occorre difenderlo perch\u00e9 sono i chiunque che fanno la vera differenza.[\/vc_column_text][\/vc_tta_section][vc_tta_section title=&#8221;LE COMUNITA&#8217; LOCALI&#8221; tab_id=&#8221;1627293131833-27307ab9-8394&#8243;][vc_column_text]Nella nostra azione quotidiana rispettiamo le Comunit\u00e0 Locali \u2026 e ci parliamo perch\u00e9 \u00e8 da quella fonte che attingiamo per ispirarci nei nostri progetti, per le nostre innovazioni, e nel nostro andare oltre. Senza quei valori multipli e variegati la nostra creativit\u00e0 sarebbe povera, misera e senza prospettiva. Ne siamo direttamente pervasi e con ostinato egoismo vogliamo preservarli.<\/p>\n<div id=\"gtx-trans\" style=\"position: absolute; left: -61px; top: -16px;\">\n<div class=\"gtx-trans-icon\"><\/div>\n<\/div>\n<p>[\/vc_column_text][\/vc_tta_section][vc_tta_section title=&#8221;CLIMA E CO2&#8243; tab_id=&#8221;1627295326110-b46b4972-79ed&#8221;][vc_column_text]Perseguire obiettivi di Sostenibilit\u00e0 per noi significa migliorare, e migliorando noi stessi miglioriamo ci\u00f2 che ci sta intorno e non per ragioni di reputazione ma per semplice convinzione. Questo problema lo creiamo noi e spetta a tutti noi risolverlo al meglio delle nostre possibilit\u00e0, dei nostri mezzi e delle nostre risorse. Zero CO2 \u00e8 la politica di risoluzione che abbiamo deciso di adottare, avendo come costante obiettivo l&#8217;azzeramento della nostra Impronta Carbonica.[\/vc_column_text][\/vc_tta_section][vc_tta_section title=&#8221;LA BIODIVERSITA'&#8221; tab_id=&#8221;1627298495476-bb13b064-df71&#8243;][vc_column_text]Le nostre attivit\u00e0 non incidono direttamente su habitat critici, aree protette e aree a elevato valore di biodiversit\u00e0 (KBA, Key Biodiversity Areas). Tuttavia queste rappresentano per noi un impegno di attenzione costante affinch\u00e9 la conservazione della biodiversit\u00e0 e dei servizi ecosistemici sia una priorit\u00e0 anche per i nostri fornitori che scegliamo valutandone anche l&#8217;adesione a questi stessi principi.<\/p>\n<div id=\"gtx-trans\" style=\"position: absolute; left: -9px; top: -16px;\">\n<div class=\"gtx-trans-icon\"><\/div>\n<\/div>\n<p>[\/vc_column_text][\/vc_tta_section][\/vc_tta_accordion][\/vc_column][vc_column width=&#8221;1\/2&#8243; el_class=&#8221;img-carbon&#8221;]<div class=\"centered-box gem-image-centered-box\" ><div class=\"gem-image gem-wrapbox gem-wrapbox-style-default gem-wrapbox-position-centered lazy-loading  thegem-custom-69e76e8d3a9cc3812\"  data-ll-item-delay=\"0.3\" style=\"width: 510px;\" ><div class=\"gem-wrapbox-inner  lazy-loading-item\"  data-ll-effect=\"move-up\"><img class=\"gem-wrapbox-element img-responsive\" src=\"https:\/\/www.addplus.it\/wp-content\/uploads\/2023\/08\/landing-logo-addplus.png\" alt=\"Zero CO2\"\/><\/div><\/div><\/div>[\/vc_column][\/vc_row][vc_row full_width=&#8221;stretch_row&#8221; css=&#8221;.vc_custom_1627291980734{padding-top: 180px !important;padding-bottom: 50px !important;background-image: url(https:\/\/www.addplus.it\/wp-content\/uploads\/2021\/07\/Sfondo-call-pre-footer.png?id=37196) !important;background-position: center !important;background-repeat: no-repeat !important;background-size: cover !important;}&#8221;][vc_column][vc_column_text]<\/p>\n<h3 style=\"text-align: center;\"><span style=\"color: #ffffff;\">I tuoi Media Kit ti stanno aspettando.<\/span><\/h3>\n<p>[\/vc_column_text][vc_row_inner][vc_column_inner width=&#8221;1\/4&#8243; offset=&#8221;vc_hidden-sm vc_hidden-xs&#8221;][\/vc_column_inner][vc_column_inner width=&#8221;1\/2&#8243; offset=&#8221;vc_col-lg-3 vc_col-md-3&#8243;]<style type=\"text\/css\">.thegem-button-69e76e8d3ac998336.lazy-loading-before-start-animation .lazy-loading-item {opacity: 0;} body.thegem-effects-disabled .thegem-button-69e76e8d3ac998336.lazy-loading-before-start-animation .lazy-loading-item {opacity: 1;}<\/style><style type=\"text\/css\">.thegem-button-69e76e8d3ac998336 .gem-button svg {fill: #ffffff;}.thegem-button-69e76e8d3ac998336 .gem-button:hover svg {fill: #8494c8;}<\/style><div class=\"gem-button-container gem-button-position-center thegem-button-69e76e8d3ac998336     lazy-loading lazy-loading-before-start-animation\"  ><a title=\"Soluzioni\" class=\"gem-button gem-button-size-medium gem-button-style-outline gem-button-text-weight-normal gem-button-border-2 lazy-loading-item\" data-ll-effect=\"drop-right-without-wrap\" style=\"border-radius: 8px;border-color: #ffffff;color: #ffffff;\" onmouseleave=\"this.style.borderColor='#ffffff';this.style.backgroundColor='transparent';this.style.color='#ffffff';\" onmouseenter=\"this.style.backgroundColor='#ffffff';this.style.color='#8494c8';\" href=\"https:\/\/www.addplus.it\/soluzioni\/\" target=\"_blank\">Scopri le soluzioni<\/a><\/div> [\/vc_column_inner][vc_column_inner width=&#8221;1\/2&#8243; offset=&#8221;vc_col-lg-3 vc_col-md-3&#8243;]<style type=\"text\/css\">.thegem-button-69e76e8d3ad057045.lazy-loading-before-start-animation .lazy-loading-item {opacity: 0;} body.thegem-effects-disabled .thegem-button-69e76e8d3ad057045.lazy-loading-before-start-animation .lazy-loading-item {opacity: 1;}<\/style><style type=\"text\/css\">.thegem-button-69e76e8d3ad057045 .gem-button svg {fill: #8494c8;}.thegem-button-69e76e8d3ad057045 .gem-button:hover svg {fill: #556599;}<\/style><div class=\"gem-button-container gem-button-position-center thegem-button-69e76e8d3ad057045     lazy-loading lazy-loading-before-start-animation\"  ><a class=\"gem-button gem-button-size-medium gem-button-style-flat gem-button-text-weight-normal lazy-loading-item\" data-ll-effect=\"drop-right-without-wrap\" style=\"border-radius: 8px;background-color: #ffffff;color: #8494c8;\" onmouseleave=\"this.style.backgroundColor='#ffffff';this.style.color='#8494c8';\" onmouseenter=\"this.style.backgroundColor='#ffffff';this.style.color='#556599';\" href=\"https:\/\/qrcode.addplus.it\/public\/registra\" target=\"_blank\">Registrati gratis<\/a><\/div> [\/vc_column_inner][vc_column_inner width=&#8221;1\/4&#8243; offset=&#8221;vc_hidden-sm vc_hidden-xs&#8221;][\/vc_column_inner][\/vc_row_inner][\/vc_column][\/vc_row]<\/p>\n<\/div>","protected":false},"excerpt":{"rendered":"<p>[vc_row mobile_padding_top=&#8221;35&#8243;][vc_column css=&#8221;.vc_custom_1627300469424{margin-bottom: 80px !important;}&#8221;][vc_column_text css=&#8221;&#8221;] Zero CO2, la nostra politica di Neutralit\u00e0 Carbonica. Guarda il nostro progetto contattaci se&#8230;<\/p>\n","protected":false},"author":1,"featured_media":0,"parent":0,"menu_order":0,"comment_status":"closed","ping_status":"closed","template":"","meta":{"footnotes":""},"class_list":["post-44059","page","type-page","status-publish"],"yoast_head":"<!-- This site is optimized with the Yoast SEO plugin v26.7 - https:\/\/yoast.com\/wordpress\/plugins\/seo\/ -->\n<title>Zero CO2, la nostra politica di Neutralit\u00e0 Carbonica | Add plus<\/title>\n<meta name=\"description\" content=\"Abbiamo intrapreso il nostro percorso per la sostenibilit\u00e0 ambientale e la neutralizzazione della nostra impronta carbonica.\" \/>\n<meta name=\"robots\" content=\"index, follow, max-snippet:-1, max-image-preview:large, max-video-preview:-1\" \/>\n<link rel=\"canonical\" href=\"https:\/\/www.addplus.it\/en\/zero-co2\/\" \/>\n<meta property=\"og:locale\" content=\"en_US\" \/>\n<meta property=\"og:type\" content=\"article\" \/>\n<meta property=\"og:title\" content=\"Zero CO2, la nostra politica di Neutralit\u00e0 Carbonica | Add plus\" \/>\n<meta property=\"og:description\" content=\"Abbiamo intrapreso il nostro percorso per la sostenibilit\u00e0 ambientale e la neutralizzazione della nostra impronta carbonica.\" \/>\n<meta property=\"og:url\" content=\"https:\/\/www.addplus.it\/en\/zero-co2\/\" \/>\n<meta property=\"og:site_name\" content=\"Add plus\" \/>\n<meta property=\"article:modified_time\" content=\"2025-04-11T09:43:54+00:00\" \/>\n<meta property=\"og:image\" content=\"https:\/\/www.addplus.it\/wp-content\/uploads\/2024\/11\/Logo-nEUtra-BiancoBlockfogliablu.png\" \/>\n\t<meta property=\"og:image:width\" content=\"561\" \/>\n\t<meta property=\"og:image:height\" content=\"190\" \/>\n\t<meta property=\"og:image:type\" content=\"image\/png\" \/>\n<meta name=\"twitter:card\" content=\"summary_large_image\" \/>\n<meta name=\"twitter:label1\" content=\"Est. reading time\" \/>\n\t<meta name=\"twitter:data1\" content=\"4 minutes\" \/>\n<script type=\"application\/ld+json\" class=\"yoast-schema-graph\">{\"@context\":\"https:\/\/schema.org\",\"@graph\":[{\"@type\":\"WebPage\",\"@id\":\"https:\/\/www.addplus.it\/en\/zero-co2\/\",\"url\":\"https:\/\/www.addplus.it\/en\/zero-co2\/\",\"name\":\"Zero CO2, la nostra politica di Neutralit\u00e0 Carbonica | Add plus\",\"isPartOf\":{\"@id\":\"https:\/\/www.addplus.it\/en\/#website\"},\"primaryImageOfPage\":{\"@id\":\"https:\/\/www.addplus.it\/en\/zero-co2\/#primaryimage\"},\"image\":{\"@id\":\"https:\/\/www.addplus.it\/en\/zero-co2\/#primaryimage\"},\"thumbnailUrl\":\"https:\/\/www.addplus.it\/wp-content\/uploads\/2024\/11\/Logo-nEUtra-BiancoBlockfogliablu-300x102.png\",\"datePublished\":\"2023-08-02T13:19:34+00:00\",\"dateModified\":\"2025-04-11T09:43:54+00:00\",\"description\":\"Abbiamo intrapreso il nostro percorso per la sostenibilit\u00e0 ambientale e la neutralizzazione della nostra impronta carbonica.\",\"breadcrumb\":{\"@id\":\"https:\/\/www.addplus.it\/en\/zero-co2\/#breadcrumb\"},\"inLanguage\":\"en-US\",\"potentialAction\":[{\"@type\":\"ReadAction\",\"target\":[\"https:\/\/www.addplus.it\/en\/zero-co2\/\"]}]},{\"@type\":\"ImageObject\",\"inLanguage\":\"en-US\",\"@id\":\"https:\/\/www.addplus.it\/en\/zero-co2\/#primaryimage\",\"url\":\"https:\/\/www.addplus.it\/wp-content\/uploads\/2024\/11\/Logo-nEUtra-BiancoBlockfogliablu-300x102.png\",\"contentUrl\":\"https:\/\/www.addplus.it\/wp-content\/uploads\/2024\/11\/Logo-nEUtra-BiancoBlockfogliablu-300x102.png\"},{\"@type\":\"BreadcrumbList\",\"@id\":\"https:\/\/www.addplus.it\/en\/zero-co2\/#breadcrumb\",\"itemListElement\":[{\"@type\":\"ListItem\",\"position\":1,\"name\":\"Home\",\"item\":\"https:\/\/www.addplus.it\/en\/\"},{\"@type\":\"ListItem\",\"position\":2,\"name\":\"Zero CO2\"}]},{\"@type\":\"WebSite\",\"@id\":\"https:\/\/www.addplus.it\/en\/#website\",\"url\":\"https:\/\/www.addplus.it\/en\/\",\"name\":\"Add plus\",\"description\":\"Il primo Gestore Multi-link per Professionisti e PMI\",\"publisher\":{\"@id\":\"https:\/\/www.addplus.it\/en\/#organization\"},\"potentialAction\":[{\"@type\":\"SearchAction\",\"target\":{\"@type\":\"EntryPoint\",\"urlTemplate\":\"https:\/\/www.addplus.it\/en\/?s={search_term_string}\"},\"query-input\":{\"@type\":\"PropertyValueSpecification\",\"valueRequired\":true,\"valueName\":\"search_term_string\"}}],\"inLanguage\":\"en-US\"},{\"@type\":\"Organization\",\"@id\":\"https:\/\/www.addplus.it\/en\/#organization\",\"name\":\"Add plus\",\"url\":\"https:\/\/www.addplus.it\/en\/\",\"logo\":{\"@type\":\"ImageObject\",\"inLanguage\":\"en-US\",\"@id\":\"https:\/\/www.addplus.it\/en\/#\/schema\/logo\/image\/\",\"url\":\"https:\/\/www.addplus.it\/wp-content\/uploads\/2019\/09\/logo-add-plus.png\",\"contentUrl\":\"https:\/\/www.addplus.it\/wp-content\/uploads\/2019\/09\/logo-add-plus.png\",\"width\":400,\"height\":300,\"caption\":\"Add plus\"},\"image\":{\"@id\":\"https:\/\/www.addplus.it\/en\/#\/schema\/logo\/image\/\"}}]}<\/script>\n<!-- \/ Yoast SEO plugin. -->","yoast_head_json":{"title":"Zero CO2, la nostra politica di Neutralit\u00e0 Carbonica | Add plus","description":"Abbiamo intrapreso il nostro percorso per la sostenibilit\u00e0 ambientale e la neutralizzazione della nostra impronta carbonica.","robots":{"index":"index","follow":"follow","max-snippet":"max-snippet:-1","max-image-preview":"max-image-preview:large","max-video-preview":"max-video-preview:-1"},"canonical":"https:\/\/www.addplus.it\/en\/zero-co2\/","og_locale":"en_US","og_type":"article","og_title":"Zero CO2, la nostra politica di Neutralit\u00e0 Carbonica | Add plus","og_description":"Abbiamo intrapreso il nostro percorso per la sostenibilit\u00e0 ambientale e la neutralizzazione della nostra impronta carbonica.","og_url":"https:\/\/www.addplus.it\/en\/zero-co2\/","og_site_name":"Add plus","article_modified_time":"2025-04-11T09:43:54+00:00","og_image":[{"width":561,"height":190,"url":"https:\/\/www.addplus.it\/wp-content\/uploads\/2024\/11\/Logo-nEUtra-BiancoBlockfogliablu.png","type":"image\/png"}],"twitter_card":"summary_large_image","twitter_misc":{"Est. reading time":"4 minutes"},"schema":{"@context":"https:\/\/schema.org","@graph":[{"@type":"WebPage","@id":"https:\/\/www.addplus.it\/en\/zero-co2\/","url":"https:\/\/www.addplus.it\/en\/zero-co2\/","name":"Zero CO2, la nostra politica di Neutralit\u00e0 Carbonica | Add plus","isPartOf":{"@id":"https:\/\/www.addplus.it\/en\/#website"},"primaryImageOfPage":{"@id":"https:\/\/www.addplus.it\/en\/zero-co2\/#primaryimage"},"image":{"@id":"https:\/\/www.addplus.it\/en\/zero-co2\/#primaryimage"},"thumbnailUrl":"https:\/\/www.addplus.it\/wp-content\/uploads\/2024\/11\/Logo-nEUtra-BiancoBlockfogliablu-300x102.png","datePublished":"2023-08-02T13:19:34+00:00","dateModified":"2025-04-11T09:43:54+00:00","description":"Abbiamo intrapreso il nostro percorso per la sostenibilit\u00e0 ambientale e la neutralizzazione della nostra impronta carbonica.","breadcrumb":{"@id":"https:\/\/www.addplus.it\/en\/zero-co2\/#breadcrumb"},"inLanguage":"en-US","potentialAction":[{"@type":"ReadAction","target":["https:\/\/www.addplus.it\/en\/zero-co2\/"]}]},{"@type":"ImageObject","inLanguage":"en-US","@id":"https:\/\/www.addplus.it\/en\/zero-co2\/#primaryimage","url":"https:\/\/www.addplus.it\/wp-content\/uploads\/2024\/11\/Logo-nEUtra-BiancoBlockfogliablu-300x102.png","contentUrl":"https:\/\/www.addplus.it\/wp-content\/uploads\/2024\/11\/Logo-nEUtra-BiancoBlockfogliablu-300x102.png"},{"@type":"BreadcrumbList","@id":"https:\/\/www.addplus.it\/en\/zero-co2\/#breadcrumb","itemListElement":[{"@type":"ListItem","position":1,"name":"Home","item":"https:\/\/www.addplus.it\/en\/"},{"@type":"ListItem","position":2,"name":"Zero CO2"}]},{"@type":"WebSite","@id":"https:\/\/www.addplus.it\/en\/#website","url":"https:\/\/www.addplus.it\/en\/","name":"Add plus","description":"Il primo Gestore Multi-link per Professionisti e PMI","publisher":{"@id":"https:\/\/www.addplus.it\/en\/#organization"},"potentialAction":[{"@type":"SearchAction","target":{"@type":"EntryPoint","urlTemplate":"https:\/\/www.addplus.it\/en\/?s={search_term_string}"},"query-input":{"@type":"PropertyValueSpecification","valueRequired":true,"valueName":"search_term_string"}}],"inLanguage":"en-US"},{"@type":"Organization","@id":"https:\/\/www.addplus.it\/en\/#organization","name":"Add plus","url":"https:\/\/www.addplus.it\/en\/","logo":{"@type":"ImageObject","inLanguage":"en-US","@id":"https:\/\/www.addplus.it\/en\/#\/schema\/logo\/image\/","url":"https:\/\/www.addplus.it\/wp-content\/uploads\/2019\/09\/logo-add-plus.png","contentUrl":"https:\/\/www.addplus.it\/wp-content\/uploads\/2019\/09\/logo-add-plus.png","width":400,"height":300,"caption":"Add plus"},"image":{"@id":"https:\/\/www.addplus.it\/en\/#\/schema\/logo\/image\/"}}]}},"_links":{"self":[{"href":"https:\/\/www.addplus.it\/en\/wp-json\/wp\/v2\/pages\/44059","targetHints":{"allow":["GET"]}}],"collection":[{"href":"https:\/\/www.addplus.it\/en\/wp-json\/wp\/v2\/pages"}],"about":[{"href":"https:\/\/www.addplus.it\/en\/wp-json\/wp\/v2\/types\/page"}],"author":[{"embeddable":true,"href":"https:\/\/www.addplus.it\/en\/wp-json\/wp\/v2\/users\/1"}],"replies":[{"embeddable":true,"href":"https:\/\/www.addplus.it\/en\/wp-json\/wp\/v2\/comments?post=44059"}],"version-history":[{"count":6,"href":"https:\/\/www.addplus.it\/en\/wp-json\/wp\/v2\/pages\/44059\/revisions"}],"predecessor-version":[{"id":57673,"href":"https:\/\/www.addplus.it\/en\/wp-json\/wp\/v2\/pages\/44059\/revisions\/57673"}],"wp:attachment":[{"href":"https:\/\/www.addplus.it\/en\/wp-json\/wp\/v2\/media?parent=44059"}],"curies":[{"name":"wp","href":"https:\/\/api.w.org\/{rel}","templated":true}]}}